{"id":8921,"date":"2021-11-25T14:32:33","date_gmt":"2021-11-25T13:32:33","guid":{"rendered":"https:\/\/baiadomizia.attivamultimedia.com\/cookies-policy\/"},"modified":"2021-11-25T14:40:54","modified_gmt":"2021-11-25T13:40:54","slug":"cookies-policy","status":"publish","type":"page","link":"https:\/\/www.baiadomizia.it\/fr\/cookies-policy\/","title":{"rendered":"Cookies policy"},"content":{"rendered":"\t\t<div data-elementor-type=\"wp-page\" data-elementor-id=\"8921\" class=\"elementor elementor-8921 elementor-8845\" data-elementor-post-type=\"page\">\n\t\t\t\t\t\t<section class=\"elementor-section elementor-top-section elementor-element elementor-element-6ca8249b elementor-section-boxed elementor-section-height-default elementor-section-height-default\" data-id=\"6ca8249b\" data-element_type=\"section\" data-e-type=\"section\">\n\t\t\t\t\t\t<div class=\"elementor-container elementor-column-gap-wider\">\n\t\t\t\t\t<div class=\"elementor-column elementor-col-100 elementor-top-column elementor-element elementor-element-3be68d1f\" data-id=\"3be68d1f\" data-element_type=\"column\" data-e-type=\"column\">\n\t\t\t<div class=\"elementor-widget-wrap elementor-element-populated\">\n\t\t\t\t\t\t<div class=\"elementor-element elementor-element-a89aead elementor-widget elementor-widget-spacer\" data-id=\"a89aead\" data-element_type=\"widget\" data-e-type=\"widget\" data-widget_type=\"spacer.default\">\n\t\t\t\t<div class=\"elementor-widget-container\">\n\t\t\t\t\t\t\t<div class=\"elementor-spacer\">\n\t\t\t<div class=\"elementor-spacer-inner\"><\/div>\n\t\t<\/div>\n\t\t\t\t\t\t<\/div>\n\t\t\t\t<\/div>\n\t\t\t\t<div class=\"elementor-element elementor-element-c16cd78 elementor-widget elementor-widget-heading\" data-id=\"c16cd78\" data-element_type=\"widget\" data-e-type=\"widget\" data-widget_type=\"heading.default\">\n\t\t\t\t<div class=\"elementor-widget-container\">\n\t\t\t\t\t<h2 class=\"elementor-heading-title elementor-size-default\">Informations sur les Cookies<\/h2>\t\t\t\t<\/div>\n\t\t\t\t<\/div>\n\t\t\t\t<div class=\"elementor-element elementor-element-58181604 elementor-widget elementor-widget-text-editor\" data-id=\"58181604\" data-element_type=\"widget\" data-e-type=\"widget\" data-widget_type=\"text-editor.default\">\n\t\t\t\t<div class=\"elementor-widget-container\">\n\t\t\t\t\t\t\t\t\t<p><strong>Que sont les cookies<\/strong><\/p>\n<p>Un \u00ab\u00a0cookie\u00a0\u00bb est un fichier sauvegard\u00e9 dans l\u2019ordinateur de l&rsquo;utilisateur au moment o\u00f9 il acc\u00e8de \u00e0 un site web, dans le but de fournir des informations toutes les fois o\u00f9 l&rsquo;utilisateur revient sur le m\u00eame site. C\u2019est une sorte de m\u00e9mo de la page internet visit\u00e9e. Avec le cookie, le serveur web envoie des informations au navigateur de l&rsquo;utilisateur (Internet Explorer, Mozilla Firefox, Google Chrome, etc.) m\u00e9moris\u00e9es sur l\u2019ordinateur de ce dernier, et elles seront relues et mises \u00e0 jour toutes les fois o\u00f9 l&rsquo;utilisateur retournera sur le site. De cette fa\u00e7on, le site web peut s\u2019adapter automatiquement \u00e0 l&rsquo;utilisateur. Pendant la navigation, l&rsquo;utilisateur pourra recevoir sur son dispositif des cookies provenant d\u2019autres sites (cookies de \u00ab\u00a0tierces parties\u00a0\u00bb), r\u00e9gl\u00e9s directement par les gestionnaires desdits sites web et utilis\u00e9s pour les finalit\u00e9s et selon les modalit\u00e9s d\u00e9finies par ces derniers.<\/p>\n<p>En fonction de leur dur\u00e9e, ils se divisent en cookies de sessions (soit les cookies temporaires et automatiquement effac\u00e9s par le dispositif au terme de la session de navigation, \u00e0 la fermeture du navigateur) et en cookies persistants (soit les cookies qui restent m\u00e9moris\u00e9s sur le dispositif jusqu\u2019\u00e0 leur \u00e9ch\u00e9ance ou suppression de la part de l&rsquo;utilisateur).<\/p>\n<p>Selon leurs fonction et finalit\u00e9 d\u2019utilisation, les cookies peuvent \u00eatre r\u00e9partis en cookies techniques et cookies de profilage.<\/p>\n<p><strong>Cookies techniques<\/strong><\/p>\n<p>Certains cookies sont utilis\u00e9s pour effectuer des authentifications informatiques, suivi de sessions et m\u00e9morisation d\u2019informations sp\u00e9cifique sur les utilisateurs qui acc\u00e8dent \u00e0 une page web. Ces cookies, appel\u00e9s cookies techniques, sont souvent utiles pour permettre de naviguer sur un site web et en utiliser toutes les fonctionnalit\u00e9s. Les cookies techniques sont ceux dont l\u2019utilisation ne n\u00e9cessite pas du consentement de l&rsquo;utilisateur.<\/p>\n<p>Dans cette cat\u00e9gorie, on compte \u00e9galement les cookies analytiques. Il s\u2019agit de cookies qui r\u00e9coltent des informations quant \u00e0 l\u2019utilisation qu\u2019un utilisateur fait d\u2019un site web et qui permettent d\u2019en am\u00e9liorer le fonctionnement. Par exemple, les cookies analytiques montrent quelles sont les pages les plus fr\u00e9quemment visit\u00e9es, et ils permettent de v\u00e9rifier quels sont les sch\u00e9mas habituels d\u2019utilisation d\u2019un site web et aident \u00e0 comprendre chaque difficult\u00e9 que l&rsquo;utilisateur rencontre dans le cadre de l\u2019utilisation.<\/p>\n<p><strong>Cookie de profilage<\/strong><\/p>\n<p>D\u2019autres cookies peuvent en revanche \u00eatre utilis\u00e9s pour le suivi et le profilage des utilisateurs durant la navigation, pour \u00e9tudier leurs mouvements et habitudes de consultation du web ou de consommation (ce qu\u2019ils ach\u00e8tent, ce qu\u2019ils lisent, etc.), dans le but \u00e9galement d\u2019envoyer des publicit\u00e9s de services correspondants et personnalis\u00e9s. On parle dans ce cas de cookies de profilage. L&rsquo;utilisation desdits cookies n\u00e9cessite l&rsquo;acquisition pr\u00e9ventive de l\u2019autorisation libre et \u00e9clair\u00e9 de l&rsquo;utilisateur en vertu de l&rsquo;art. 7 du r\u00e8glement UE 2016\/679.<\/p>\n<p><strong>Cookies de tierces parties<\/strong><\/p>\n<p>Il se peut aussi qu\u2019une page web contienne des cookies provenant d\u2019autres sites et contenus dans diff\u00e9rents \u00e9l\u00e9ments apparaissant sur la page, comme par exemple des banni\u00e8res publicitaires, des images, des vid\u00e9os, des cartes ou des liens sp\u00e9cifiques \u00e0 des pages web d\u2019autres domaines qui se trouvent sur des serveurs diff\u00e9rents de celui sur lequel se trouve la page demand\u00e9e. En d\u2019autres mots, ces cookies sont d\u00e9finis directement par les gestionnaires de sites web ou des serveurs diff\u00e9rents de celui du site web visit\u00e9. Dans ce cas, ces cookies sont appel\u00e9s cookies de tierces parties, qui sont d\u2019habitude utilis\u00e9s \u00e0 des fins de profilage. L&rsquo;utilisation de ces cookies n\u00e9cessite l&rsquo;acquisition pr\u00e9ventive du consentement libre et \u00e9clair\u00e9 de l&rsquo;utilisateur.<\/p>\n<p><strong>Types de cookies utilis\u00e9s par notre site<\/strong><\/p>\n<p>Les fonctions principales des cookies install\u00e9s par www.baiadomizia.it sont techniques, elles sont utilis\u00e9es pour am\u00e9liorer constamment le service, pour l&rsquo;authentification, \u00e0 des fins de statistique, comme le comptage des visites au site. L&rsquo;utilisation de cookies est donc strictement finalis\u00e9e \u00e0 faciliter les fonctions du serveur durant la navigation du service.<\/p>\n<p>Le site permet par ailleurs l&rsquo;envoi des cookies suivants de parties tierces. Ces cookies ne sont pas des instruments sous notre responsabilit\u00e9, par cons\u00e9quent, pour de plus amples informations, il est possible d\u2019acc\u00e9der \u00e0 la note d&rsquo;information et aux modules d\u2019acquisition du consentement des parties tierces, en cliquant sur les liens indiqu\u00e9s.<\/p>\n<p>Pour am\u00e9liorer le site web et comprendre quelles parties ou \u00e9l\u00e9ments sont le plus appr\u00e9ci\u00e9s par les utilisateurs, on utilise comme instrument d\u2019analyse anonyme et agr\u00e9g\u00e9e les cookies de partie tierce de Google Analytics. Ces cookies ne sont pas des instruments sous notre responsabilit\u00e9, par cons\u00e9quent, pour de plus amples informations, il est possible de consulter la note d\u2019information fournie par <a href=\"http:\/\/www.google.it\/policies\/privacy\/partners\/\">Google<\/a><a href=\"http:\/\/www.google.it\/policies\/privacy\/partners\/\">.<\/a><\/p>\n<p>Les pages du site web incorporent certains widget et boutons de partage de Facebook et Google Plus, pour permettre \u00e0 l&rsquo;utilisateur de partager les contenus site web sur ses propres canaux de r\u00e9seaux sociaux, et d\u2019interagir avec nos canaux. Ces cookies ne sont pas des instruments sous notre responsabilit\u00e9, mais sont cr\u00e9\u00e9s respectivement par Facebook et Google lorsque le widget ou bouton de partage respectif est utilis\u00e9. Pour en savoir plus, visiter les pages d\u2019informations suivantes\u00a0: <a href=\"https:\/\/www.facebook.com\/help\/cookies\/\">Facebook<\/a> <a href=\"https:\/\/www.facebook.com\/help\/cookies\/\">e<\/a>t <a href=\"http:\/\/www.google.com\/intl\/it_it\/policies\/technologies\/cookies\/\">Google<\/a><a href=\"http:\/\/www.google.com\/intl\/it_it\/policies\/technologies\/cookies\/\">.<\/a><\/p>\n<p>Certaines pages web incorporent des contenus vid\u00e9o de YouTube. En visitant une page contenant une vid\u00e9o, ou en cliquant pour visualiser cette vid\u00e9o, des cookies provenant de YouTube pourraient \u00eatre sollicit\u00e9s. Ces cookies ne sont pas des instruments sous notre responsabilit\u00e9. Pour en savoir plus, visiter la page d\u2019informations de <a href=\"http:\/\/www.google.com\/intl\/it_it\/policies\/technologies\/cookies\/\">Google<\/a><a href=\"http:\/\/www.google.com\/intl\/it_it\/policies\/technologies\/cookies\/\">.<\/a><\/p>\n<p>Il est possible que le site internet utilise les programmes de Facebook ADS g\u00e9r\u00e9 par Facebook Inc., Google Adwords et la technologie Google Remarketing, g\u00e9r\u00e9s par Google Inc. La fonction de suivi des conversions de Facebook ADS et AdWords utilise \u00e9galement les cookies pour nous aider \u00e0 garder une trace des ventes et d\u2019autres conversions.<\/p>\n<p><strong>Gestion des cookies<\/strong><\/p>\n<p>L&rsquo;utilisateur peut g\u00e9rer ses propres pr\u00e9f\u00e9rences en mati\u00e8re de cookies par le biais des fonctionnalit\u00e9s pr\u00e9sentes dans les navigateurs habituels qui permettent d\u2019effacer\/retirer les cookies (tous ou une partie) ou de modifier les param\u00e8tres du navigateur lui-m\u00eame de fa\u00e7on \u00e0 bloquer l&rsquo;envoi de cookies ou de le limiter \u00e0 des sites sp\u00e9cifiques (par rapport \u00e0 d\u2019autres).<\/p>\n<p>Il est donc possible de refuser l&rsquo;utilisation des cookies, en suivant la proc\u00e9dure de suspension pr\u00e9vue par le navigateur utilis\u00e9. Ci-apr\u00e8s, sont report\u00e9es les modalit\u00e9s propos\u00e9es par les principaux navigateurs\u00a0: <a href=\"http:\/\/windows.microsoft.com\/it-it\/windows-vista\/block-or-allow-cookies\">Microsoft Windows Explorer<\/a><a href=\"http:\/\/windows.microsoft.com\/it-it\/windows-vista\/block-or-allow-cookies\">,<\/a> <a href=\"https:\/\/support.mozilla.org\/it\/kb\/Attivare%20e%20disattivare%20i%20cookie?redirectlocale=en-US&amp;redirectslug=Enabling+and+disabling+cookies\">Mozilla Firefox<\/a><a href=\"https:\/\/support.mozilla.org\/it\/kb\/Attivare%20e%20disattivare%20i%20cookie?redirectlocale=en-US&amp;redirectslug=Enabling+and+disabling+cookies\">,<\/a> <a href=\"https:\/\/support.google.com\/accounts\/answer\/61416?hl=it\">Google Chrome<\/a><a href=\"https:\/\/support.google.com\/accounts\/answer\/61416?hl=it\">,<\/a> <a href=\"http:\/\/www.apple.com\/legal\/privacy\/\">Apple Safari<\/a><a href=\"http:\/\/www.apple.com\/legal\/privacy\/\">,<\/a> Google Analytics en t\u00e9l\u00e9chargeant un <a href=\"https:\/\/tools.google.com\/dlpage\/gaoptout\">\u00a0<\/a><a href=\"https:\/\/tools.google.com\/dlpage\/gaoptout\">plug<\/a><a href=\"https:\/\/tools.google.com\/dlpage\/gaoptout\">&#8211;<\/a><a href=\"https:\/\/tools.google.com\/dlpage\/gaoptout\">in<\/a> sp\u00e9cifique au navigateur.<\/p>\n<p>Pour de plus amples informations sur les cookies archiv\u00e9s sur votre dispositif et les d\u00e9sactiver un \u00e0 un, consulter le lien\u00a0:<a href=\"http:\/\/www.youronlinechoices.com\/it\/le-tue-scelte\">http\u00a0:\/\/www.youronlinechoices.com\/it\/le<\/a><a href=\"http:\/\/www.youronlinechoices.com\/it\/le-tue-scelte\">&#8211;<\/a><a href=\"http:\/\/www.youronlinechoices.com\/it\/le-tue-scelte\">tue<\/a><a href=\"http:\/\/www.youronlinechoices.com\/it\/le-tue-scelte\">&#8211;<\/a><a href=\"http:\/\/www.youronlinechoices.com\/it\/le-tue-scelte\">scelte<\/a><\/p>\n<p><strong>Plugin Social Network<\/strong><\/p>\n<p>Le site www.baiadomizia.it incorpore \u00e9galement des plugins et\/ou commandes pour les r\u00e9seaux sociaux, afin de permettre un partage facile des contenus sur vos r\u00e9seaux sociaux pr\u00e9f\u00e9r\u00e9s. Ces plugins sont programm\u00e9s de fa\u00e7on \u00e0 ne pas d\u00e9finir de cookie \u00e0 l&rsquo;acc\u00e8s \u00e0 la page, pour sauvegarder la vie priv\u00e9e des utilisateurs. Les cookies sont \u00e9ventuellement d\u00e9finis, si ceci est pr\u00e9vu par les r\u00e9seaux sociaux, mais seulement quand l&rsquo;utilisateur fait un usage effectif et volontaire du plugin. Il convient de noter que si l&rsquo;utilisateur navigue en \u00e9tant actif sur le r\u00e9seau social, alors celui-ci a d\u00e9j\u00e0 autoris\u00e9 l&rsquo;utilisation des cookies v\u00e9hicul\u00e9s \u00e0 travers ce site au moment de l\u2019inscription au r\u00e9seau social. Le recueil et l\u2019utilisation des informations obtenues au moyen du plugin sont r\u00e9glement\u00e9s par les notes d\u2019information relatives \u00e0 la vie priv\u00e9e respectives des r\u00e9seaux sociaux, auxquels il convient de se r\u00e9f\u00e9rer.<\/p>\n<ul>\n<li><a href=\"https:\/\/www.facebook.com\/about\/privacy\/\">Facebook<\/a> &#8211; <a href=\"https:\/\/www.facebook.com\/help\/cookies\/\">(<\/a><a href=\"https:\/\/www.facebook.com\/help\/cookies\/\">lien note d\u2019information cookies<\/a><a href=\"https:\/\/www.facebook.com\/help\/cookies\/\">)<\/a><\/li>\n<li><a href=\"https:\/\/twitter.com\/privacy?lang=it\">Twitter<\/a> &#8211; <a href=\"https:\/\/support.twitter.com\/articles\/20170519-uso-dei-cookie-e-di-altre-tecnologie-simili-da-parte-di-twitter\">(<\/a><a href=\"https:\/\/support.twitter.com\/articles\/20170519-uso-dei-cookie-e-di-altre-tecnologie-simili-da-parte-di-twitter\">lien note d\u2019information cookies<\/a><a href=\"https:\/\/support.twitter.com\/articles\/20170519-uso-dei-cookie-e-di-altre-tecnologie-simili-da-parte-di-twitter\">)<\/a><\/li>\n<li><a href=\"https:\/\/www.linkedin.com\/legal\/privacy-policy\">LinkedIn<\/a> &#8211; <a href=\"https:\/\/www.linkedin.com\/legal\/cookie-policy\">(<\/a><a href=\"https:\/\/www.linkedin.com\/legal\/cookie-policy\">lien note d\u2019information cookies<\/a><a href=\"https:\/\/www.linkedin.com\/legal\/cookie-policy\">)<\/a><\/li>\n<li><a href=\"http:\/\/www.google.com\/intl\/it\/policies\/privacy\/\">Google+<\/a> &#8211; <a href=\"http:\/\/www.google.it\/intl\/it\/policies\/technologies\/cookies\/\">(<\/a><a href=\"http:\/\/www.google.it\/intl\/it\/policies\/technologies\/cookies\/\">lien note d\u2019information cookies<\/a><a href=\"http:\/\/www.google.it\/intl\/it\/policies\/technologies\/cookies\/\">)<\/a>.<\/li>\n<\/ul>\n<p>La pr\u00e9sente politique de confidentialit\u00e9 peut subir des modifications dans le temps \u2013 \u00e9galement en lien avec l&rsquo;\u00e9ventuelle entr\u00e9e en vigueur de nouvelles dispositions l\u00e9gales du secteur, la mise \u00e0 jour ou la fourniture de nouveaux services, c\u2019est-\u00e0-dire des innovations technologiques r\u00e9alis\u00e9es \u2013 ainsi l&rsquo;utilisateur\/visiteur est invit\u00e9 \u00e0 consulter r\u00e9guli\u00e8rement cette page www.baiadomizia.it.<\/p>\n\t\t\t\t\t\t\t\t<\/div>\n\t\t\t\t<\/div>\n\t\t\t\t<div class=\"elementor-element elementor-element-2eb155e elementor-widget elementor-widget-html\" data-id=\"2eb155e\" data-element_type=\"widget\" data-e-type=\"widget\" data-widget_type=\"html.default\">\n\t\t\t\t<div class=\"elementor-widget-container\">\n\t\t\t\t\t<script id=\"CookieDeclaration\" data-culture=\"FR\" src=\"https:\/\/consent.cookiebot.com\/948f9e8e-a8eb-4bf7-af62-64bacbb6a1fd\/cd.js\" type=\"text\/javascript\" async><\/script>\t\t\t\t<\/div>\n\t\t\t\t<\/div>\n\t\t\t\t<div class=\"elementor-element elementor-element-a01d6a9 elementor-widget elementor-widget-spacer\" data-id=\"a01d6a9\" data-element_type=\"widget\" data-e-type=\"widget\" data-widget_type=\"spacer.default\">\n\t\t\t\t<div class=\"elementor-widget-container\">\n\t\t\t\t\t\t\t<div class=\"elementor-spacer\">\n\t\t\t<div class=\"elementor-spacer-inner\"><\/div>\n\t\t<\/div>\n\t\t\t\t\t\t<\/div>\n\t\t\t\t<\/div>\n\t\t\t\t\t<\/div>\n\t\t<\/div>\n\t\t\t\t\t<\/div>\n\t\t<\/section>\n\t\t\t\t<\/div>\n\t\t","protected":false},"excerpt":{"rendered":"<p>Informations sur les Cookies Que sont les cookies Un \u00ab\u00a0cookie\u00a0\u00bb est un fichier sauvegard\u00e9 dans l\u2019ordinateur de l&rsquo;utilisateur au moment o\u00f9 il acc\u00e8de \u00e0 un site web, dans le but de fournir des informations toutes les fois o\u00f9 l&rsquo;utilisateur revient sur le m\u00eame site. C\u2019est une sorte de m\u00e9mo de la page internet visit\u00e9e. Avec [&hellip;]<\/p>\n","protected":false},"author":1,"featured_media":4471,"parent":0,"menu_order":999,"comment_status":"closed","ping_status":"closed","template":"","meta":{"_acf_changed":false,"footnotes":""},"class_list":["post-8921","page","type-page","status-publish","has-post-thumbnail","hentry"],"acf":[],"yoast_head":"<!-- This site is optimized with the Yoast SEO plugin v27.1.1 - https:\/\/yoast.com\/product\/yoast-seo-wordpress\/ -->\n<title>Cookies policy - BAIA DOMIZIA Camping Village<\/title>\n<meta name=\"description\" content=\"Informations sur les Cookies Que sont les cookies Un \u00ab\u00a0cookie\u00a0\u00bb est un fichier sauvegard\u00e9 dans l\u2019ordinateur de l&#039;utilisateur au moment o\u00f9 il acc\u00e8de \u00e0 un\" \/>\n<meta name=\"robots\" content=\"index, follow, max-snippet:-1, max-image-preview:large, max-video-preview:-1\" \/>\n<link rel=\"canonical\" href=\"https:\/\/www.baiadomizia.it\/fr\/cookies-policy\/\" \/>\n<meta property=\"og:locale\" content=\"fr_FR\" \/>\n<meta property=\"og:type\" content=\"article\" \/>\n<meta property=\"og:title\" content=\"Cookies policy - BAIA DOMIZIA Camping Village\" \/>\n<meta property=\"og:description\" content=\"Informations sur les Cookies Que sont les cookies Un \u00ab\u00a0cookie\u00a0\u00bb est un fichier sauvegard\u00e9 dans l\u2019ordinateur de l&#039;utilisateur au moment o\u00f9 il acc\u00e8de \u00e0 un\" \/>\n<meta property=\"og:url\" content=\"https:\/\/www.baiadomizia.it\/fr\/cookies-policy\/\" \/>\n<meta property=\"og:site_name\" content=\"BAIA DOMIZIA Camping Village\" \/>\n<meta property=\"article:modified_time\" content=\"2021-11-25T13:40:54+00:00\" \/>\n<meta property=\"og:image\" content=\"https:\/\/www.baiadomizia.it\/wp-content\/uploads\/2020\/12\/baia-domizia-bungalow-1.jpg\" \/>\n\t<meta property=\"og:image:width\" content=\"1920\" \/>\n\t<meta property=\"og:image:height\" content=\"1282\" \/>\n\t<meta property=\"og:image:type\" content=\"image\/jpeg\" \/>\n<meta name=\"twitter:card\" content=\"summary_large_image\" \/>\n<meta name=\"twitter:label1\" content=\"Dur\u00e9e de lecture estim\u00e9e\" \/>\n\t<meta name=\"twitter:data1\" content=\"7 minutes\" \/>\n<script type=\"application\/ld+json\" class=\"yoast-schema-graph\">{\"@context\":\"https:\/\/schema.org\",\"@graph\":[{\"@type\":\"WebPage\",\"@id\":\"https:\/\/www.baiadomizia.it\/fr\/cookies-policy\/\",\"url\":\"https:\/\/www.baiadomizia.it\/fr\/cookies-policy\/\",\"name\":\"Cookies policy - BAIA DOMIZIA Camping Village\",\"isPartOf\":{\"@id\":\"https:\/\/www.baiadomizia.it\/fr\/#website\"},\"primaryImageOfPage\":{\"@id\":\"https:\/\/www.baiadomizia.it\/fr\/cookies-policy\/#primaryimage\"},\"image\":{\"@id\":\"https:\/\/www.baiadomizia.it\/fr\/cookies-policy\/#primaryimage\"},\"thumbnailUrl\":\"https:\/\/www.baiadomizia.it\/wp-content\/uploads\/2020\/12\/baia-domizia-bungalow-1.jpg\",\"datePublished\":\"2021-11-25T13:32:33+00:00\",\"dateModified\":\"2021-11-25T13:40:54+00:00\",\"description\":\"Informations sur les Cookies Que sont les cookies Un \u00ab\u00a0cookie\u00a0\u00bb est un fichier sauvegard\u00e9 dans l\u2019ordinateur de l'utilisateur au moment o\u00f9 il acc\u00e8de \u00e0 un\",\"breadcrumb\":{\"@id\":\"https:\/\/www.baiadomizia.it\/fr\/cookies-policy\/#breadcrumb\"},\"inLanguage\":\"fr-FR\",\"potentialAction\":[{\"@type\":\"ReadAction\",\"target\":[\"https:\/\/www.baiadomizia.it\/fr\/cookies-policy\/\"]}]},{\"@type\":\"ImageObject\",\"inLanguage\":\"fr-FR\",\"@id\":\"https:\/\/www.baiadomizia.it\/fr\/cookies-policy\/#primaryimage\",\"url\":\"https:\/\/www.baiadomizia.it\/wp-content\/uploads\/2020\/12\/baia-domizia-bungalow-1.jpg\",\"contentUrl\":\"https:\/\/www.baiadomizia.it\/wp-content\/uploads\/2020\/12\/baia-domizia-bungalow-1.jpg\",\"width\":1920,\"height\":1282},{\"@type\":\"BreadcrumbList\",\"@id\":\"https:\/\/www.baiadomizia.it\/fr\/cookies-policy\/#breadcrumb\",\"itemListElement\":[{\"@type\":\"ListItem\",\"position\":1,\"name\":\"Home\",\"item\":\"https:\/\/www.baiadomizia.it\/fr\/\"},{\"@type\":\"ListItem\",\"position\":2,\"name\":\"Cookies policy\"}]},{\"@type\":\"WebSite\",\"@id\":\"https:\/\/www.baiadomizia.it\/fr\/#website\",\"url\":\"https:\/\/www.baiadomizia.it\/fr\/\",\"name\":\"BAIA DOMIZIA Camping Village\",\"description\":\"La Porte Du Sud\",\"publisher\":{\"@id\":\"https:\/\/www.baiadomizia.it\/fr\/#organization\"},\"potentialAction\":[{\"@type\":\"SearchAction\",\"target\":{\"@type\":\"EntryPoint\",\"urlTemplate\":\"https:\/\/www.baiadomizia.it\/fr\/?s={search_term_string}\"},\"query-input\":{\"@type\":\"PropertyValueSpecification\",\"valueRequired\":true,\"valueName\":\"search_term_string\"}}],\"inLanguage\":\"fr-FR\"},{\"@type\":\"Organization\",\"@id\":\"https:\/\/www.baiadomizia.it\/fr\/#organization\",\"name\":\"BAIA DOMIZIA Camping Village\",\"url\":\"https:\/\/www.baiadomizia.it\/fr\/\",\"logo\":{\"@type\":\"ImageObject\",\"inLanguage\":\"fr-FR\",\"@id\":\"https:\/\/www.baiadomizia.it\/fr\/#\/schema\/logo\/image\/\",\"url\":\"https:\/\/www.baiadomizia.it\/wp-content\/uploads\/2020\/12\/logo-Baia-RGB.png\",\"contentUrl\":\"https:\/\/www.baiadomizia.it\/wp-content\/uploads\/2020\/12\/logo-Baia-RGB.png\",\"width\":1010,\"height\":512,\"caption\":\"BAIA DOMIZIA Camping Village\"},\"image\":{\"@id\":\"https:\/\/www.baiadomizia.it\/fr\/#\/schema\/logo\/image\/\"}}]}<\/script>\n<!-- \/ Yoast SEO plugin. -->","yoast_head_json":{"title":"Cookies policy - BAIA DOMIZIA Camping Village","description":"Informations sur les Cookies Que sont les cookies Un \u00ab\u00a0cookie\u00a0\u00bb est un fichier sauvegard\u00e9 dans l\u2019ordinateur de l'utilisateur au moment o\u00f9 il acc\u00e8de \u00e0 un","robots":{"index":"index","follow":"follow","max-snippet":"max-snippet:-1","max-image-preview":"max-image-preview:large","max-video-preview":"max-video-preview:-1"},"canonical":"https:\/\/www.baiadomizia.it\/fr\/cookies-policy\/","og_locale":"fr_FR","og_type":"article","og_title":"Cookies policy - BAIA DOMIZIA Camping Village","og_description":"Informations sur les Cookies Que sont les cookies Un \u00ab\u00a0cookie\u00a0\u00bb est un fichier sauvegard\u00e9 dans l\u2019ordinateur de l'utilisateur au moment o\u00f9 il acc\u00e8de \u00e0 un","og_url":"https:\/\/www.baiadomizia.it\/fr\/cookies-policy\/","og_site_name":"BAIA DOMIZIA Camping Village","article_modified_time":"2021-11-25T13:40:54+00:00","og_image":[{"width":1920,"height":1282,"url":"https:\/\/www.baiadomizia.it\/wp-content\/uploads\/2020\/12\/baia-domizia-bungalow-1.jpg","type":"image\/jpeg"}],"twitter_card":"summary_large_image","twitter_misc":{"Dur\u00e9e de lecture estim\u00e9e":"7 minutes"},"schema":{"@context":"https:\/\/schema.org","@graph":[{"@type":"WebPage","@id":"https:\/\/www.baiadomizia.it\/fr\/cookies-policy\/","url":"https:\/\/www.baiadomizia.it\/fr\/cookies-policy\/","name":"Cookies policy - BAIA DOMIZIA Camping Village","isPartOf":{"@id":"https:\/\/www.baiadomizia.it\/fr\/#website"},"primaryImageOfPage":{"@id":"https:\/\/www.baiadomizia.it\/fr\/cookies-policy\/#primaryimage"},"image":{"@id":"https:\/\/www.baiadomizia.it\/fr\/cookies-policy\/#primaryimage"},"thumbnailUrl":"https:\/\/www.baiadomizia.it\/wp-content\/uploads\/2020\/12\/baia-domizia-bungalow-1.jpg","datePublished":"2021-11-25T13:32:33+00:00","dateModified":"2021-11-25T13:40:54+00:00","description":"Informations sur les Cookies Que sont les cookies Un \u00ab\u00a0cookie\u00a0\u00bb est un fichier sauvegard\u00e9 dans l\u2019ordinateur de l'utilisateur au moment o\u00f9 il acc\u00e8de \u00e0 un","breadcrumb":{"@id":"https:\/\/www.baiadomizia.it\/fr\/cookies-policy\/#breadcrumb"},"inLanguage":"fr-FR","potentialAction":[{"@type":"ReadAction","target":["https:\/\/www.baiadomizia.it\/fr\/cookies-policy\/"]}]},{"@type":"ImageObject","inLanguage":"fr-FR","@id":"https:\/\/www.baiadomizia.it\/fr\/cookies-policy\/#primaryimage","url":"https:\/\/www.baiadomizia.it\/wp-content\/uploads\/2020\/12\/baia-domizia-bungalow-1.jpg","contentUrl":"https:\/\/www.baiadomizia.it\/wp-content\/uploads\/2020\/12\/baia-domizia-bungalow-1.jpg","width":1920,"height":1282},{"@type":"BreadcrumbList","@id":"https:\/\/www.baiadomizia.it\/fr\/cookies-policy\/#breadcrumb","itemListElement":[{"@type":"ListItem","position":1,"name":"Home","item":"https:\/\/www.baiadomizia.it\/fr\/"},{"@type":"ListItem","position":2,"name":"Cookies policy"}]},{"@type":"WebSite","@id":"https:\/\/www.baiadomizia.it\/fr\/#website","url":"https:\/\/www.baiadomizia.it\/fr\/","name":"BAIA DOMIZIA Camping Village","description":"La Porte Du Sud","publisher":{"@id":"https:\/\/www.baiadomizia.it\/fr\/#organization"},"potentialAction":[{"@type":"SearchAction","target":{"@type":"EntryPoint","urlTemplate":"https:\/\/www.baiadomizia.it\/fr\/?s={search_term_string}"},"query-input":{"@type":"PropertyValueSpecification","valueRequired":true,"valueName":"search_term_string"}}],"inLanguage":"fr-FR"},{"@type":"Organization","@id":"https:\/\/www.baiadomizia.it\/fr\/#organization","name":"BAIA DOMIZIA Camping Village","url":"https:\/\/www.baiadomizia.it\/fr\/","logo":{"@type":"ImageObject","inLanguage":"fr-FR","@id":"https:\/\/www.baiadomizia.it\/fr\/#\/schema\/logo\/image\/","url":"https:\/\/www.baiadomizia.it\/wp-content\/uploads\/2020\/12\/logo-Baia-RGB.png","contentUrl":"https:\/\/www.baiadomizia.it\/wp-content\/uploads\/2020\/12\/logo-Baia-RGB.png","width":1010,"height":512,"caption":"BAIA DOMIZIA Camping Village"},"image":{"@id":"https:\/\/www.baiadomizia.it\/fr\/#\/schema\/logo\/image\/"}}]}},"_links":{"self":[{"href":"https:\/\/www.baiadomizia.it\/fr\/wp-json\/wp\/v2\/pages\/8921","targetHints":{"allow":["GET"]}}],"collection":[{"href":"https:\/\/www.baiadomizia.it\/fr\/wp-json\/wp\/v2\/pages"}],"about":[{"href":"https:\/\/www.baiadomizia.it\/fr\/wp-json\/wp\/v2\/types\/page"}],"author":[{"embeddable":true,"href":"https:\/\/www.baiadomizia.it\/fr\/wp-json\/wp\/v2\/users\/1"}],"replies":[{"embeddable":true,"href":"https:\/\/www.baiadomizia.it\/fr\/wp-json\/wp\/v2\/comments?post=8921"}],"version-history":[{"count":0,"href":"https:\/\/www.baiadomizia.it\/fr\/wp-json\/wp\/v2\/pages\/8921\/revisions"}],"wp:featuredmedia":[{"embeddable":true,"href":"https:\/\/www.baiadomizia.it\/fr\/wp-json\/wp\/v2\/media\/4471"}],"wp:attachment":[{"href":"https:\/\/www.baiadomizia.it\/fr\/wp-json\/wp\/v2\/media?parent=8921"}],"curies":[{"name":"wp","href":"https:\/\/api.w.org\/{rel}","templated":true}]}}