{"id":8908,"date":"2021-11-25T12:50:43","date_gmt":"2021-11-25T11:50:43","guid":{"rendered":"https:\/\/baiadomizia.attivamultimedia.com\/privacy-policy\/"},"modified":"2021-11-25T12:50:44","modified_gmt":"2021-11-25T11:50:44","slug":"privacy-policy","status":"publish","type":"page","link":"https:\/\/www.baiadomizia.it\/fr\/privacy-policy\/","title":{"rendered":"Privacy Policy"},"content":{"rendered":"\t\t<div data-elementor-type=\"wp-page\" data-elementor-id=\"8908\" class=\"elementor elementor-8908 elementor-3\" data-elementor-post-type=\"page\">\n\t\t\t\t\t\t<section class=\"elementor-section elementor-top-section elementor-element elementor-element-1efaf20 elementor-section-boxed elementor-section-height-default elementor-section-height-default\" data-id=\"1efaf20\" data-element_type=\"section\" data-e-type=\"section\">\n\t\t\t\t\t\t<div class=\"elementor-container elementor-column-gap-wider\">\n\t\t\t\t\t<div class=\"elementor-column elementor-col-100 elementor-top-column elementor-element elementor-element-0d939df\" data-id=\"0d939df\" data-element_type=\"column\" data-e-type=\"column\">\n\t\t\t<div class=\"elementor-widget-wrap elementor-element-populated\">\n\t\t\t\t\t\t<div class=\"elementor-element elementor-element-059c614 elementor-widget elementor-widget-spacer\" data-id=\"059c614\" data-element_type=\"widget\" data-e-type=\"widget\" data-widget_type=\"spacer.default\">\n\t\t\t\t<div class=\"elementor-widget-container\">\n\t\t\t\t\t\t\t<div class=\"elementor-spacer\">\n\t\t\t<div class=\"elementor-spacer-inner\"><\/div>\n\t\t<\/div>\n\t\t\t\t\t\t<\/div>\n\t\t\t\t<\/div>\n\t\t\t\t<div class=\"elementor-element elementor-element-7596b27 elementor-widget elementor-widget-heading\" data-id=\"7596b27\" data-element_type=\"widget\" data-e-type=\"widget\" data-widget_type=\"heading.default\">\n\t\t\t\t<div class=\"elementor-widget-container\">\n\t\t\t\t\t<h2 class=\"elementor-heading-title elementor-size-default\">NOTE D\u2019INFORMATION RELATIVE AU TRAITEMENT DES DONN\u00c9ES \u00c0 CARACT\u00c8RE PERSONNEL<\/h2>\t\t\t\t<\/div>\n\t\t\t\t<\/div>\n\t\t\t\t<div class=\"elementor-element elementor-element-b9bcc8d elementor-widget elementor-widget-text-editor\" data-id=\"b9bcc8d\" data-element_type=\"widget\" data-e-type=\"widget\" data-widget_type=\"text-editor.default\">\n\t\t\t\t<div class=\"elementor-widget-container\">\n\t\t\t\t\t\t\t\t\t<p>En vertu de l\u2019art 13 du r\u00e8glement UE 679\/2016, nous souhaitons vous informer que les donn\u00e9es \u00e0 caract\u00e8re personnel que vous avez fournies en vous enregistrant sur le site www.baiadomizia.it (ci-apr\u00e8s le \u00ab\u00a0Site\u00a0\u00bb) sont utilis\u00e9es par PIETRE BIANCHE S.r.l., qui en est le titulaire pour le traitement, conform\u00e9ment aux principes de protection des donn\u00e9es \u00e0 caract\u00e8re personnel \u00e9tablis.<\/p>\n<p>&nbsp;<\/p>\n<p><strong>MODALIT\u00c9S ET FINALIT\u00c9S DU TRAITEMENT DES DONN\u00c9ES<\/strong><\/p>\n<p>1. Nous vous informons que les donn\u00e9es seront trait\u00e9es avec le support des moyens suivants\u00a0:<\/p>\n<ul>\n<li>Traitement mixte \u2013 \u00e9lectronique et papier<\/li>\n<\/ul>\n<p>pour les finalit\u00e9s suivantes\u00a0:<\/p>\n<ul>\n<li>Activit\u00e9s touristiques et r\u00e9cr\u00e9atives<\/li>\n<li>\u00c9laboration, impression, mise sous pli et envoi des factures<\/li>\n<li>Gestion du personnel<\/li>\n<li>Gestion de la client\u00e8le (contrats, commandes, livraisons et factures)<\/li>\n<li>R\u00e9servations de services<\/li>\n<li>Enregistrement du degr\u00e9 de satisfaction de la client\u00e8le<\/li>\n<\/ul>\n<p>Sauf refus explicite de la part de l\u2019int\u00e9ress\u00e9, les donn\u00e9es de l\u2019utilisateur seront \u00e9galement trait\u00e9es pour les finalit\u00e9s suivantes\u00a0:<\/p>\n<ol style=\"list-style-type: lower-alpha;\">\n<li>envoi de propositions et de communications commerciales par courrier \u00e9lectronique ou SMS ou fax, de la part tant de PIETRE BIANCHE S.r.l. que d\u2019autres soci\u00e9t\u00e9s partenaires\u00a0;<\/li>\n<li>\u00e9tudes de march\u00e9 et statistiques, marketing et r\u00e9f\u00e9rences sur des communications publicitaires (presse, radio, TV, internet, etc.), pr\u00e9f\u00e9rences sur les produits\u00a0;<\/li>\n<\/ol>\n<p>L&rsquo;\u00e9ventuel refus d\u2019autoriser le traitement des donn\u00e9es comporte l&rsquo;impossibilit\u00e9 d\u2019utiliser le service requis par l&rsquo;utilisateur.<\/p>\n<p>&nbsp;<\/p>\n<p><strong>BASE L\u00c9GALE<\/strong><\/p>\n<p>2. La communication des donn\u00e9es est obligatoire pour tout ce qui est exig\u00e9 au regard des obligations l\u00e9gales et contractuelles, par cons\u00e9quent l\u2019\u00e9ventuel refus de les fournir, en tout ou en partie peut donner lieu \u00e0 l&rsquo;impossibilit\u00e9 de fournir les services requis.<\/p>\n<p>La soci\u00e9t\u00e9 traite les donn\u00e9es facultatives des utilisateurs sur la base de leur autorisation, c\u2019est-\u00e0-dire au moyen de l\u2019approbation explicite de la pr\u00e9sente politique de confidentialit\u00e9 et en rapport aux modalit\u00e9s et finalit\u00e9s d\u00e9crites ci-apr\u00e8s.<\/p>\n<p>&nbsp;<\/p>\n<p><strong>CAT\u00c9GORIES DE DESTINATAIRES<\/strong><\/p>\n<p>3. Sans pr\u00e9judice des communications effectu\u00e9es pour se conformer aux obligations l\u00e9gales et contractuelles, toutes les donn\u00e9es recueillies et \u00e9labor\u00e9es pourront \u00eatre communiqu\u00e9es exclusivement pour les finalit\u00e9s mentionn\u00e9es ci-dessus \u00e0 des Personnes autoris\u00e9es internes et des Responsables internes et externes\u00a0; dans le cadre de la gestion de vos donn\u00e9es, les personnes autoris\u00e9es et\/ou les responsables internes et externes ont \u00e9t\u00e9 charg\u00e9s et d\u00e9sign\u00e9s par \u00e9crit et des instructions \u00e9crites sp\u00e9cifiques leur ont \u00e9t\u00e9 fournies relativement au traitement des donn\u00e9es. Pour conna\u00eetre les personnes autoris\u00e9es, vous pourrez en faire la demande \u00e0 <a href=\"mailto:info@baiadomizia.it\">info@baiadomizia.it<\/a><\/p>\n<p>&nbsp;<\/p>\n<p><strong>STRUCTURES INFORMATIQUES<\/strong><\/p>\n<p>4. En qualit\u00e9 de Titulaire du traitement, la Soci\u00e9t\u00e9 op\u00e8re la sauvegarde des donn\u00e9es \u00e0 caract\u00e8re personnel fournies dans des serveurs \u00e0 cet effet situ\u00e9s en Italie au si\u00e8ge de PIETRE BIANCHE S.r.l.\u00a0; la base de donn\u00e9es est uniquement accessible aux personnes habilit\u00e9es au moyen de modalit\u00e9s qui en garantissent la protection et la confidentialit\u00e9, gr\u00e2ce \u00e0 l\u2019adoption de mesures de s\u00e9curit\u00e9 pr\u00e9dispos\u00e9es pour pr\u00e9venir la perte des donn\u00e9es, les utilisations illicites ou incorrectes ainsi que les acc\u00e8s non autoris\u00e9s.<\/p>\n<p>&nbsp;<\/p>\n<p><strong>P\u00c9RIODE DE CONSERVATION<\/p>\n<p><\/strong>5. Les donn\u00e9es obligatoires aux fins contractuelles et comptables sont conserv\u00e9es pendant une dur\u00e9e n\u00e9cessaire \u00e0 l\u2019ex\u00e9cution du rapport commercial et comptable.<\/p>\n<p>Les donn\u00e9es des personnes qui n\u2019ach\u00e8tent pas de produits ou ne b\u00e9n\u00e9ficient pas de services, m\u00eame si elles ont \u00e9t\u00e9 pr\u00e9c\u00e9demment mises en contact avec des repr\u00e9sentants de l\u2019entreprise, seront imm\u00e9diatement effac\u00e9es ou trait\u00e9es sous forme anonyme, lorsque leur conservation ne r\u00e9sulte pas autrement justifi\u00e9e, sous r\u00e9serve que le consentement \u00e9clair\u00e9 des int\u00e9ress\u00e9s ait \u00e9t\u00e9 validement recueilli en lien avec une activit\u00e9 de promotion commerciale ou une \u00e9tude de march\u00e9 successive.<\/p>\n<p>La p\u00e9riode de conservation des donn\u00e9es est : les donn\u00e9es seront trait\u00e9es pendant toute la dur\u00e9e n\u00e9cessaire \u00e0 l\u2019ex\u00e9cution du rapport commercial en vigueur et pendant les dix ann\u00e9es suivants \u00e0 compter de la date d\u2019acquisition de celles-ci.<\/p>\n<p>&nbsp;<\/p>\n<p><strong>DROITS DE L\u2019INT\u00c9RESS\u00c9<\/strong><\/p>\n<p>6. En vertu du r\u00e8glement europ\u00e9en 679\/2016 (GDPR) et de la l\u00e9gislation nationale, l&rsquo;int\u00e9ress\u00e9 peut, selon les modalit\u00e9s et dans les limites pr\u00e9vues par la l\u00e9gislation applicable, exercer les droits suivants\u00a0:<\/p>\n<ul>\n<li>demander la confirmation de l\u2019existence des donn\u00e9es \u00e0 caract\u00e8re personnel le concernant (droit d\u2019acc\u00e8s)\u00a0;<\/li>\n<li>en conna\u00eetre l&rsquo;origine\u00a0;<\/li>\n<li>en recevoir communication intelligible\u00a0;<\/li>\n<li>avoir des informations quant aux motifs, modalit\u00e9s et finalit\u00e9s du traitement\u00a0;<\/li>\n<li>en demander la mise \u00e0 jour, rectification, int\u00e9gration, retrait, transformation sous forme anonyme, le blocage des donn\u00e9es trait\u00e9es en violation de la loi, y compris celles n\u2019\u00e9tant plus n\u00e9cessaires \u00e0 la poursuite des objectifs pour lesquels elles ont \u00e9t\u00e9 recueillies\u00a0;<\/li>\n<li>droit de limitation et\/ou d\u2019opposition au traitement des donn\u00e9es qui le concernent\u00a0;<\/li>\n<li>droit de r\u00e9vocation\u00a0;<\/li>\n<li>droit \u00e0 la portabilit\u00e9 des donn\u00e9es\u00a0;<\/li>\n<li>dans le cas d\u2019un traitement bas\u00e9 sur une autorisation, recevoir ses propres donn\u00e9es fournies au titulaire, sous une forme structur\u00e9e et lisible par un \u00e9laborateur de donn\u00e9es et dans un format commun\u00e9ment utilis\u00e9 par un dispositif \u00e9lectronique\u00a0;<\/li>\n<li>le droit de pr\u00e9senter une r\u00e9clamation \u00e0 l\u2019Autorit\u00e9 de contr\u00f4le.<\/li>\n<\/ul>\n<p>7. Le titulaire du traitement de vos donn\u00e9es \u00e0 caract\u00e8re personnel est PIETRE BIANCHE S.r.l., num\u00e9ro de TVA 00160910618<\/p>\n<ul>\n<li>Email\u00a0: info@baiadomizia.it<\/li>\n<li>T\u00e9l\u00e9phone\u00a0: 0823930164<\/li>\n<\/ul>\n\t\t\t\t\t\t\t\t<\/div>\n\t\t\t\t<\/div>\n\t\t\t\t<div class=\"elementor-element elementor-element-917c8bf elementor-widget elementor-widget-spacer\" data-id=\"917c8bf\" data-element_type=\"widget\" data-e-type=\"widget\" data-widget_type=\"spacer.default\">\n\t\t\t\t<div class=\"elementor-widget-container\">\n\t\t\t\t\t\t\t<div class=\"elementor-spacer\">\n\t\t\t<div class=\"elementor-spacer-inner\"><\/div>\n\t\t<\/div>\n\t\t\t\t\t\t<\/div>\n\t\t\t\t<\/div>\n\t\t\t\t\t<\/div>\n\t\t<\/div>\n\t\t\t\t\t<\/div>\n\t\t<\/section>\n\t\t\t\t<\/div>\n\t\t","protected":false},"excerpt":{"rendered":"<p>NOTE D\u2019INFORMATION RELATIVE AU TRAITEMENT DES DONN\u00c9ES \u00c0 CARACT\u00c8RE PERSONNEL En vertu de l\u2019art 13 du r\u00e8glement UE 679\/2016, nous souhaitons vous informer que les donn\u00e9es \u00e0 caract\u00e8re personnel que vous avez fournies en vous enregistrant sur le site www.baiadomizia.it (ci-apr\u00e8s le \u00ab\u00a0Site\u00a0\u00bb) sont utilis\u00e9es par PIETRE BIANCHE S.r.l., qui en est le titulaire pour [&hellip;]<\/p>\n","protected":false},"author":1,"featured_media":4471,"parent":0,"menu_order":999,"comment_status":"closed","ping_status":"closed","template":"","meta":{"_acf_changed":false,"footnotes":""},"class_list":["post-8908","page","type-page","status-publish","has-post-thumbnail","hentry"],"acf":[],"yoast_head":"<!-- This site is optimized with the Yoast SEO plugin v27.1.1 - https:\/\/yoast.com\/product\/yoast-seo-wordpress\/ -->\n<title>Privacy Policy - BAIA DOMIZIA Camping Village<\/title>\n<meta name=\"description\" content=\"NOTE D\u2019INFORMATION RELATIVE AU TRAITEMENT DES DONN\u00c9ES \u00c0 CARACT\u00c8RE PERSONNEL En vertu de l\u2019art 13 du r\u00e8glement UE 679\/2016, nous souhaitons vous informer\" \/>\n<meta name=\"robots\" content=\"index, follow, max-snippet:-1, max-image-preview:large, max-video-preview:-1\" \/>\n<link rel=\"canonical\" href=\"https:\/\/www.baiadomizia.it\/fr\/privacy-policy\/\" \/>\n<meta property=\"og:locale\" content=\"fr_FR\" \/>\n<meta property=\"og:type\" content=\"article\" \/>\n<meta property=\"og:title\" content=\"Privacy Policy - BAIA DOMIZIA Camping Village\" \/>\n<meta property=\"og:description\" content=\"NOTE D\u2019INFORMATION RELATIVE AU TRAITEMENT DES DONN\u00c9ES \u00c0 CARACT\u00c8RE PERSONNEL En vertu de l\u2019art 13 du r\u00e8glement UE 679\/2016, nous souhaitons vous informer\" \/>\n<meta property=\"og:url\" content=\"https:\/\/www.baiadomizia.it\/fr\/privacy-policy\/\" \/>\n<meta property=\"og:site_name\" content=\"BAIA DOMIZIA Camping Village\" \/>\n<meta property=\"article:modified_time\" content=\"2021-11-25T11:50:44+00:00\" \/>\n<meta property=\"og:image\" content=\"https:\/\/www.baiadomizia.it\/wp-content\/uploads\/2020\/12\/baia-domizia-bungalow-1.jpg\" \/>\n\t<meta property=\"og:image:width\" content=\"1920\" \/>\n\t<meta property=\"og:image:height\" content=\"1282\" \/>\n\t<meta property=\"og:image:type\" content=\"image\/jpeg\" \/>\n<meta name=\"twitter:card\" content=\"summary_large_image\" \/>\n<meta name=\"twitter:label1\" content=\"Dur\u00e9e de lecture estim\u00e9e\" \/>\n\t<meta name=\"twitter:data1\" content=\"5 minutes\" \/>\n<script type=\"application\/ld+json\" class=\"yoast-schema-graph\">{\"@context\":\"https:\/\/schema.org\",\"@graph\":[{\"@type\":\"WebPage\",\"@id\":\"https:\/\/www.baiadomizia.it\/fr\/privacy-policy\/\",\"url\":\"https:\/\/www.baiadomizia.it\/fr\/privacy-policy\/\",\"name\":\"Privacy Policy - BAIA DOMIZIA Camping Village\",\"isPartOf\":{\"@id\":\"https:\/\/www.baiadomizia.it\/fr\/#website\"},\"primaryImageOfPage\":{\"@id\":\"https:\/\/www.baiadomizia.it\/fr\/privacy-policy\/#primaryimage\"},\"image\":{\"@id\":\"https:\/\/www.baiadomizia.it\/fr\/privacy-policy\/#primaryimage\"},\"thumbnailUrl\":\"https:\/\/www.baiadomizia.it\/wp-content\/uploads\/2020\/12\/baia-domizia-bungalow-1.jpg\",\"datePublished\":\"2021-11-25T11:50:43+00:00\",\"dateModified\":\"2021-11-25T11:50:44+00:00\",\"description\":\"NOTE D\u2019INFORMATION RELATIVE AU TRAITEMENT DES DONN\u00c9ES \u00c0 CARACT\u00c8RE PERSONNEL En vertu de l\u2019art 13 du r\u00e8glement UE 679\/2016, nous souhaitons vous informer\",\"breadcrumb\":{\"@id\":\"https:\/\/www.baiadomizia.it\/fr\/privacy-policy\/#breadcrumb\"},\"inLanguage\":\"fr-FR\",\"potentialAction\":[{\"@type\":\"ReadAction\",\"target\":[\"https:\/\/www.baiadomizia.it\/fr\/privacy-policy\/\"]}]},{\"@type\":\"ImageObject\",\"inLanguage\":\"fr-FR\",\"@id\":\"https:\/\/www.baiadomizia.it\/fr\/privacy-policy\/#primaryimage\",\"url\":\"https:\/\/www.baiadomizia.it\/wp-content\/uploads\/2020\/12\/baia-domizia-bungalow-1.jpg\",\"contentUrl\":\"https:\/\/www.baiadomizia.it\/wp-content\/uploads\/2020\/12\/baia-domizia-bungalow-1.jpg\",\"width\":1920,\"height\":1282},{\"@type\":\"BreadcrumbList\",\"@id\":\"https:\/\/www.baiadomizia.it\/fr\/privacy-policy\/#breadcrumb\",\"itemListElement\":[{\"@type\":\"ListItem\",\"position\":1,\"name\":\"Home\",\"item\":\"https:\/\/www.baiadomizia.it\/fr\/\"},{\"@type\":\"ListItem\",\"position\":2,\"name\":\"Privacy Policy\"}]},{\"@type\":\"WebSite\",\"@id\":\"https:\/\/www.baiadomizia.it\/fr\/#website\",\"url\":\"https:\/\/www.baiadomizia.it\/fr\/\",\"name\":\"BAIA DOMIZIA Camping Village\",\"description\":\"La Porte Du Sud\",\"publisher\":{\"@id\":\"https:\/\/www.baiadomizia.it\/fr\/#organization\"},\"potentialAction\":[{\"@type\":\"SearchAction\",\"target\":{\"@type\":\"EntryPoint\",\"urlTemplate\":\"https:\/\/www.baiadomizia.it\/fr\/?s={search_term_string}\"},\"query-input\":{\"@type\":\"PropertyValueSpecification\",\"valueRequired\":true,\"valueName\":\"search_term_string\"}}],\"inLanguage\":\"fr-FR\"},{\"@type\":\"Organization\",\"@id\":\"https:\/\/www.baiadomizia.it\/fr\/#organization\",\"name\":\"BAIA DOMIZIA Camping Village\",\"url\":\"https:\/\/www.baiadomizia.it\/fr\/\",\"logo\":{\"@type\":\"ImageObject\",\"inLanguage\":\"fr-FR\",\"@id\":\"https:\/\/www.baiadomizia.it\/fr\/#\/schema\/logo\/image\/\",\"url\":\"https:\/\/www.baiadomizia.it\/wp-content\/uploads\/2020\/12\/logo-Baia-RGB.png\",\"contentUrl\":\"https:\/\/www.baiadomizia.it\/wp-content\/uploads\/2020\/12\/logo-Baia-RGB.png\",\"width\":1010,\"height\":512,\"caption\":\"BAIA DOMIZIA Camping Village\"},\"image\":{\"@id\":\"https:\/\/www.baiadomizia.it\/fr\/#\/schema\/logo\/image\/\"}}]}<\/script>\n<!-- \/ Yoast SEO plugin. -->","yoast_head_json":{"title":"Privacy Policy - BAIA DOMIZIA Camping Village","description":"NOTE D\u2019INFORMATION RELATIVE AU TRAITEMENT DES DONN\u00c9ES \u00c0 CARACT\u00c8RE PERSONNEL En vertu de l\u2019art 13 du r\u00e8glement UE 679\/2016, nous souhaitons vous informer","robots":{"index":"index","follow":"follow","max-snippet":"max-snippet:-1","max-image-preview":"max-image-preview:large","max-video-preview":"max-video-preview:-1"},"canonical":"https:\/\/www.baiadomizia.it\/fr\/privacy-policy\/","og_locale":"fr_FR","og_type":"article","og_title":"Privacy Policy - BAIA DOMIZIA Camping Village","og_description":"NOTE D\u2019INFORMATION RELATIVE AU TRAITEMENT DES DONN\u00c9ES \u00c0 CARACT\u00c8RE PERSONNEL En vertu de l\u2019art 13 du r\u00e8glement UE 679\/2016, nous souhaitons vous informer","og_url":"https:\/\/www.baiadomizia.it\/fr\/privacy-policy\/","og_site_name":"BAIA DOMIZIA Camping Village","article_modified_time":"2021-11-25T11:50:44+00:00","og_image":[{"width":1920,"height":1282,"url":"https:\/\/www.baiadomizia.it\/wp-content\/uploads\/2020\/12\/baia-domizia-bungalow-1.jpg","type":"image\/jpeg"}],"twitter_card":"summary_large_image","twitter_misc":{"Dur\u00e9e de lecture estim\u00e9e":"5 minutes"},"schema":{"@context":"https:\/\/schema.org","@graph":[{"@type":"WebPage","@id":"https:\/\/www.baiadomizia.it\/fr\/privacy-policy\/","url":"https:\/\/www.baiadomizia.it\/fr\/privacy-policy\/","name":"Privacy Policy - BAIA DOMIZIA Camping Village","isPartOf":{"@id":"https:\/\/www.baiadomizia.it\/fr\/#website"},"primaryImageOfPage":{"@id":"https:\/\/www.baiadomizia.it\/fr\/privacy-policy\/#primaryimage"},"image":{"@id":"https:\/\/www.baiadomizia.it\/fr\/privacy-policy\/#primaryimage"},"thumbnailUrl":"https:\/\/www.baiadomizia.it\/wp-content\/uploads\/2020\/12\/baia-domizia-bungalow-1.jpg","datePublished":"2021-11-25T11:50:43+00:00","dateModified":"2021-11-25T11:50:44+00:00","description":"NOTE D\u2019INFORMATION RELATIVE AU TRAITEMENT DES DONN\u00c9ES \u00c0 CARACT\u00c8RE PERSONNEL En vertu de l\u2019art 13 du r\u00e8glement UE 679\/2016, nous souhaitons vous informer","breadcrumb":{"@id":"https:\/\/www.baiadomizia.it\/fr\/privacy-policy\/#breadcrumb"},"inLanguage":"fr-FR","potentialAction":[{"@type":"ReadAction","target":["https:\/\/www.baiadomizia.it\/fr\/privacy-policy\/"]}]},{"@type":"ImageObject","inLanguage":"fr-FR","@id":"https:\/\/www.baiadomizia.it\/fr\/privacy-policy\/#primaryimage","url":"https:\/\/www.baiadomizia.it\/wp-content\/uploads\/2020\/12\/baia-domizia-bungalow-1.jpg","contentUrl":"https:\/\/www.baiadomizia.it\/wp-content\/uploads\/2020\/12\/baia-domizia-bungalow-1.jpg","width":1920,"height":1282},{"@type":"BreadcrumbList","@id":"https:\/\/www.baiadomizia.it\/fr\/privacy-policy\/#breadcrumb","itemListElement":[{"@type":"ListItem","position":1,"name":"Home","item":"https:\/\/www.baiadomizia.it\/fr\/"},{"@type":"ListItem","position":2,"name":"Privacy Policy"}]},{"@type":"WebSite","@id":"https:\/\/www.baiadomizia.it\/fr\/#website","url":"https:\/\/www.baiadomizia.it\/fr\/","name":"BAIA DOMIZIA Camping Village","description":"La Porte Du Sud","publisher":{"@id":"https:\/\/www.baiadomizia.it\/fr\/#organization"},"potentialAction":[{"@type":"SearchAction","target":{"@type":"EntryPoint","urlTemplate":"https:\/\/www.baiadomizia.it\/fr\/?s={search_term_string}"},"query-input":{"@type":"PropertyValueSpecification","valueRequired":true,"valueName":"search_term_string"}}],"inLanguage":"fr-FR"},{"@type":"Organization","@id":"https:\/\/www.baiadomizia.it\/fr\/#organization","name":"BAIA DOMIZIA Camping Village","url":"https:\/\/www.baiadomizia.it\/fr\/","logo":{"@type":"ImageObject","inLanguage":"fr-FR","@id":"https:\/\/www.baiadomizia.it\/fr\/#\/schema\/logo\/image\/","url":"https:\/\/www.baiadomizia.it\/wp-content\/uploads\/2020\/12\/logo-Baia-RGB.png","contentUrl":"https:\/\/www.baiadomizia.it\/wp-content\/uploads\/2020\/12\/logo-Baia-RGB.png","width":1010,"height":512,"caption":"BAIA DOMIZIA Camping Village"},"image":{"@id":"https:\/\/www.baiadomizia.it\/fr\/#\/schema\/logo\/image\/"}}]}},"_links":{"self":[{"href":"https:\/\/www.baiadomizia.it\/fr\/wp-json\/wp\/v2\/pages\/8908","targetHints":{"allow":["GET"]}}],"collection":[{"href":"https:\/\/www.baiadomizia.it\/fr\/wp-json\/wp\/v2\/pages"}],"about":[{"href":"https:\/\/www.baiadomizia.it\/fr\/wp-json\/wp\/v2\/types\/page"}],"author":[{"embeddable":true,"href":"https:\/\/www.baiadomizia.it\/fr\/wp-json\/wp\/v2\/users\/1"}],"replies":[{"embeddable":true,"href":"https:\/\/www.baiadomizia.it\/fr\/wp-json\/wp\/v2\/comments?post=8908"}],"version-history":[{"count":0,"href":"https:\/\/www.baiadomizia.it\/fr\/wp-json\/wp\/v2\/pages\/8908\/revisions"}],"wp:featuredmedia":[{"embeddable":true,"href":"https:\/\/www.baiadomizia.it\/fr\/wp-json\/wp\/v2\/media\/4471"}],"wp:attachment":[{"href":"https:\/\/www.baiadomizia.it\/fr\/wp-json\/wp\/v2\/media?parent=8908"}],"curies":[{"name":"wp","href":"https:\/\/api.w.org\/{rel}","templated":true}]}}