{"id":6700,"date":"2021-06-04T10:38:41","date_gmt":"2021-06-04T10:38:41","guid":{"rendered":"https:\/\/baiadomizia.attivamultimedia.com\/newsletter\/"},"modified":"2021-11-26T14:48:20","modified_gmt":"2021-11-26T13:48:20","slug":"newsletter","status":"publish","type":"page","link":"https:\/\/www.baiadomizia.it\/fr\/newsletter\/","title":{"rendered":"Newsletter"},"content":{"rendered":"\t\t<div data-elementor-type=\"wp-page\" data-elementor-id=\"6700\" class=\"elementor elementor-6700 elementor-325\" data-elementor-post-type=\"page\">\n\t\t\t\t\t\t<section class=\"elementor-section elementor-top-section elementor-element elementor-element-3ed0025 elementor-section-boxed elementor-section-height-default elementor-section-height-default\" data-id=\"3ed0025\" data-element_type=\"section\" data-e-type=\"section\">\n\t\t\t\t\t\t<div class=\"elementor-container elementor-column-gap-wider\">\n\t\t\t\t\t<div class=\"elementor-column elementor-col-100 elementor-top-column elementor-element elementor-element-0039862\" data-id=\"0039862\" data-element_type=\"column\" data-e-type=\"column\">\n\t\t\t<div class=\"elementor-widget-wrap elementor-element-populated\">\n\t\t\t\t\t\t<div class=\"elementor-element elementor-element-f793543 elementor-widget elementor-widget-spacer\" data-id=\"f793543\" data-element_type=\"widget\" data-e-type=\"widget\" data-widget_type=\"spacer.default\">\n\t\t\t\t<div class=\"elementor-widget-container\">\n\t\t\t\t\t\t\t<div class=\"elementor-spacer\">\n\t\t\t<div class=\"elementor-spacer-inner\"><\/div>\n\t\t<\/div>\n\t\t\t\t\t\t<\/div>\n\t\t\t\t<\/div>\n\t\t\t\t<div class=\"elementor-element elementor-element-956b980 elementor-widget elementor-widget-heading\" data-id=\"956b980\" data-element_type=\"widget\" data-e-type=\"widget\" data-widget_type=\"heading.default\">\n\t\t\t\t<div class=\"elementor-widget-container\">\n\t\t\t\t\t<h4 class=\"elementor-heading-title elementor-size-default\">\u2022 \u2022 \u2022 INSCRIVEZ-VOUS A LA NEWSLETTER \u2022 \u2022 \u2022<\/h4>\t\t\t\t<\/div>\n\t\t\t\t<\/div>\n\t\t\t\t<div class=\"elementor-element elementor-element-0e80281 elementor-widget elementor-widget-text-editor\" data-id=\"0e80281\" data-element_type=\"widget\" data-e-type=\"widget\" data-widget_type=\"text-editor.default\">\n\t\t\t\t<div class=\"elementor-widget-container\">\n\t\t\t\t\t\t\t\t\t<p>Le <strong>Camping Village Baia Domizia<\/strong> rend hommage \u00e0 ses h\u00f4tes avec des <strong>offres sp\u00e9ciales et des promotions incontournables<\/strong> pour vivre vos vacances italiennes avec toute la <strong>famille<\/strong>.<\/p>\n<p><strong>Abonnez-vous \u00e0 la Newsletter<\/strong> pour \u00eatre toujours inform\u00e9 sur les <strong>Offres<\/strong> et les <strong>Nouveaut\u00e9s<\/strong> du Camping Village Baia Domizia.<\/p>\n\t\t\t\t\t\t\t\t<\/div>\n\t\t\t\t<\/div>\n\t\t\t\t<div class=\"elementor-element elementor-element-da42118 elementor-widget elementor-widget-shortcode\" data-id=\"da42118\" data-element_type=\"widget\" data-e-type=\"widget\" data-widget_type=\"shortcode.default\">\n\t\t\t\t<div class=\"elementor-widget-container\">\n\t\t\t\t\t\t\t<div class=\"elementor-shortcode\">\n<div class=\"wpcf7 no-js\" id=\"wpcf7-f9016-o1\" lang=\"it-IT\" dir=\"ltr\" data-wpcf7-id=\"9016\">\n<div class=\"screen-reader-response\"><p role=\"status\" aria-live=\"polite\" aria-atomic=\"true\"><\/p> <ul><\/ul><\/div>\n<form action=\"\/fr\/wp-json\/wp\/v2\/pages\/6700#wpcf7-f9016-o1\" method=\"post\" class=\"wpcf7-form init wpcf7-acceptance-as-validation\" aria-label=\"Modulo di contatto\" novalidate=\"novalidate\" data-status=\"init\">\n<fieldset class=\"hidden-fields-container\"><input type=\"hidden\" name=\"_wpcf7\" value=\"9016\" \/><input type=\"hidden\" name=\"_wpcf7_version\" value=\"6.1.5\" \/><input type=\"hidden\" name=\"_wpcf7_locale\" value=\"it_IT\" \/><input type=\"hidden\" name=\"_wpcf7_unit_tag\" value=\"wpcf7-f9016-o1\" \/><input type=\"hidden\" name=\"_wpcf7_container_post\" value=\"0\" \/><input type=\"hidden\" name=\"_wpcf7_posted_data_hash\" value=\"\" \/><input type=\"hidden\" name=\"_wpcf7_recaptcha_response\" value=\"\" \/>\n<\/fieldset>\n<input class=\"wpcf7-form-control wpcf7-hidden\" value=\"1\" type=\"hidden\" name=\"oComunicazioniCommerciali\" \/>\n<div class=\"elementor-column-gap-default\">\n\t<div class=\"elementor-row\">\n\t\t<div class=\"elementor-element elementor-column elementor-col-50\">\n\t\t\t<div class=\"elementor-column-wrap elementor-element-populated\">\n\t\t\t\t<div class=\"elementor-widget-wrap\">\n\t\t\t\t\t<div class=\"elementor-element elementor-widget\">\n\t\t\t\t\t\t<div class=\"elementor-widget-container\">\n\t\t\t\t\t\t\t<p><label for=\"oNome\">Nom *<\/label><span class=\"wpcf7-form-control-wrap\" data-name=\"oNome\"><input size=\"40\" maxlength=\"400\" class=\"wpcf7-form-control wpcf7-text wpcf7-validates-as-required\" id=\"oNome\" aria-required=\"true\" aria-invalid=\"false\" value=\"\" type=\"text\" name=\"oNome\" \/><\/span>\n\t\t\t\t\t\t\t<\/p>\n\t\t\t\t\t\t<\/div>\n\t\t\t\t\t<\/div>\n\t\t\t\t<\/div>\n\t\t\t<\/div>\n\t\t<\/div>\n\t\t<div class=\"elementor-element elementor-column elementor-col-50\">\n\t\t\t<div class=\"elementor-column-wrap elementor-element-populated\">\n\t\t\t\t<div class=\"elementor-widget-wrap\">\n\t\t\t\t\t<div class=\"elementor-element elementor-widget\">\n\t\t\t\t\t\t<div class=\"elementor-widget-container\">\n\t\t\t\t\t\t\t<p><label for=\"oCognome\">Pr\u00e9nom *<\/label><span class=\"wpcf7-form-control-wrap\" data-name=\"oCognome\"><input size=\"40\" maxlength=\"400\" class=\"wpcf7-form-control wpcf7-text wpcf7-validates-as-required\" id=\"oCognome\" aria-required=\"true\" aria-invalid=\"false\" value=\"\" type=\"text\" name=\"oCognome\" \/><\/span>\n\t\t\t\t\t\t\t<\/p>\n\t\t\t\t\t\t<\/div>\n\t\t\t\t\t<\/div>\n\t\t\t\t<\/div>\n\t\t\t<\/div>\n\t\t<\/div>\n\t<\/div>\n\t<div class=\"elementor-row\">\n\t\t<div class=\"elementor-element elementor-column elementor-col-50\">\n\t\t\t<div class=\"elementor-column-wrap elementor-element-populated\">\n\t\t\t\t<div class=\"elementor-widget-wrap\">\n\t\t\t\t\t<div class=\"elementor-element elementor-widget\">\n\t\t\t\t\t\t<div class=\"elementor-widget-container\">\n\t\t\t\t\t\t\t<p><label for=\"oEmail\">Email *<\/label><span class=\"wpcf7-form-control-wrap\" data-name=\"oEmail\"><input size=\"40\" maxlength=\"400\" class=\"wpcf7-form-control wpcf7-email wpcf7-validates-as-required wpcf7-text wpcf7-validates-as-email\" id=\"oEmail\" aria-required=\"true\" aria-invalid=\"false\" value=\"\" type=\"email\" name=\"oEmail\" \/><\/span>\n\t\t\t\t\t\t\t<\/p>\n\t\t\t\t\t\t<\/div>\n\t\t\t\t\t<\/div>\n\t\t\t\t<\/div>\n\t\t\t<\/div>\n\t\t<\/div>\n\t\t<div class=\"elementor-element elementor-column elementor-col-50\">\n\t\t\t<div class=\"elementor-column-wrap elementor-element-populated\">\n\t\t\t\t<div class=\"elementor-widget-wrap\">\n\t\t\t\t\t<div class=\"elementor-element elementor-widget\">\n\t\t\t\t\t\t<div class=\"elementor-widget-container\">\n\t\t\t\t\t\t\t<p><label for=\"oTelefono\">T\u00e9l\u00e9phone<\/label><span class=\"wpcf7-form-control-wrap\" data-name=\"oTelefono\"><input size=\"40\" maxlength=\"400\" class=\"wpcf7-form-control wpcf7-tel wpcf7-text wpcf7-validates-as-tel\" id=\"oTelefono\" aria-invalid=\"false\" value=\"\" type=\"tel\" name=\"oTelefono\" \/><\/span>\n\t\t\t\t\t\t\t<\/p>\n\t\t\t\t\t\t<\/div>\n\t\t\t\t\t<\/div>\n\t\t\t\t<\/div>\n\t\t\t<\/div>\n\t\t<\/div>\n\t<\/div>\n\t<div class=\"elementor-row\">\n\t\t<div class=\"elementor-element elementor-column elementor-col-100\">\n\t\t\t<div class=\"elementor-column-wrap elementor-element-populated\">\n\t\t\t\t<div class=\"elementor-widget-wrap\">\n\t\t\t\t\t<div class=\"elementor-element elementor-widget\">\n\t\t\t\t\t\t<div class=\"elementor-widget-container\">\n\t\t\t\t\t\t\t<p><span class=\"wpcf7-form-control-wrap\" data-name=\"oPrivacy\"><span class=\"wpcf7-form-control wpcf7-acceptance\"><span class=\"wpcf7-list-item\"><label><input type=\"checkbox\" name=\"oPrivacy\" value=\"1\" aria-invalid=\"false\" \/><span class=\"wpcf7-list-item-label\"><span>J'ai lu et compris les <a href=\"\/en\/privacy-policy\/\" target=\"_blank\">informations sur le code de confidentialit\u00e9<\/a> et j'autorise le traitement de mes donn\u00e9es personnelles conform\u00e9ment au Reg. UE 2016\/679 - GDPR et autres r\u00e9glementations gouvernementales.<\/span><\/span><\/label><\/span><\/span><\/span>\n\t\t\t\t\t\t\t<\/p>\n\t\t\t\t\t\t<\/div>\n\t\t\t\t\t<\/div>\n\t\t\t\t<\/div>\n\t\t\t<\/div>\n\t\t<\/div>\n\t<\/div>\n\t<div class=\"elementor-row\">\n\t\t<div class=\"elementor-element elementor-column elementor-col-100\">\n\t\t\t<div class=\"elementor-column-wrap elementor-element-populated\">\n\t\t\t\t<div class=\"elementor-widget-wrap\">\n\t\t\t\t\t<div class=\"elementor-element elementor-widget\">\n\t\t\t\t\t\t<div class=\"elementor-widget-container\">\n\t\t\t\t\t\t\t<p><span class=\"wpcf7-form-control-wrap\" data-name=\"oIndaginiMercato\"><span class=\"wpcf7-form-control wpcf7-acceptance optional\"><span class=\"wpcf7-list-item\"><label><input type=\"checkbox\" name=\"oIndaginiMercato\" value=\"1\" aria-invalid=\"false\" \/><span class=\"wpcf7-list-item-label\">\u00c9tudes de march\u00e9 et statistiques, marketing et r\u00e9f\u00e9rences sur des communications publicitaires (presse, radio, TV, internet, etc.), pr\u00e9f\u00e9rences sur les produits.<\/span><\/label><\/span><\/span><\/span>\n\t\t\t\t\t\t\t<\/p>\n\t\t\t\t\t\t<\/div>\n\t\t\t\t\t<\/div>\n\t\t\t\t<\/div>\n\t\t\t<\/div>\n\t\t<\/div>\n\t<\/div>\n\t<div class=\"elementor-row\">\n\t\t<div class=\"elementor-element elementor-column elementor-col-100\">\n\t\t\t<div class=\"elementor-column-wrap elementor-element-populated\">\n\t\t\t\t<div class=\"elementor-widget-wrap\">\n\t\t\t\t\t<div class=\"elementor-element elementor-widget\">\n\t\t\t\t\t\t<div class=\"elementor-widget-container\">\n\t\t\t\t\t\t\t<p><input class=\"wpcf7-form-control wpcf7-submit has-spinner\" type=\"submit\" value=\"Envoyer &rsaquo;\" \/>\n\t\t\t\t\t\t\t<\/p>\n\t\t\t\t\t\t<\/div>\n\t\t\t\t\t<\/div>\n\t\t\t\t<\/div>\n\t\t\t<\/div>\n\t\t<\/div>\n\t<\/div>\n<\/div><div class=\"wpcf7-response-output\" aria-hidden=\"true\"><\/div>\n<\/form>\n<\/div>\n<\/div>\n\t\t\t\t\t\t<\/div>\n\t\t\t\t<\/div>\n\t\t\t\t<div class=\"elementor-element elementor-element-402b3b4 elementor-widget elementor-widget-spacer\" data-id=\"402b3b4\" data-element_type=\"widget\" data-e-type=\"widget\" data-widget_type=\"spacer.default\">\n\t\t\t\t<div class=\"elementor-widget-container\">\n\t\t\t\t\t\t\t<div class=\"elementor-spacer\">\n\t\t\t<div class=\"elementor-spacer-inner\"><\/div>\n\t\t<\/div>\n\t\t\t\t\t\t<\/div>\n\t\t\t\t<\/div>\n\t\t\t\t\t<\/div>\n\t\t<\/div>\n\t\t\t\t\t<\/div>\n\t\t<\/section>\n\t\t\t\t<\/div>\n\t\t","protected":false},"excerpt":{"rendered":"<p>\u2022 \u2022 \u2022 INSCRIVEZ-VOUS A LA NEWSLETTER \u2022 \u2022 \u2022 Le Camping Village Baia Domizia rend hommage \u00e0 ses h\u00f4tes avec des offres sp\u00e9ciales et des promotions incontournables pour vivre vos vacances italiennes avec toute la famille. Abonnez-vous \u00e0 la Newsletter pour \u00eatre toujours inform\u00e9 sur les Offres et les Nouveaut\u00e9s du Camping Village Baia [&hellip;]<\/p>\n","protected":false},"author":2,"featured_media":4897,"parent":0,"menu_order":1,"comment_status":"closed","ping_status":"closed","template":"","meta":{"_acf_changed":false,"footnotes":""},"class_list":["post-6700","page","type-page","status-publish","has-post-thumbnail","hentry"],"acf":[],"yoast_head":"<!-- This site is optimized with the Yoast SEO plugin v27.1.1 - https:\/\/yoast.com\/product\/yoast-seo-wordpress\/ -->\n<title>Newsletter - BAIA DOMIZIA Camping Village<\/title>\n<meta name=\"description\" content=\"INSCRIVEZ-VOUS A LA NEWSLETTER. Le Camping Village Baia Domizia rend hommage \u00e0 ses h\u00f4tes avec des offres sp\u00e9ciales et des promotions.\" \/>\n<meta name=\"robots\" content=\"index, follow, max-snippet:-1, max-image-preview:large, max-video-preview:-1\" \/>\n<link rel=\"canonical\" href=\"https:\/\/www.baiadomizia.it\/fr\/newsletter\/\" \/>\n<meta property=\"og:locale\" content=\"fr_FR\" \/>\n<meta property=\"og:type\" content=\"article\" \/>\n<meta property=\"og:title\" content=\"Newsletter - BAIA DOMIZIA Camping Village\" \/>\n<meta property=\"og:description\" content=\"INSCRIVEZ-VOUS A LA NEWSLETTER. Le Camping Village Baia Domizia rend hommage \u00e0 ses h\u00f4tes avec des offres sp\u00e9ciales et des promotions.\" \/>\n<meta property=\"og:url\" content=\"https:\/\/www.baiadomizia.it\/fr\/newsletter\/\" \/>\n<meta property=\"og:site_name\" content=\"BAIA DOMIZIA Camping Village\" \/>\n<meta property=\"article:modified_time\" content=\"2021-11-26T13:48:20+00:00\" \/>\n<meta property=\"og:image\" content=\"https:\/\/www.baiadomizia.it\/wp-content\/uploads\/2021\/03\/camping-village-baia-domizia-varie-2.jpg\" \/>\n\t<meta property=\"og:image:width\" content=\"1920\" \/>\n\t<meta property=\"og:image:height\" content=\"1280\" \/>\n\t<meta property=\"og:image:type\" content=\"image\/jpeg\" \/>\n<meta name=\"twitter:card\" content=\"summary_large_image\" \/>\n<script type=\"application\/ld+json\" class=\"yoast-schema-graph\">{\"@context\":\"https:\/\/schema.org\",\"@graph\":[{\"@type\":\"WebPage\",\"@id\":\"https:\/\/www.baiadomizia.it\/fr\/newsletter\/\",\"url\":\"https:\/\/www.baiadomizia.it\/fr\/newsletter\/\",\"name\":\"Newsletter - BAIA DOMIZIA Camping Village\",\"isPartOf\":{\"@id\":\"https:\/\/www.baiadomizia.it\/fr\/#website\"},\"primaryImageOfPage\":{\"@id\":\"https:\/\/www.baiadomizia.it\/fr\/newsletter\/#primaryimage\"},\"image\":{\"@id\":\"https:\/\/www.baiadomizia.it\/fr\/newsletter\/#primaryimage\"},\"thumbnailUrl\":\"https:\/\/www.baiadomizia.it\/wp-content\/uploads\/2021\/03\/camping-village-baia-domizia-varie-2.jpg\",\"datePublished\":\"2021-06-04T10:38:41+00:00\",\"dateModified\":\"2021-11-26T13:48:20+00:00\",\"description\":\"INSCRIVEZ-VOUS A LA NEWSLETTER. Le Camping Village Baia Domizia rend hommage \u00e0 ses h\u00f4tes avec des offres sp\u00e9ciales et des promotions.\",\"breadcrumb\":{\"@id\":\"https:\/\/www.baiadomizia.it\/fr\/newsletter\/#breadcrumb\"},\"inLanguage\":\"fr-FR\",\"potentialAction\":[{\"@type\":\"ReadAction\",\"target\":[\"https:\/\/www.baiadomizia.it\/fr\/newsletter\/\"]}]},{\"@type\":\"ImageObject\",\"inLanguage\":\"fr-FR\",\"@id\":\"https:\/\/www.baiadomizia.it\/fr\/newsletter\/#primaryimage\",\"url\":\"https:\/\/www.baiadomizia.it\/wp-content\/uploads\/2021\/03\/camping-village-baia-domizia-varie-2.jpg\",\"contentUrl\":\"https:\/\/www.baiadomizia.it\/wp-content\/uploads\/2021\/03\/camping-village-baia-domizia-varie-2.jpg\",\"width\":1920,\"height\":1280,\"caption\":\"Service d'information\"},{\"@type\":\"BreadcrumbList\",\"@id\":\"https:\/\/www.baiadomizia.it\/fr\/newsletter\/#breadcrumb\",\"itemListElement\":[{\"@type\":\"ListItem\",\"position\":1,\"name\":\"Home\",\"item\":\"https:\/\/www.baiadomizia.it\/fr\/\"},{\"@type\":\"ListItem\",\"position\":2,\"name\":\"Newsletter\"}]},{\"@type\":\"WebSite\",\"@id\":\"https:\/\/www.baiadomizia.it\/fr\/#website\",\"url\":\"https:\/\/www.baiadomizia.it\/fr\/\",\"name\":\"BAIA DOMIZIA Camping Village\",\"description\":\"La Porte Du Sud\",\"publisher\":{\"@id\":\"https:\/\/www.baiadomizia.it\/fr\/#organization\"},\"potentialAction\":[{\"@type\":\"SearchAction\",\"target\":{\"@type\":\"EntryPoint\",\"urlTemplate\":\"https:\/\/www.baiadomizia.it\/fr\/?s={search_term_string}\"},\"query-input\":{\"@type\":\"PropertyValueSpecification\",\"valueRequired\":true,\"valueName\":\"search_term_string\"}}],\"inLanguage\":\"fr-FR\"},{\"@type\":\"Organization\",\"@id\":\"https:\/\/www.baiadomizia.it\/fr\/#organization\",\"name\":\"BAIA DOMIZIA Camping Village\",\"url\":\"https:\/\/www.baiadomizia.it\/fr\/\",\"logo\":{\"@type\":\"ImageObject\",\"inLanguage\":\"fr-FR\",\"@id\":\"https:\/\/www.baiadomizia.it\/fr\/#\/schema\/logo\/image\/\",\"url\":\"https:\/\/www.baiadomizia.it\/wp-content\/uploads\/2020\/12\/logo-Baia-RGB.png\",\"contentUrl\":\"https:\/\/www.baiadomizia.it\/wp-content\/uploads\/2020\/12\/logo-Baia-RGB.png\",\"width\":1010,\"height\":512,\"caption\":\"BAIA DOMIZIA Camping Village\"},\"image\":{\"@id\":\"https:\/\/www.baiadomizia.it\/fr\/#\/schema\/logo\/image\/\"}}]}<\/script>\n<!-- \/ Yoast SEO plugin. -->","yoast_head_json":{"title":"Newsletter - BAIA DOMIZIA Camping Village","description":"INSCRIVEZ-VOUS A LA NEWSLETTER. Le Camping Village Baia Domizia rend hommage \u00e0 ses h\u00f4tes avec des offres sp\u00e9ciales et des promotions.","robots":{"index":"index","follow":"follow","max-snippet":"max-snippet:-1","max-image-preview":"max-image-preview:large","max-video-preview":"max-video-preview:-1"},"canonical":"https:\/\/www.baiadomizia.it\/fr\/newsletter\/","og_locale":"fr_FR","og_type":"article","og_title":"Newsletter - BAIA DOMIZIA Camping Village","og_description":"INSCRIVEZ-VOUS A LA NEWSLETTER. Le Camping Village Baia Domizia rend hommage \u00e0 ses h\u00f4tes avec des offres sp\u00e9ciales et des promotions.","og_url":"https:\/\/www.baiadomizia.it\/fr\/newsletter\/","og_site_name":"BAIA DOMIZIA Camping Village","article_modified_time":"2021-11-26T13:48:20+00:00","og_image":[{"width":1920,"height":1280,"url":"https:\/\/www.baiadomizia.it\/wp-content\/uploads\/2021\/03\/camping-village-baia-domizia-varie-2.jpg","type":"image\/jpeg"}],"twitter_card":"summary_large_image","schema":{"@context":"https:\/\/schema.org","@graph":[{"@type":"WebPage","@id":"https:\/\/www.baiadomizia.it\/fr\/newsletter\/","url":"https:\/\/www.baiadomizia.it\/fr\/newsletter\/","name":"Newsletter - BAIA DOMIZIA Camping Village","isPartOf":{"@id":"https:\/\/www.baiadomizia.it\/fr\/#website"},"primaryImageOfPage":{"@id":"https:\/\/www.baiadomizia.it\/fr\/newsletter\/#primaryimage"},"image":{"@id":"https:\/\/www.baiadomizia.it\/fr\/newsletter\/#primaryimage"},"thumbnailUrl":"https:\/\/www.baiadomizia.it\/wp-content\/uploads\/2021\/03\/camping-village-baia-domizia-varie-2.jpg","datePublished":"2021-06-04T10:38:41+00:00","dateModified":"2021-11-26T13:48:20+00:00","description":"INSCRIVEZ-VOUS A LA NEWSLETTER. Le Camping Village Baia Domizia rend hommage \u00e0 ses h\u00f4tes avec des offres sp\u00e9ciales et des promotions.","breadcrumb":{"@id":"https:\/\/www.baiadomizia.it\/fr\/newsletter\/#breadcrumb"},"inLanguage":"fr-FR","potentialAction":[{"@type":"ReadAction","target":["https:\/\/www.baiadomizia.it\/fr\/newsletter\/"]}]},{"@type":"ImageObject","inLanguage":"fr-FR","@id":"https:\/\/www.baiadomizia.it\/fr\/newsletter\/#primaryimage","url":"https:\/\/www.baiadomizia.it\/wp-content\/uploads\/2021\/03\/camping-village-baia-domizia-varie-2.jpg","contentUrl":"https:\/\/www.baiadomizia.it\/wp-content\/uploads\/2021\/03\/camping-village-baia-domizia-varie-2.jpg","width":1920,"height":1280,"caption":"Service d'information"},{"@type":"BreadcrumbList","@id":"https:\/\/www.baiadomizia.it\/fr\/newsletter\/#breadcrumb","itemListElement":[{"@type":"ListItem","position":1,"name":"Home","item":"https:\/\/www.baiadomizia.it\/fr\/"},{"@type":"ListItem","position":2,"name":"Newsletter"}]},{"@type":"WebSite","@id":"https:\/\/www.baiadomizia.it\/fr\/#website","url":"https:\/\/www.baiadomizia.it\/fr\/","name":"BAIA DOMIZIA Camping Village","description":"La Porte Du Sud","publisher":{"@id":"https:\/\/www.baiadomizia.it\/fr\/#organization"},"potentialAction":[{"@type":"SearchAction","target":{"@type":"EntryPoint","urlTemplate":"https:\/\/www.baiadomizia.it\/fr\/?s={search_term_string}"},"query-input":{"@type":"PropertyValueSpecification","valueRequired":true,"valueName":"search_term_string"}}],"inLanguage":"fr-FR"},{"@type":"Organization","@id":"https:\/\/www.baiadomizia.it\/fr\/#organization","name":"BAIA DOMIZIA Camping Village","url":"https:\/\/www.baiadomizia.it\/fr\/","logo":{"@type":"ImageObject","inLanguage":"fr-FR","@id":"https:\/\/www.baiadomizia.it\/fr\/#\/schema\/logo\/image\/","url":"https:\/\/www.baiadomizia.it\/wp-content\/uploads\/2020\/12\/logo-Baia-RGB.png","contentUrl":"https:\/\/www.baiadomizia.it\/wp-content\/uploads\/2020\/12\/logo-Baia-RGB.png","width":1010,"height":512,"caption":"BAIA DOMIZIA Camping Village"},"image":{"@id":"https:\/\/www.baiadomizia.it\/fr\/#\/schema\/logo\/image\/"}}]}},"_links":{"self":[{"href":"https:\/\/www.baiadomizia.it\/fr\/wp-json\/wp\/v2\/pages\/6700","targetHints":{"allow":["GET"]}}],"collection":[{"href":"https:\/\/www.baiadomizia.it\/fr\/wp-json\/wp\/v2\/pages"}],"about":[{"href":"https:\/\/www.baiadomizia.it\/fr\/wp-json\/wp\/v2\/types\/page"}],"author":[{"embeddable":true,"href":"https:\/\/www.baiadomizia.it\/fr\/wp-json\/wp\/v2\/users\/2"}],"replies":[{"embeddable":true,"href":"https:\/\/www.baiadomizia.it\/fr\/wp-json\/wp\/v2\/comments?post=6700"}],"version-history":[{"count":0,"href":"https:\/\/www.baiadomizia.it\/fr\/wp-json\/wp\/v2\/pages\/6700\/revisions"}],"wp:featuredmedia":[{"embeddable":true,"href":"https:\/\/www.baiadomizia.it\/fr\/wp-json\/wp\/v2\/media\/4897"}],"wp:attachment":[{"href":"https:\/\/www.baiadomizia.it\/fr\/wp-json\/wp\/v2\/media?parent=6700"}],"curies":[{"name":"wp","href":"https:\/\/api.w.org\/{rel}","templated":true}]}}