{"id":8923,"date":"2021-11-25T14:34:46","date_gmt":"2021-11-25T13:34:46","guid":{"rendered":"https:\/\/baiadomizia.attivamultimedia.com\/cookies-policy\/"},"modified":"2021-11-25T14:41:18","modified_gmt":"2021-11-25T13:41:18","slug":"cookies-policy","status":"publish","type":"page","link":"https:\/\/www.baiadomizia.it\/de\/cookies-policy\/","title":{"rendered":"Cookies policy"},"content":{"rendered":"\t\t<div data-elementor-type=\"wp-page\" data-elementor-id=\"8923\" class=\"elementor elementor-8923 elementor-8845\" data-elementor-post-type=\"page\">\n\t\t\t\t\t\t<section class=\"elementor-section elementor-top-section elementor-element elementor-element-6ca8249b elementor-section-boxed elementor-section-height-default elementor-section-height-default\" data-id=\"6ca8249b\" data-element_type=\"section\" data-e-type=\"section\">\n\t\t\t\t\t\t<div class=\"elementor-container elementor-column-gap-wider\">\n\t\t\t\t\t<div class=\"elementor-column elementor-col-100 elementor-top-column elementor-element elementor-element-3be68d1f\" data-id=\"3be68d1f\" data-element_type=\"column\" data-e-type=\"column\">\n\t\t\t<div class=\"elementor-widget-wrap elementor-element-populated\">\n\t\t\t\t\t\t<div class=\"elementor-element elementor-element-a89aead elementor-widget elementor-widget-spacer\" data-id=\"a89aead\" data-element_type=\"widget\" data-e-type=\"widget\" data-widget_type=\"spacer.default\">\n\t\t\t\t<div class=\"elementor-widget-container\">\n\t\t\t\t\t\t\t<div class=\"elementor-spacer\">\n\t\t\t<div class=\"elementor-spacer-inner\"><\/div>\n\t\t<\/div>\n\t\t\t\t\t\t<\/div>\n\t\t\t\t<\/div>\n\t\t\t\t<div class=\"elementor-element elementor-element-c16cd78 elementor-widget elementor-widget-heading\" data-id=\"c16cd78\" data-element_type=\"widget\" data-e-type=\"widget\" data-widget_type=\"heading.default\">\n\t\t\t\t<div class=\"elementor-widget-container\">\n\t\t\t\t\t<h2 class=\"elementor-heading-title elementor-size-default\">Informationen zu Cookies<\/h2>\t\t\t\t<\/div>\n\t\t\t\t<\/div>\n\t\t\t\t<div class=\"elementor-element elementor-element-58181604 elementor-widget elementor-widget-text-editor\" data-id=\"58181604\" data-element_type=\"widget\" data-e-type=\"widget\" data-widget_type=\"text-editor.default\">\n\t\t\t\t<div class=\"elementor-widget-container\">\n\t\t\t\t\t\t\t\t\t<p><strong>Was sind Cookies?<\/strong><\/p>\n<p>Ein \u201eCookie\u201c ist eine Textdatei, die auf dem Computer des Nutzers gespeichert wird, wenn dieser auf eine Website zugreift. Das Cookie soll so jedes Mal, wenn der Nutzer zu dieser Website zur\u00fcckkehrt, Informationen liefern. Es ist eine Art Notizzettel f\u00fcr die besuchte Internetpr\u00e4senz. Mit dem Cookie sendet der Webserver Informationen an den Browser des Nutzers (Internet Explorer, Mozilla Firefox, Google Chrome etc.), die auf dessen Computer gespeichert und jedes Mal, wenn der Nutzer zur Website zur\u00fcckkehrt, ausgelesen und aktualisiert werden. Auf diese Weise kann sich die Website automatisch an den Nutzer anpassen. Bei der Navigation k\u00f6nnte der Nutzer auf seinem Endger\u00e4t auch Cookies anderer Websites (Cookies von \u201eDrittanbietern\u201c) erhalten, die direkt von den Betreibern dieser Websites eingestellt und zu den von ihnen festgelegten Zwecken und Modalit\u00e4ten verwendet werden.<\/p>\n<p>Je nach Speicherdauer unterscheidet man zwischen Sitzungscookies (bzw. zeitlich befristeten und am Ende der Browser-Sitzung beim Schlie\u00dfen des Browsers automatisch vom Endger\u00e4t gel\u00f6schten Cookies) und permanenten Cookies (bzw. den Cookies, die bis zu ihrem Ablaufdatum oder dem L\u00f6schen durch den Nutzer auf dem Endger\u00e4t gespeichert bleiben).<\/p>\n<p>Je nach Funktion und Verwendungszweck kann man Cookies in technische Cookies und Profiling-Cookies unterteilen.<\/p>\n<p><strong>Technische Cookies<\/strong><\/p>\n<p>Einige Cookies werden eingesetzt, um rechnergest\u00fctzte Authentifizierungen vorzunehmen, Sitzungen zu \u00fcberwachen und spezifische Informationen \u00fcber die Nutzer, die auf die Website zugreifen, zu speichern. Diese so genannten technischen Cookies werden oft dazu verwendet, die Navigation auf einer Website zu erm\u00f6glichen und all ihre Funktion zu nutzen. Technische Cookies sind jene Cookies, deren Verwendung nicht der Zustimmung des Nutzers bedarf.<\/p>\n<p>Zu dieser Kategorie geh\u00f6ren auch die analytischen Cookies. Dabei handelt es sich um Cookies, die Informationen zur Nutzung einer Website durch den Nutzer sammeln und die Funktionalit\u00e4t der Website verbessern. So zeigen die analytischen Cookies beispielsweise, welche Seiten am h\u00e4ufigsten besucht werden und welche Nutzungsschemata f\u00fcr eine Website immer wiederkehren. Damit tragen sie zu einem besseren Verst\u00e4ndnis der Schwierigkeiten bei, auf die der Nutzer bei der Verwendung sto\u00dfen kann.<\/p>\n<p><strong>Profiling-Cookies<\/strong><\/p>\n<p>Andere Cookies k\u00f6nnen dagegen verwendet werden, um die Nutzer w\u00e4hrend der Navigation zu \u00fcberwachen und ein Nutzerprofil zu erstellen, ihre Bewegungen und ihre Gewohnheiten bei der Webnutzung oder ihr Konsumverhalten (was sie kaufen, was sie lesen etc.) zu erforschen, auch zu dem Zweck, ihnen gezielte und personalisierte Werbung zu senden.\u00a0 In diesem Fall spricht man von Profiling-Cookies. F\u00fcr die Verwendung dieser Cookies ist es erforderlich, dass der Nutzer zuvor seine freie Einwilligung nach vorheriger Aufkl\u00e4rung gem\u00e4\u00df Art. 7 der EU-Verordnung 2017\/679 erteilt hat.<\/p>\n<p><strong>Cookies von Drittanbietern<\/strong><\/p>\n<p>Es kann auch vorkommen, dass eine Website Cookies enth\u00e4lt, die von anderen Websites stammen und in diversen Elementen auf der Websites enthalten sind, wie beispielsweise Werbebannern, Bildern, Videos, Karten oder speziellen Links zu Websites anderer Domains, die auf anderen Servern als dem, auf dem sich die aufgerufene Seite befindet, lagern. Mit anderen Worten werden diese Cookies direkt von den Betreibern anderer Websites oder Server als dieser Website eingestellt. Wir sprechen in diesen F\u00e4llen von so genannten Cookies von Drittanbietern, die in der Regel zum Profiling verwendet werden. F\u00fcr die Verwendung dieser Cookies ist es erforderlich, dass der Nutzer zuvor seine freie Einwilligung nach vorheriger Aufkl\u00e4rung erteilt.<\/p>\n<p><strong>Von unserer Website verwendete Cookie-Arten<\/strong><\/p>\n<p>Die wichtigsten Funktionen der von www.baiadomizia.it installierten Cookies sind technischer Art. Sie werden verwendet, um den Service st\u00e4ndig zu verbessern, zur Authentifizierung und f\u00fcr statistische Zwecke wie beispielsweise das Z\u00e4hlen der Besucher der Website. Die Verwendung von Cookies ist also streng darauf ausgerichtet, die Funktionen des Dienstservers w\u00e4hrend der Navigation zu verbessern.<\/p>\n<p>Die Website erlaubt das Senden der im Folgenden genannten Cookies von Drittanbietern. Diese Cookies sind keine Instrumente, f\u00fcr die wir die verantwortliche Stelle sind. Um mehr Informationen zu erhalten, ist es daher m\u00f6glich, auf die angegebenen Links zu klicken, um die Datenschutzhinweise und Formulare zur Erteilung der Einwilligung der Drittanbieter einzusehen.<\/p>\n<p>Um unsere Website zu verbessern und zu erfahren, welche Teile oder Elemente von den Nutzern besonders gesch\u00e4tzt werden, kommen als Instrumente f\u00fcr eine anonyme und gepoolte Analyse die Cookies von Drittanbietern von Google Analytics zum Einsatz. Diese Cookies sind keine Instrumente, f\u00fcr die wir die verantwortliche Stelle sind. Um mehr Informationen zu erhalten, k\u00f6nnen die Hinweise von Google eingesehen werden.<\/p>\n<p>Die Seiten dieser Website enthalten auch einige Widgets und Share-Buttons f\u00fcr Facebook und Google Plus, mit denen der Nutzer die Inhalte der Website auf den Kan\u00e4len seiner sozialen Netzwerke teilen und mit unseren Kan\u00e4len interagieren kann. Diese Cookies sind keine Instrumente, f\u00fcr die wir die verantwortliche Stelle sind. Sie werden vielmehr von Facebook und Google bereitgestellt, wenn man das entsprechende Widget oder den Share-Button benutzt. Weitere Informationen finden sich auf den folgenden Hinweisseiten: Facebook und Google.<\/p>\n<p>Auf einigen Websites sind Videoinhalte von YouTube integriert. Beim Besuch einer Seite, die ein Video enth\u00e4lt, oder durch das Anklicken zum Abspielen des Videos k\u00f6nnten Cookies aufgerufen werden, die von YouTube stammen. Diese Cookies sind keine Instrumente, f\u00fcr die wir die verantwortliche Stelle sind. Weitere Informationen finden sich auf der Hinweisseite von Google.<\/p>\n<p>Die Website k\u00f6nnte die Programme von Facebook ADS, von Facebook Inc. verwaltet, Google Adwords und die Technologie Google Remarketing, von Google Inc. verwaltet, verwenden. Auch die Funktion zur \u00dcberwachung der \u00dcbertragung von Facebook ADS und AdWords verwendet Cookies, um uns zu helfen, Verk\u00e4ufe und andere \u00dcbertragungen zu verfolgen.<\/p>\n<p><strong>Cookie-Verwaltung<\/strong><\/p>\n<p>Der Nutzer kann den Umgang mit Cookies \u00fcber die Funktionen in den markt\u00fcblichen Browsern zum L\u00f6schen\/Entfernen von Cookies (alle oder einige) anpassen oder\u00a0 die Browsereinstellungen so ver\u00e4ndern, dass das Versenden von Cookies ganz unterbunden oder auf bestimmte Websites (im Gegensatz zu anderen) beschr\u00e4nkt wird.<\/p>\n<p>Es ist also m\u00f6glich, die Verwendung von Cookies abzulehnen. Dazu gen\u00fcgt es, die Cookies, wie in den Einstellungen des Browsers vorgesehen, zu deaktivieren. Im Folgenden werden dazu die Methoden f\u00fcr die wichtigsten Browsers aufgezeigt: <a href=\"http:\/\/windows.microsoft.com\/it-it\/windows-vista\/block-or-allow-cookies\">Microsoft Windows Explorer<\/a><a href=\"http:\/\/windows.microsoft.com\/it-it\/windows-vista\/block-or-allow-cookies\">,<\/a> <a href=\"https:\/\/support.mozilla.org\/it\/kb\/Attivare%20e%20disattivare%20i%20cookie?redirectlocale=en-US&amp;redirectslug=Enabling+and+disabling+cookies\">Mozilla Firefox<\/a><a href=\"https:\/\/support.mozilla.org\/it\/kb\/Attivare%20e%20disattivare%20i%20cookie?redirectlocale=en-US&amp;redirectslug=Enabling+and+disabling+cookies\">,<\/a> <a href=\"https:\/\/support.google.com\/accounts\/answer\/61416?hl=it\">Google Chrome<\/a><a href=\"https:\/\/support.google.com\/accounts\/answer\/61416?hl=it\">,<\/a> <a href=\"http:\/\/www.apple.com\/legal\/privacy\/\">Apple Safari<\/a><a href=\"http:\/\/www.apple.com\/legal\/privacy\/\">,<\/a> Google Analytics \u00fcber den Download eines speziellen <a href=\"https:\/\/tools.google.com\/dlpage\/gaoptout\">Plug<\/a><a href=\"https:\/\/tools.google.com\/dlpage\/gaoptout\">ins<\/a> des Browsers.<\/p>\n<p>Weitere Informationen zu den auf dem eigenen Endger\u00e4t gespeicherten Cookies und dazu, wie man sie einzeln deaktivieren kann, finden sich unter dem Link: <a href=\"http:\/\/www.youronlinechoices.com\/it\/le-tue-scelte\">http:\/\/www.youronlinechoices.com\/it\/le<\/a><a href=\"http:\/\/www.youronlinechoices.com\/it\/le-tue-scelte\">&#8211;<\/a><a href=\"http:\/\/www.youronlinechoices.com\/it\/le-tue-scelte\">tue<\/a><a href=\"http:\/\/www.youronlinechoices.com\/it\/le-tue-scelte\">&#8211;<\/a><a href=\"http:\/\/www.youronlinechoices.com\/it\/le-tue-scelte\">scelte<\/a><\/p>\n<p>&nbsp;<\/p>\n<p><strong>Plugin f\u00fcr soziale Netzwerke<\/strong><\/p>\n<p>Auf der Website www.baiadomizia.it sind auch Plugins und\/oder Befehle f\u00fcr die sozialen Netzwerke integriert, die das Teilen der Inhalte auf den von Ihnen bevorzugten sozialen Netzwerken vereinfachen. Diese Plugins sind so programmiert, dass sie keine Cookies f\u00fcr den Zugriff auf die Seite einstellen, damit die Privatsph\u00e4re der Nutzer gesch\u00fctzt wird. Cookies k\u00f6nnen eventuell eingestellt werden, falls dies von den sozialen Netzwerken vorgesehen ist, jedoch nur, wenn der Nutzer das Plugin tats\u00e4chlich und freiwillig benutzt. Es wird darauf hingewiesen, dass der Nutzer, falls er bei der Navigation im sozialen Netzwerk eingeloggt ist, bei der Registrierung im sozialen Netzwerk bereits einer Nutzung der \u00fcber diese Website \u00fcbertragenen Cookies zugestimmt hat. Die Erhebung und Nutzung der \u00fcber das Plugin erhaltenen Informationen werden durch die jeweiligen Datenschutzregeln der sozialen Netzwerke, auf die verwiesen wird, bestimmt.<\/p>\n<ul>\n<li><a href=\"https:\/\/www.facebook.com\/about\/privacy\/\">Facebook<\/a> &#8211; <a href=\"https:\/\/www.facebook.com\/help\/cookies\/\">(<\/a><a href=\"https:\/\/www.facebook.com\/help\/cookies\/\">Link Cookie-Hinweise<\/a><a href=\"https:\/\/www.facebook.com\/help\/cookies\/\">)<\/a><\/li>\n<li><a href=\"https:\/\/twitter.com\/privacy?lang=it\">Twitter<\/a> &#8211; <a href=\"https:\/\/support.twitter.com\/articles\/20170519-uso-dei-cookie-e-di-altre-tecnologie-simili-da-parte-di-twitter\">(<\/a><a href=\"https:\/\/support.twitter.com\/articles\/20170519-uso-dei-cookie-e-di-altre-tecnologie-simili-da-parte-di-twitter\">Link Cookie-Hinweise<\/a><a href=\"https:\/\/support.twitter.com\/articles\/20170519-uso-dei-cookie-e-di-altre-tecnologie-simili-da-parte-di-twitter\">)<\/a><\/li>\n<li><a href=\"https:\/\/www.linkedin.com\/legal\/privacy-policy\">LinkedIn<\/a> &#8211; <a href=\"https:\/\/www.linkedin.com\/legal\/cookie-policy\">(<\/a><a href=\"https:\/\/www.linkedin.com\/legal\/cookie-policy\">Link Cookie-Hinweise<\/a><a href=\"https:\/\/www.linkedin.com\/legal\/cookie-policy\">)<\/a><\/li>\n<li><a href=\"http:\/\/www.google.com\/intl\/it\/policies\/privacy\/\">Google+<\/a> &#8211; <a href=\"http:\/\/www.google.it\/intl\/it\/policies\/technologies\/cookies\/\">(<\/a><a href=\"http:\/\/www.google.it\/intl\/it\/policies\/technologies\/cookies\/\">Link Cookie-Hinweise<\/a><a href=\"http:\/\/www.google.it\/intl\/it\/policies\/technologies\/cookies\/\">)<\/a>.<\/li>\n<\/ul>\n<p>Die vorliegenden Datenschutzhinweise k\u00f6nnen im Lauf der Zeit \u00c4nderungen unterliegen \u2013 auch im Zusammenhang mit dem m\u00f6glichen Inkrafttreten neuer einschl\u00e4giger Vorschriften, der Aktualisierung oder Erbringung neuer Dienstleistungen oder bei technischen Neuerungen \u2013 daher wird der Nutzer\/Besucher aufgefordert, diese Website <a href=\"http:\/\/www.baiadomizia.it\">www.baiadomizia.it<\/a> in regelm\u00e4\u00dfigen Abst\u00e4nden zu konsultieren.<\/p>\n\t\t\t\t\t\t\t\t<\/div>\n\t\t\t\t<\/div>\n\t\t\t\t<div class=\"elementor-element elementor-element-2eb155e elementor-widget elementor-widget-html\" data-id=\"2eb155e\" data-element_type=\"widget\" data-e-type=\"widget\" data-widget_type=\"html.default\">\n\t\t\t\t<div class=\"elementor-widget-container\">\n\t\t\t\t\t<script id=\"CookieDeclaration\" data-culture=\"DE\" src=\"https:\/\/consent.cookiebot.com\/948f9e8e-a8eb-4bf7-af62-64bacbb6a1fd\/cd.js\" type=\"text\/javascript\" async><\/script>\t\t\t\t<\/div>\n\t\t\t\t<\/div>\n\t\t\t\t<div class=\"elementor-element elementor-element-a01d6a9 elementor-widget elementor-widget-spacer\" data-id=\"a01d6a9\" data-element_type=\"widget\" data-e-type=\"widget\" data-widget_type=\"spacer.default\">\n\t\t\t\t<div class=\"elementor-widget-container\">\n\t\t\t\t\t\t\t<div class=\"elementor-spacer\">\n\t\t\t<div class=\"elementor-spacer-inner\"><\/div>\n\t\t<\/div>\n\t\t\t\t\t\t<\/div>\n\t\t\t\t<\/div>\n\t\t\t\t\t<\/div>\n\t\t<\/div>\n\t\t\t\t\t<\/div>\n\t\t<\/section>\n\t\t\t\t<\/div>\n\t\t","protected":false},"excerpt":{"rendered":"<p>Informationen zu Cookies Was sind Cookies? Ein \u201eCookie\u201c ist eine Textdatei, die auf dem Computer des Nutzers gespeichert wird, wenn dieser auf eine Website zugreift. Das Cookie soll so jedes Mal, wenn der Nutzer zu dieser Website zur\u00fcckkehrt, Informationen liefern. Es ist eine Art Notizzettel f\u00fcr die besuchte Internetpr\u00e4senz. Mit dem Cookie sendet der Webserver [&hellip;]<\/p>\n","protected":false},"author":1,"featured_media":4472,"parent":0,"menu_order":999,"comment_status":"closed","ping_status":"closed","template":"","meta":{"_acf_changed":false,"footnotes":""},"class_list":["post-8923","page","type-page","status-publish","has-post-thumbnail","hentry"],"acf":[],"yoast_head":"<!-- This site is optimized with the Yoast SEO plugin v27.1.1 - https:\/\/yoast.com\/product\/yoast-seo-wordpress\/ -->\n<title>Cookies policy - BAIA DOMIZIA Camping Village<\/title>\n<meta name=\"description\" content=\"Informationen zu Cookies Was sind Cookies? Ein \u201eCookie\u201c ist eine Textdatei, die auf dem Computer des Nutzers gespeichert wird, wenn dieser auf eine\" \/>\n<meta name=\"robots\" content=\"index, follow, max-snippet:-1, max-image-preview:large, max-video-preview:-1\" \/>\n<link rel=\"canonical\" href=\"https:\/\/www.baiadomizia.it\/de\/cookies-policy\/\" \/>\n<meta property=\"og:locale\" content=\"de_DE\" \/>\n<meta property=\"og:type\" content=\"article\" \/>\n<meta property=\"og:title\" content=\"Cookies policy - BAIA DOMIZIA Camping Village\" \/>\n<meta property=\"og:description\" content=\"Informationen zu Cookies Was sind Cookies? Ein \u201eCookie\u201c ist eine Textdatei, die auf dem Computer des Nutzers gespeichert wird, wenn dieser auf eine\" \/>\n<meta property=\"og:url\" content=\"https:\/\/www.baiadomizia.it\/de\/cookies-policy\/\" \/>\n<meta property=\"og:site_name\" content=\"BAIA DOMIZIA Camping Village\" \/>\n<meta property=\"article:modified_time\" content=\"2021-11-25T13:41:18+00:00\" \/>\n<meta property=\"og:image\" content=\"https:\/\/www.baiadomizia.it\/wp-content\/uploads\/2020\/12\/baia-domizia-bungalow-1.jpg\" \/>\n\t<meta property=\"og:image:width\" content=\"1920\" \/>\n\t<meta property=\"og:image:height\" content=\"1282\" \/>\n\t<meta property=\"og:image:type\" content=\"image\/jpeg\" \/>\n<meta name=\"twitter:card\" content=\"summary_large_image\" \/>\n<meta name=\"twitter:label1\" content=\"Gesch\u00e4tzte Lesezeit\" \/>\n\t<meta name=\"twitter:data1\" content=\"6\u00a0Minuten\" \/>\n<script type=\"application\/ld+json\" class=\"yoast-schema-graph\">{\"@context\":\"https:\/\/schema.org\",\"@graph\":[{\"@type\":\"WebPage\",\"@id\":\"https:\/\/www.baiadomizia.it\/de\/cookies-policy\/\",\"url\":\"https:\/\/www.baiadomizia.it\/de\/cookies-policy\/\",\"name\":\"Cookies policy - BAIA DOMIZIA Camping Village\",\"isPartOf\":{\"@id\":\"https:\/\/www.baiadomizia.it\/de\/#website\"},\"primaryImageOfPage\":{\"@id\":\"https:\/\/www.baiadomizia.it\/de\/cookies-policy\/#primaryimage\"},\"image\":{\"@id\":\"https:\/\/www.baiadomizia.it\/de\/cookies-policy\/#primaryimage\"},\"thumbnailUrl\":\"https:\/\/www.baiadomizia.it\/wp-content\/uploads\/2020\/12\/baia-domizia-bungalow-1.jpg\",\"datePublished\":\"2021-11-25T13:34:46+00:00\",\"dateModified\":\"2021-11-25T13:41:18+00:00\",\"description\":\"Informationen zu Cookies Was sind Cookies? Ein \u201eCookie\u201c ist eine Textdatei, die auf dem Computer des Nutzers gespeichert wird, wenn dieser auf eine\",\"breadcrumb\":{\"@id\":\"https:\/\/www.baiadomizia.it\/de\/cookies-policy\/#breadcrumb\"},\"inLanguage\":\"de\",\"potentialAction\":[{\"@type\":\"ReadAction\",\"target\":[\"https:\/\/www.baiadomizia.it\/de\/cookies-policy\/\"]}]},{\"@type\":\"ImageObject\",\"inLanguage\":\"de\",\"@id\":\"https:\/\/www.baiadomizia.it\/de\/cookies-policy\/#primaryimage\",\"url\":\"https:\/\/www.baiadomizia.it\/wp-content\/uploads\/2020\/12\/baia-domizia-bungalow-1.jpg\",\"contentUrl\":\"https:\/\/www.baiadomizia.it\/wp-content\/uploads\/2020\/12\/baia-domizia-bungalow-1.jpg\",\"width\":1920,\"height\":1282},{\"@type\":\"BreadcrumbList\",\"@id\":\"https:\/\/www.baiadomizia.it\/de\/cookies-policy\/#breadcrumb\",\"itemListElement\":[{\"@type\":\"ListItem\",\"position\":1,\"name\":\"Home\",\"item\":\"https:\/\/www.baiadomizia.it\/de\/\"},{\"@type\":\"ListItem\",\"position\":2,\"name\":\"Cookies policy\"}]},{\"@type\":\"WebSite\",\"@id\":\"https:\/\/www.baiadomizia.it\/de\/#website\",\"url\":\"https:\/\/www.baiadomizia.it\/de\/\",\"name\":\"BAIA DOMIZIA Camping Village\",\"description\":\"Das Tor zum S\u00fcden\",\"publisher\":{\"@id\":\"https:\/\/www.baiadomizia.it\/de\/#organization\"},\"potentialAction\":[{\"@type\":\"SearchAction\",\"target\":{\"@type\":\"EntryPoint\",\"urlTemplate\":\"https:\/\/www.baiadomizia.it\/de\/?s={search_term_string}\"},\"query-input\":{\"@type\":\"PropertyValueSpecification\",\"valueRequired\":true,\"valueName\":\"search_term_string\"}}],\"inLanguage\":\"de\"},{\"@type\":\"Organization\",\"@id\":\"https:\/\/www.baiadomizia.it\/de\/#organization\",\"name\":\"BAIA DOMIZIA Camping Village\",\"url\":\"https:\/\/www.baiadomizia.it\/de\/\",\"logo\":{\"@type\":\"ImageObject\",\"inLanguage\":\"de\",\"@id\":\"https:\/\/www.baiadomizia.it\/de\/#\/schema\/logo\/image\/\",\"url\":\"https:\/\/www.baiadomizia.it\/wp-content\/uploads\/2020\/12\/logo-Baia-RGB.png\",\"contentUrl\":\"https:\/\/www.baiadomizia.it\/wp-content\/uploads\/2020\/12\/logo-Baia-RGB.png\",\"width\":1010,\"height\":512,\"caption\":\"BAIA DOMIZIA Camping Village\"},\"image\":{\"@id\":\"https:\/\/www.baiadomizia.it\/de\/#\/schema\/logo\/image\/\"}}]}<\/script>\n<!-- \/ Yoast SEO plugin. -->","yoast_head_json":{"title":"Cookies policy - BAIA DOMIZIA Camping Village","description":"Informationen zu Cookies Was sind Cookies? Ein \u201eCookie\u201c ist eine Textdatei, die auf dem Computer des Nutzers gespeichert wird, wenn dieser auf eine","robots":{"index":"index","follow":"follow","max-snippet":"max-snippet:-1","max-image-preview":"max-image-preview:large","max-video-preview":"max-video-preview:-1"},"canonical":"https:\/\/www.baiadomizia.it\/de\/cookies-policy\/","og_locale":"de_DE","og_type":"article","og_title":"Cookies policy - BAIA DOMIZIA Camping Village","og_description":"Informationen zu Cookies Was sind Cookies? Ein \u201eCookie\u201c ist eine Textdatei, die auf dem Computer des Nutzers gespeichert wird, wenn dieser auf eine","og_url":"https:\/\/www.baiadomizia.it\/de\/cookies-policy\/","og_site_name":"BAIA DOMIZIA Camping Village","article_modified_time":"2021-11-25T13:41:18+00:00","og_image":[{"width":1920,"height":1282,"url":"https:\/\/www.baiadomizia.it\/wp-content\/uploads\/2020\/12\/baia-domizia-bungalow-1.jpg","type":"image\/jpeg"}],"twitter_card":"summary_large_image","twitter_misc":{"Gesch\u00e4tzte Lesezeit":"6\u00a0Minuten"},"schema":{"@context":"https:\/\/schema.org","@graph":[{"@type":"WebPage","@id":"https:\/\/www.baiadomizia.it\/de\/cookies-policy\/","url":"https:\/\/www.baiadomizia.it\/de\/cookies-policy\/","name":"Cookies policy - BAIA DOMIZIA Camping Village","isPartOf":{"@id":"https:\/\/www.baiadomizia.it\/de\/#website"},"primaryImageOfPage":{"@id":"https:\/\/www.baiadomizia.it\/de\/cookies-policy\/#primaryimage"},"image":{"@id":"https:\/\/www.baiadomizia.it\/de\/cookies-policy\/#primaryimage"},"thumbnailUrl":"https:\/\/www.baiadomizia.it\/wp-content\/uploads\/2020\/12\/baia-domizia-bungalow-1.jpg","datePublished":"2021-11-25T13:34:46+00:00","dateModified":"2021-11-25T13:41:18+00:00","description":"Informationen zu Cookies Was sind Cookies? Ein \u201eCookie\u201c ist eine Textdatei, die auf dem Computer des Nutzers gespeichert wird, wenn dieser auf eine","breadcrumb":{"@id":"https:\/\/www.baiadomizia.it\/de\/cookies-policy\/#breadcrumb"},"inLanguage":"de","potentialAction":[{"@type":"ReadAction","target":["https:\/\/www.baiadomizia.it\/de\/cookies-policy\/"]}]},{"@type":"ImageObject","inLanguage":"de","@id":"https:\/\/www.baiadomizia.it\/de\/cookies-policy\/#primaryimage","url":"https:\/\/www.baiadomizia.it\/wp-content\/uploads\/2020\/12\/baia-domizia-bungalow-1.jpg","contentUrl":"https:\/\/www.baiadomizia.it\/wp-content\/uploads\/2020\/12\/baia-domizia-bungalow-1.jpg","width":1920,"height":1282},{"@type":"BreadcrumbList","@id":"https:\/\/www.baiadomizia.it\/de\/cookies-policy\/#breadcrumb","itemListElement":[{"@type":"ListItem","position":1,"name":"Home","item":"https:\/\/www.baiadomizia.it\/de\/"},{"@type":"ListItem","position":2,"name":"Cookies policy"}]},{"@type":"WebSite","@id":"https:\/\/www.baiadomizia.it\/de\/#website","url":"https:\/\/www.baiadomizia.it\/de\/","name":"BAIA DOMIZIA Camping Village","description":"Das Tor zum S\u00fcden","publisher":{"@id":"https:\/\/www.baiadomizia.it\/de\/#organization"},"potentialAction":[{"@type":"SearchAction","target":{"@type":"EntryPoint","urlTemplate":"https:\/\/www.baiadomizia.it\/de\/?s={search_term_string}"},"query-input":{"@type":"PropertyValueSpecification","valueRequired":true,"valueName":"search_term_string"}}],"inLanguage":"de"},{"@type":"Organization","@id":"https:\/\/www.baiadomizia.it\/de\/#organization","name":"BAIA DOMIZIA Camping Village","url":"https:\/\/www.baiadomizia.it\/de\/","logo":{"@type":"ImageObject","inLanguage":"de","@id":"https:\/\/www.baiadomizia.it\/de\/#\/schema\/logo\/image\/","url":"https:\/\/www.baiadomizia.it\/wp-content\/uploads\/2020\/12\/logo-Baia-RGB.png","contentUrl":"https:\/\/www.baiadomizia.it\/wp-content\/uploads\/2020\/12\/logo-Baia-RGB.png","width":1010,"height":512,"caption":"BAIA DOMIZIA Camping Village"},"image":{"@id":"https:\/\/www.baiadomizia.it\/de\/#\/schema\/logo\/image\/"}}]}},"_links":{"self":[{"href":"https:\/\/www.baiadomizia.it\/de\/wp-json\/wp\/v2\/pages\/8923","targetHints":{"allow":["GET"]}}],"collection":[{"href":"https:\/\/www.baiadomizia.it\/de\/wp-json\/wp\/v2\/pages"}],"about":[{"href":"https:\/\/www.baiadomizia.it\/de\/wp-json\/wp\/v2\/types\/page"}],"author":[{"embeddable":true,"href":"https:\/\/www.baiadomizia.it\/de\/wp-json\/wp\/v2\/users\/1"}],"replies":[{"embeddable":true,"href":"https:\/\/www.baiadomizia.it\/de\/wp-json\/wp\/v2\/comments?post=8923"}],"version-history":[{"count":0,"href":"https:\/\/www.baiadomizia.it\/de\/wp-json\/wp\/v2\/pages\/8923\/revisions"}],"wp:featuredmedia":[{"embeddable":true,"href":"https:\/\/www.baiadomizia.it\/de\/wp-json\/wp\/v2\/media\/4472"}],"wp:attachment":[{"href":"https:\/\/www.baiadomizia.it\/de\/wp-json\/wp\/v2\/media?parent=8923"}],"curies":[{"name":"wp","href":"https:\/\/api.w.org\/{rel}","templated":true}]}}