{"id":8911,"date":"2021-11-25T14:22:45","date_gmt":"2021-11-25T13:22:45","guid":{"rendered":"https:\/\/baiadomizia.attivamultimedia.com\/privacy-policy\/"},"modified":"2021-11-25T14:22:45","modified_gmt":"2021-11-25T13:22:45","slug":"privacy-policy","status":"publish","type":"page","link":"https:\/\/www.baiadomizia.it\/de\/privacy-policy\/","title":{"rendered":"Privacy Policy"},"content":{"rendered":"\t\t<div data-elementor-type=\"wp-page\" data-elementor-id=\"8911\" class=\"elementor elementor-8911 elementor-3\" data-elementor-post-type=\"page\">\n\t\t\t\t\t\t<section class=\"elementor-section elementor-top-section elementor-element elementor-element-1efaf20 elementor-section-boxed elementor-section-height-default elementor-section-height-default\" data-id=\"1efaf20\" data-element_type=\"section\" data-e-type=\"section\">\n\t\t\t\t\t\t<div class=\"elementor-container elementor-column-gap-wider\">\n\t\t\t\t\t<div class=\"elementor-column elementor-col-100 elementor-top-column elementor-element elementor-element-0d939df\" data-id=\"0d939df\" data-element_type=\"column\" data-e-type=\"column\">\n\t\t\t<div class=\"elementor-widget-wrap elementor-element-populated\">\n\t\t\t\t\t\t<div class=\"elementor-element elementor-element-059c614 elementor-widget elementor-widget-spacer\" data-id=\"059c614\" data-element_type=\"widget\" data-e-type=\"widget\" data-widget_type=\"spacer.default\">\n\t\t\t\t<div class=\"elementor-widget-container\">\n\t\t\t\t\t\t\t<div class=\"elementor-spacer\">\n\t\t\t<div class=\"elementor-spacer-inner\"><\/div>\n\t\t<\/div>\n\t\t\t\t\t\t<\/div>\n\t\t\t\t<\/div>\n\t\t\t\t<div class=\"elementor-element elementor-element-7596b27 elementor-widget elementor-widget-heading\" data-id=\"7596b27\" data-element_type=\"widget\" data-e-type=\"widget\" data-widget_type=\"heading.default\">\n\t\t\t\t<div class=\"elementor-widget-container\">\n\t\t\t\t\t<h2 class=\"elementor-heading-title elementor-size-default\">DATENSCHUTZHINWEISE ZUR VERARBEITUNG PERSONENBEZOGENER DATEN<\/h2>\t\t\t\t<\/div>\n\t\t\t\t<\/div>\n\t\t\t\t<div class=\"elementor-element elementor-element-b9bcc8d elementor-widget elementor-widget-text-editor\" data-id=\"b9bcc8d\" data-element_type=\"widget\" data-e-type=\"widget\" data-widget_type=\"text-editor.default\">\n\t\t\t\t<div class=\"elementor-widget-container\">\n\t\t\t\t\t\t\t\t\t<p>Gem\u00e4\u00df Art. 13 der EU-Verordnung 679\/2016 m\u00f6chten wir Ihnen mitteilen, dass die von Ihnen durch die Registrierung auf der Website www.baiadomizia.it (im Folgenden die \u201eWebsite\u201c)\u00a0 mitgeteilten Daten von PIETRE BIANCHE S.r.l., der verantwortlichen Stelle f\u00fcr die Verarbeitung, in Einhaltung der festgelegten Grunds\u00e4tze zum Schutz der personenbezogenen Daten genutzt werden.<\/p>\n<p>&nbsp;<\/p>\n<p><strong>MODALIT\u00c4TEN UND ZWECK DER DATENVERARBEITUNG<\/strong><\/p>\n<p>1. Wir teilen Ihnen mit, dass die Daten mithilfe folgender Mittel verarbeitet werden:<\/p>\n<ul>\n<li>Gemischt \u2013 elektronisch und in Papierform<\/li>\n<\/ul>\n<p>zu folgenden Zwecken:<\/p>\n<ul>\n<li>Tourismus und Erholung<\/li>\n<li>Erstellung, Druck, Kuvertierung und Versand der Rechnungen<\/li>\n<li>Personalmanagement<\/li>\n<li>Kundenmanagement (Vertr\u00e4ge, Bestellungen, Versand und Rechnungen)<\/li>\n<li>Buchung von Dienstleistungen<\/li>\n<li>Erhebungen zur Kundenzufriedenheit<\/li>\n<\/ul>\n<p>Vorbehaltlich der ausdr\u00fccklichen Verweigerung seitens des Betroffenen werden die Benutzerdaten auch f\u00fcr folgende Zwecke verarbeitet:<\/p>\n<ol style=\"list-style-type: lower-alpha;\">\n<li>Versand von Angeboten und Gesch\u00e4ftskommunikation \u00fcber E-Mail, SMS oder Fax durch PIETRE BIANCHE S.r.l. und Partnerunternehmen;<\/li>\n<li>Marktforschung und statistische Untersuchungen, Marketing und Verweise auf Werbemitteilungen (Presse, Radio, Fernsehen, Internet etc.), Produktvorlieben;<\/li>\n<\/ol>\n<p>Sollte die Einwilligung zur Datenverarbeitung verweigert werden, f\u00fchrt dies dazu, dass der Benutzer die geforderte Dienstleistung nicht nutzen kann.<\/p>\n<p>&nbsp;<\/p>\n<p><strong>RECHTLICHE GRUNDLAGEN<\/strong><\/p>\n<p>2. Die Offenlegung der Daten ist aufgrund der gesetzlichen und vertraglichen Pflichten obligatorisch. Sollte sie ganz oder teilweise verweigert werden, kann dies zur Folge haben, dass die geforderten Dienstleistungen nicht erbracht werden k\u00f6nnen.<\/p>\n<p>Das Unternehmen verarbeitet die freiwillig angegebenen Daten der Nutzer auf der Grundlage ihrer Einwilligung bzw. \u00fcber die ausdr\u00fcckliche Annahme der vorliegenden Datenschutzhinweise und in Bezug auf die im Folgenden beschriebenen Modalit\u00e4ten und Zwecke.<\/p>\n<p>&nbsp;<\/p>\n<p><strong>EMPF\u00c4NGERKATEGORIEN<\/strong><\/p>\n<p>3. Vorbehaltlich der in Erf\u00fcllung der gesetzlichen und vertraglichen Pflichten erfolgten Mitteilungen d\u00fcrfen alle erhobenen und verarbeiteten Daten ausschlie\u00dflich zu den oben genannten Zwecken an befugte interne Personen und interne und externe Beauftragte weitergegeben werden. F\u00fcr die Verwaltung Ihrer Daten sind die befugten Personen und\/oder internen und externen Beauftragten schriftlich benannt und beauftragt worden, und ihnen wurden spezifische schriftliche Instruktionen bez\u00fcglich der Datenverarbeitung erteilt. Informationen zu den befugten Personen k\u00f6nnen unter info@baiadomizia.it angefordert werden.<\/p>\n<p>&nbsp;<\/p>\n<p><strong>INFORMATIKSYSTEME<\/strong><\/p>\n<p>4. In ihrer Funktion als verantwortliche Stelle f\u00fcr die Datenverarbeitung speichert das Unternehmen die mitgeteilten personenbezogenen Daten auf einem speziellen Server, der sich in Italien am Gesch\u00e4ftssitz von PIETRE BIANCHE S.r.l. befindet. Die Datenbank ist nur den Personen zug\u00e4nglich, die \u00fcber spezielle Verfahren zur Gew\u00e4hrleistung von Schutz und Vertraulichkeit der Daten befugt werden. Dazu werden Sicherheitsma\u00dfnahmen angewendet, die zur Vermeidung von Datenverlusten, unerlaubter oder fehlerhafter Nutzung und nicht befugter Zugriffe festgelegt wurden.<\/p>\n<p>&nbsp;<\/p>\n<p><strong>SPEICHERDAUER<\/strong><\/p>\n<p>5. Die f\u00fcr Vertrags- und Buchhaltungszwecke obligatorischen Daten werden so lange gespeichert, wie es f\u00fcr die Gesch\u00e4fts- und Buchhaltungsbeziehungen erforderlich ist.<\/p>\n<p>Die Daten der Personen, die keine Produkte\/Dienstleistungen kaufen oder nutzen, werden &#8211; auch wenn sie zuvor Kontakt mit den Vertretern des Unternehmens hatten &#8211; umgehend gel\u00f6scht oder in anonymisierter Form verarbeitet, soweit ihre Speicherung nicht durch andere Gr\u00fcnde gerechtfertigt wird, es sei denn, die Einwilligung der Betroffenen f\u00fcr nachfolgende Werbe- oder Marktforschungszwecke nach vorheriger Aufkl\u00e4rung rechtsg\u00fcltig erfolgt ist.<\/p>\n<p>F\u00fcr die Speicherdauer der Daten gilt Folgendes: Die Daten werden so lange verarbeitet, wie es f\u00fcr die Abwicklung des bestehenden Gesch\u00e4ftsverh\u00e4ltnisses erforderlich ist, und f\u00fcr die nachfolgenden zehn Jahre ab ihrer Erfassung.<\/p>\n<p>&nbsp;<\/p>\n<p><strong>RECHTE DES BETROFFENEN<\/strong><\/p>\n<p>6. Gem\u00e4\u00df EU-Verordnung 679\/2016 (DSGVO) und der nationalen Gesetzgebung kann der Betroffene gem\u00e4\u00df den Modalit\u00e4ten und innerhalb der Grenzen der geltenden Gesetzgebung folgende Rechte geltend machen:<\/p>\n<ul>\n<li>eine Best\u00e4tigung dar\u00fcber zu erhalten, ob ihn betreffende personenbezogene Daten vorliegen oder nicht (Recht auf Zugang);<\/li>\n<li>deren Herkunft zu erfahren;<\/li>\n<li>eine Mitteilung in verst\u00e4ndlicher Form zu erhalten;<\/li>\n<li>Informationen zu Logik, Modalit\u00e4ten und Zwecken der Verarbeitung zu erhalten;<\/li>\n<li>die Aktualisierung, Korrektur, Erg\u00e4nzung, L\u00f6schung, Umwandlung in anonyme Daten oder die Sperrung der ungesetzlich verarbeiteten Daten einschlie\u00dflich jener Daten, die nicht mehr zur Verfolgung der Zwecke, f\u00fcr die sie erhoben wurden, ben\u00f6tigt werden, zu fordern;<\/li>\n<li>das Recht auf Beschr\u00e4nkung und\/oder Widerspruch gegen die Verarbeitung der Daten, die ihn betreffen;<\/li>\n<li>das Recht auf Widerruf;<\/li>\n<li>das Recht auf Daten\u00fcbertragbarkeit;<\/li>\n<li>im Falle einer Verarbeitung, die auf Einwilligung basiert, seine der verantwortlichen Stelle mitgeteilten Daten in strukturierter Form, die von einem Datenverarbeitungsger\u00e4t gelesen werden kann, und in einem \u00fcblicherweise von elektronischen Ger\u00e4ten genutzten Format zu erhalten;<\/li>\n<li>das Recht, Beschwerde bei einer Aufsichtsbeh\u00f6rde einzureichen.<\/li>\n<\/ul>\n<p>7. Die verantwortliche Stelle f\u00fcr die Verarbeitung Ihrer personenbezogenen Daten ist PIETRE BIANCHE S.r.l.,-IdNr. 00160910618<\/p>\n<ul>\n<li>E-Mail: <a href=\"mailto:info@baiadomizia.it\">info@baiadomizia.it<\/a><\/li>\n<li>Telefon: 0823930164<\/li>\n<\/ul>\n\t\t\t\t\t\t\t\t<\/div>\n\t\t\t\t<\/div>\n\t\t\t\t<div class=\"elementor-element elementor-element-917c8bf elementor-widget elementor-widget-spacer\" data-id=\"917c8bf\" data-element_type=\"widget\" data-e-type=\"widget\" data-widget_type=\"spacer.default\">\n\t\t\t\t<div class=\"elementor-widget-container\">\n\t\t\t\t\t\t\t<div class=\"elementor-spacer\">\n\t\t\t<div class=\"elementor-spacer-inner\"><\/div>\n\t\t<\/div>\n\t\t\t\t\t\t<\/div>\n\t\t\t\t<\/div>\n\t\t\t\t\t<\/div>\n\t\t<\/div>\n\t\t\t\t\t<\/div>\n\t\t<\/section>\n\t\t\t\t<\/div>\n\t\t","protected":false},"excerpt":{"rendered":"<p>DATENSCHUTZHINWEISE ZUR VERARBEITUNG PERSONENBEZOGENER DATEN Gem\u00e4\u00df Art. 13 der EU-Verordnung 679\/2016 m\u00f6chten wir Ihnen mitteilen, dass die von Ihnen durch die Registrierung auf der Website www.baiadomizia.it (im Folgenden die \u201eWebsite\u201c)\u00a0 mitgeteilten Daten von PIETRE BIANCHE S.r.l., der verantwortlichen Stelle f\u00fcr die Verarbeitung, in Einhaltung der festgelegten Grunds\u00e4tze zum Schutz der personenbezogenen Daten genutzt werden. &nbsp; [&hellip;]<\/p>\n","protected":false},"author":1,"featured_media":4472,"parent":0,"menu_order":999,"comment_status":"closed","ping_status":"closed","template":"","meta":{"_acf_changed":false,"footnotes":""},"class_list":["post-8911","page","type-page","status-publish","has-post-thumbnail","hentry"],"acf":[],"yoast_head":"<!-- This site is optimized with the Yoast SEO plugin v27.1.1 - https:\/\/yoast.com\/product\/yoast-seo-wordpress\/ -->\n<title>Privacy Policy - BAIA DOMIZIA Camping Village<\/title>\n<meta name=\"description\" content=\"DATENSCHUTZHINWEISE ZUR VERARBEITUNG PERSONENBEZOGENER DATEN Gem\u00e4\u00df Art. 13 der EU-Verordnung 679\/2016 m\u00f6chten wir Ihnen mitteilen, dass die von Ihnen\" \/>\n<meta name=\"robots\" content=\"index, follow, max-snippet:-1, max-image-preview:large, max-video-preview:-1\" \/>\n<link rel=\"canonical\" href=\"https:\/\/www.baiadomizia.it\/de\/privacy-policy\/\" \/>\n<meta property=\"og:locale\" content=\"de_DE\" \/>\n<meta property=\"og:type\" content=\"article\" \/>\n<meta property=\"og:title\" content=\"Privacy Policy - BAIA DOMIZIA Camping Village\" \/>\n<meta property=\"og:description\" content=\"DATENSCHUTZHINWEISE ZUR VERARBEITUNG PERSONENBEZOGENER DATEN Gem\u00e4\u00df Art. 13 der EU-Verordnung 679\/2016 m\u00f6chten wir Ihnen mitteilen, dass die von Ihnen\" \/>\n<meta property=\"og:url\" content=\"https:\/\/www.baiadomizia.it\/de\/privacy-policy\/\" \/>\n<meta property=\"og:site_name\" content=\"BAIA DOMIZIA Camping Village\" \/>\n<meta property=\"og:image\" content=\"https:\/\/www.baiadomizia.it\/wp-content\/uploads\/2020\/12\/baia-domizia-bungalow-1.jpg\" \/>\n\t<meta property=\"og:image:width\" content=\"1920\" \/>\n\t<meta property=\"og:image:height\" content=\"1282\" \/>\n\t<meta property=\"og:image:type\" content=\"image\/jpeg\" \/>\n<meta name=\"twitter:card\" content=\"summary_large_image\" \/>\n<meta name=\"twitter:label1\" content=\"Gesch\u00e4tzte Lesezeit\" \/>\n\t<meta name=\"twitter:data1\" content=\"4\u00a0Minuten\" \/>\n<script type=\"application\/ld+json\" class=\"yoast-schema-graph\">{\"@context\":\"https:\/\/schema.org\",\"@graph\":[{\"@type\":\"WebPage\",\"@id\":\"https:\/\/www.baiadomizia.it\/de\/privacy-policy\/\",\"url\":\"https:\/\/www.baiadomizia.it\/de\/privacy-policy\/\",\"name\":\"Privacy Policy - BAIA DOMIZIA Camping Village\",\"isPartOf\":{\"@id\":\"https:\/\/www.baiadomizia.it\/de\/#website\"},\"primaryImageOfPage\":{\"@id\":\"https:\/\/www.baiadomizia.it\/de\/privacy-policy\/#primaryimage\"},\"image\":{\"@id\":\"https:\/\/www.baiadomizia.it\/de\/privacy-policy\/#primaryimage\"},\"thumbnailUrl\":\"https:\/\/www.baiadomizia.it\/wp-content\/uploads\/2020\/12\/baia-domizia-bungalow-1.jpg\",\"datePublished\":\"2021-11-25T13:22:45+00:00\",\"description\":\"DATENSCHUTZHINWEISE ZUR VERARBEITUNG PERSONENBEZOGENER DATEN Gem\u00e4\u00df Art. 13 der EU-Verordnung 679\/2016 m\u00f6chten wir Ihnen mitteilen, dass die von Ihnen\",\"breadcrumb\":{\"@id\":\"https:\/\/www.baiadomizia.it\/de\/privacy-policy\/#breadcrumb\"},\"inLanguage\":\"de\",\"potentialAction\":[{\"@type\":\"ReadAction\",\"target\":[\"https:\/\/www.baiadomizia.it\/de\/privacy-policy\/\"]}]},{\"@type\":\"ImageObject\",\"inLanguage\":\"de\",\"@id\":\"https:\/\/www.baiadomizia.it\/de\/privacy-policy\/#primaryimage\",\"url\":\"https:\/\/www.baiadomizia.it\/wp-content\/uploads\/2020\/12\/baia-domizia-bungalow-1.jpg\",\"contentUrl\":\"https:\/\/www.baiadomizia.it\/wp-content\/uploads\/2020\/12\/baia-domizia-bungalow-1.jpg\",\"width\":1920,\"height\":1282},{\"@type\":\"BreadcrumbList\",\"@id\":\"https:\/\/www.baiadomizia.it\/de\/privacy-policy\/#breadcrumb\",\"itemListElement\":[{\"@type\":\"ListItem\",\"position\":1,\"name\":\"Home\",\"item\":\"https:\/\/www.baiadomizia.it\/de\/\"},{\"@type\":\"ListItem\",\"position\":2,\"name\":\"Privacy Policy\"}]},{\"@type\":\"WebSite\",\"@id\":\"https:\/\/www.baiadomizia.it\/de\/#website\",\"url\":\"https:\/\/www.baiadomizia.it\/de\/\",\"name\":\"BAIA DOMIZIA Camping Village\",\"description\":\"Das Tor zum S\u00fcden\",\"publisher\":{\"@id\":\"https:\/\/www.baiadomizia.it\/de\/#organization\"},\"potentialAction\":[{\"@type\":\"SearchAction\",\"target\":{\"@type\":\"EntryPoint\",\"urlTemplate\":\"https:\/\/www.baiadomizia.it\/de\/?s={search_term_string}\"},\"query-input\":{\"@type\":\"PropertyValueSpecification\",\"valueRequired\":true,\"valueName\":\"search_term_string\"}}],\"inLanguage\":\"de\"},{\"@type\":\"Organization\",\"@id\":\"https:\/\/www.baiadomizia.it\/de\/#organization\",\"name\":\"BAIA DOMIZIA Camping Village\",\"url\":\"https:\/\/www.baiadomizia.it\/de\/\",\"logo\":{\"@type\":\"ImageObject\",\"inLanguage\":\"de\",\"@id\":\"https:\/\/www.baiadomizia.it\/de\/#\/schema\/logo\/image\/\",\"url\":\"https:\/\/www.baiadomizia.it\/wp-content\/uploads\/2020\/12\/logo-Baia-RGB.png\",\"contentUrl\":\"https:\/\/www.baiadomizia.it\/wp-content\/uploads\/2020\/12\/logo-Baia-RGB.png\",\"width\":1010,\"height\":512,\"caption\":\"BAIA DOMIZIA Camping Village\"},\"image\":{\"@id\":\"https:\/\/www.baiadomizia.it\/de\/#\/schema\/logo\/image\/\"}}]}<\/script>\n<!-- \/ Yoast SEO plugin. -->","yoast_head_json":{"title":"Privacy Policy - BAIA DOMIZIA Camping Village","description":"DATENSCHUTZHINWEISE ZUR VERARBEITUNG PERSONENBEZOGENER DATEN Gem\u00e4\u00df Art. 13 der EU-Verordnung 679\/2016 m\u00f6chten wir Ihnen mitteilen, dass die von Ihnen","robots":{"index":"index","follow":"follow","max-snippet":"max-snippet:-1","max-image-preview":"max-image-preview:large","max-video-preview":"max-video-preview:-1"},"canonical":"https:\/\/www.baiadomizia.it\/de\/privacy-policy\/","og_locale":"de_DE","og_type":"article","og_title":"Privacy Policy - BAIA DOMIZIA Camping Village","og_description":"DATENSCHUTZHINWEISE ZUR VERARBEITUNG PERSONENBEZOGENER DATEN Gem\u00e4\u00df Art. 13 der EU-Verordnung 679\/2016 m\u00f6chten wir Ihnen mitteilen, dass die von Ihnen","og_url":"https:\/\/www.baiadomizia.it\/de\/privacy-policy\/","og_site_name":"BAIA DOMIZIA Camping Village","og_image":[{"width":1920,"height":1282,"url":"https:\/\/www.baiadomizia.it\/wp-content\/uploads\/2020\/12\/baia-domizia-bungalow-1.jpg","type":"image\/jpeg"}],"twitter_card":"summary_large_image","twitter_misc":{"Gesch\u00e4tzte Lesezeit":"4\u00a0Minuten"},"schema":{"@context":"https:\/\/schema.org","@graph":[{"@type":"WebPage","@id":"https:\/\/www.baiadomizia.it\/de\/privacy-policy\/","url":"https:\/\/www.baiadomizia.it\/de\/privacy-policy\/","name":"Privacy Policy - BAIA DOMIZIA Camping Village","isPartOf":{"@id":"https:\/\/www.baiadomizia.it\/de\/#website"},"primaryImageOfPage":{"@id":"https:\/\/www.baiadomizia.it\/de\/privacy-policy\/#primaryimage"},"image":{"@id":"https:\/\/www.baiadomizia.it\/de\/privacy-policy\/#primaryimage"},"thumbnailUrl":"https:\/\/www.baiadomizia.it\/wp-content\/uploads\/2020\/12\/baia-domizia-bungalow-1.jpg","datePublished":"2021-11-25T13:22:45+00:00","description":"DATENSCHUTZHINWEISE ZUR VERARBEITUNG PERSONENBEZOGENER DATEN Gem\u00e4\u00df Art. 13 der EU-Verordnung 679\/2016 m\u00f6chten wir Ihnen mitteilen, dass die von Ihnen","breadcrumb":{"@id":"https:\/\/www.baiadomizia.it\/de\/privacy-policy\/#breadcrumb"},"inLanguage":"de","potentialAction":[{"@type":"ReadAction","target":["https:\/\/www.baiadomizia.it\/de\/privacy-policy\/"]}]},{"@type":"ImageObject","inLanguage":"de","@id":"https:\/\/www.baiadomizia.it\/de\/privacy-policy\/#primaryimage","url":"https:\/\/www.baiadomizia.it\/wp-content\/uploads\/2020\/12\/baia-domizia-bungalow-1.jpg","contentUrl":"https:\/\/www.baiadomizia.it\/wp-content\/uploads\/2020\/12\/baia-domizia-bungalow-1.jpg","width":1920,"height":1282},{"@type":"BreadcrumbList","@id":"https:\/\/www.baiadomizia.it\/de\/privacy-policy\/#breadcrumb","itemListElement":[{"@type":"ListItem","position":1,"name":"Home","item":"https:\/\/www.baiadomizia.it\/de\/"},{"@type":"ListItem","position":2,"name":"Privacy Policy"}]},{"@type":"WebSite","@id":"https:\/\/www.baiadomizia.it\/de\/#website","url":"https:\/\/www.baiadomizia.it\/de\/","name":"BAIA DOMIZIA Camping Village","description":"Das Tor zum S\u00fcden","publisher":{"@id":"https:\/\/www.baiadomizia.it\/de\/#organization"},"potentialAction":[{"@type":"SearchAction","target":{"@type":"EntryPoint","urlTemplate":"https:\/\/www.baiadomizia.it\/de\/?s={search_term_string}"},"query-input":{"@type":"PropertyValueSpecification","valueRequired":true,"valueName":"search_term_string"}}],"inLanguage":"de"},{"@type":"Organization","@id":"https:\/\/www.baiadomizia.it\/de\/#organization","name":"BAIA DOMIZIA Camping Village","url":"https:\/\/www.baiadomizia.it\/de\/","logo":{"@type":"ImageObject","inLanguage":"de","@id":"https:\/\/www.baiadomizia.it\/de\/#\/schema\/logo\/image\/","url":"https:\/\/www.baiadomizia.it\/wp-content\/uploads\/2020\/12\/logo-Baia-RGB.png","contentUrl":"https:\/\/www.baiadomizia.it\/wp-content\/uploads\/2020\/12\/logo-Baia-RGB.png","width":1010,"height":512,"caption":"BAIA DOMIZIA Camping Village"},"image":{"@id":"https:\/\/www.baiadomizia.it\/de\/#\/schema\/logo\/image\/"}}]}},"_links":{"self":[{"href":"https:\/\/www.baiadomizia.it\/de\/wp-json\/wp\/v2\/pages\/8911","targetHints":{"allow":["GET"]}}],"collection":[{"href":"https:\/\/www.baiadomizia.it\/de\/wp-json\/wp\/v2\/pages"}],"about":[{"href":"https:\/\/www.baiadomizia.it\/de\/wp-json\/wp\/v2\/types\/page"}],"author":[{"embeddable":true,"href":"https:\/\/www.baiadomizia.it\/de\/wp-json\/wp\/v2\/users\/1"}],"replies":[{"embeddable":true,"href":"https:\/\/www.baiadomizia.it\/de\/wp-json\/wp\/v2\/comments?post=8911"}],"version-history":[{"count":0,"href":"https:\/\/www.baiadomizia.it\/de\/wp-json\/wp\/v2\/pages\/8911\/revisions"}],"wp:featuredmedia":[{"embeddable":true,"href":"https:\/\/www.baiadomizia.it\/de\/wp-json\/wp\/v2\/media\/4472"}],"wp:attachment":[{"href":"https:\/\/www.baiadomizia.it\/de\/wp-json\/wp\/v2\/media?parent=8911"}],"curies":[{"name":"wp","href":"https:\/\/api.w.org\/{rel}","templated":true}]}}