{"id":5907,"date":"2021-04-23T10:32:49","date_gmt":"2021-04-23T10:32:49","guid":{"rendered":"https:\/\/baiadomizia.attivamultimedia.com\/allgemeine-geschaeftsbedingungen\/"},"modified":"2021-11-29T17:48:22","modified_gmt":"2021-11-29T16:48:22","slug":"allgemeine-geschaeftsbedingungen","status":"publish","type":"page","link":"https:\/\/www.baiadomizia.it\/de\/preisliste\/allgemeine-geschaeftsbedingungen\/","title":{"rendered":"Allgemeine Gesch\u00e4ftsbedingungen"},"content":{"rendered":"\t\t<div data-elementor-type=\"wp-page\" data-elementor-id=\"5907\" class=\"elementor elementor-5907 elementor-2313\" data-elementor-post-type=\"page\">\n\t\t\t\t\t\t<section class=\"elementor-section elementor-top-section elementor-element elementor-element-8d00b00 elementor-section-boxed elementor-section-height-default elementor-section-height-default\" data-id=\"8d00b00\" data-element_type=\"section\" data-e-type=\"section\">\n\t\t\t\t\t\t<div class=\"elementor-container elementor-column-gap-wider\">\n\t\t\t\t\t<div class=\"elementor-column elementor-col-100 elementor-top-column elementor-element elementor-element-558e1e6\" data-id=\"558e1e6\" data-element_type=\"column\" data-e-type=\"column\">\n\t\t\t<div class=\"elementor-widget-wrap elementor-element-populated\">\n\t\t\t\t\t\t<div class=\"elementor-element elementor-element-f477f37 elementor-widget elementor-widget-breadcrumbs\" data-id=\"f477f37\" data-element_type=\"widget\" data-e-type=\"widget\" data-widget_type=\"breadcrumbs.default\">\n\t\t\t\t<div class=\"elementor-widget-container\">\n\t\t\t\t\t<p id=\"breadcrumbs\"><span><span><a href=\"https:\/\/www.baiadomizia.it\/de\/\">Home<\/a><\/span><\/span><\/p>\t\t\t\t<\/div>\n\t\t\t\t<\/div>\n\t\t\t\t<div class=\"elementor-element elementor-element-97b3cc9 elementor-widget elementor-widget-shortcode\" data-id=\"97b3cc9\" data-element_type=\"widget\" data-e-type=\"widget\" data-widget_type=\"shortcode.default\">\n\t\t\t\t<div class=\"elementor-widget-container\">\n\t\t\t\t\t\t\t<div class=\"elementor-shortcode\">\t\t<div data-elementor-type=\"section\" data-elementor-id=\"9131\" class=\"elementor elementor-9131 elementor-9046 elementor-9046\" data-elementor-post-type=\"elementor_library\">\n\t\t\t\t\t<section class=\"elementor-section elementor-top-section elementor-element elementor-element-487cbd8 elementor-section-boxed elementor-section-height-default elementor-section-height-default\" data-id=\"487cbd8\" data-element_type=\"section\" data-e-type=\"section\">\n\t\t\t\t\t\t<div class=\"elementor-container elementor-column-gap-no\">\n\t\t\t\t\t<div class=\"elementor-column elementor-col-100 elementor-top-column elementor-element elementor-element-7e84765 spacing-list\" data-id=\"7e84765\" data-element_type=\"column\" data-e-type=\"column\">\n\t\t\t<div class=\"elementor-widget-wrap elementor-element-populated\">\n\t\t\t\t\t\t<div class=\"elementor-element elementor-element-f88912b elementor-widget elementor-widget-heading\" data-id=\"f88912b\" data-element_type=\"widget\" data-e-type=\"widget\" data-widget_type=\"heading.default\">\n\t\t\t\t<div class=\"elementor-widget-container\">\n\t\t\t\t\t<h2 class=\"elementor-heading-title elementor-size-default\"> Allgemeine Gesch\u00e4ftsbedingungen<\/h2>\t\t\t\t<\/div>\n\t\t\t\t<\/div>\n\t\t\t\t<div class=\"elementor-element elementor-element-acc2f51 elementor-widget elementor-widget-text-editor\" data-id=\"acc2f51\" data-element_type=\"widget\" data-e-type=\"widget\" data-widget_type=\"text-editor.default\">\n\t\t\t\t<div class=\"elementor-widget-container\">\n\t\t\t\t\t\t\t\t\t<ol type=\"A\">\n<li>Der Animations- und Miniclub-Service ist vom 01.06 bis zum 06.09 verf\u00fcgbar.<br \/>\nAnimationsprogramm und Disco bis maximum 3:00 Uhr.<\/li>\n<li>Die \u00d6ffnung der Schwimmb\u00e4der ist vom 14.05 bis zum 21.09 garantiert. (\u00d6ffnungszeit 10 &#8211; 18 Uhr*).<br \/>\n* \u00d6ffnungszeiten k\u00f6nnen nach Ermessen der Leitung ge\u00e4ndert<br \/>\nwerden. Badekappenpflicht im Schwimmbad.<\/li>\n<li><strong>\u00d6FFNUNGSZEITEN DER KASSE<\/strong>: jeden Tag von 08:30 Uhr bis 12:00 Uhr und von 16:00 bis 19:00 Uhr. Zahlungen au\u00dferhalb der Kassenzeiten werden mit einem Aufpreis von \u20ac 20,00 berechnet.<\/li>\n<li>Bei der Zahlung m\u00fcssen Identifizierungsarmband, pers\u00f6nliche P\u00e4sse und der Autopass abgegeben werden. Die Nichtlieferung des Armbands oder einzelner Campingp\u00e4sse f\u00fchrt zur Zahlung von 50 \u20ac als Vertragsstrafe<\/li>\n<li><strong>Kontokorrentschecks werden nicht akzeptiert.<\/strong><\/li>\n<li>F\u00fcr Aufenthalte \u00fcber 10 Tage wird eine w\u00f6chentliche Zahlung verlangt.<\/li>\n<li>Die Gesellschaft ist f\u00fcr eventuelle Mehrwertsteuererh\u00f6hungen nicht verantwortlich.<\/li>\n<li>G\u00e4ste, die sich ohne ordnungsgem\u00e4\u00dfe Anmeldung in der Anlage aufhalten, unterliegen einer Strafgeb\u00fchr gem\u00e4\u00df der Verordnung.<\/li>\n<li>Es ist obligatorisch ein Identifikationsarmband zu tragen.<\/li>\n<li>Es ist verboten, im Dorf mit Motorr\u00e4dern, Elektrofahrr\u00e4der und Elektroroller zu fahren.<\/li>\n<\/ol>\n\t\t\t\t\t\t\t\t<\/div>\n\t\t\t\t<\/div>\n\t\t\t\t<div class=\"elementor-element elementor-element-b8aab9d elementor-widget elementor-widget-heading\" data-id=\"b8aab9d\" data-element_type=\"widget\" data-e-type=\"widget\" data-widget_type=\"heading.default\">\n\t\t\t\t<div class=\"elementor-widget-container\">\n\t\t\t\t\t<h2 class=\"elementor-heading-title elementor-size-default\">Campingplatz Bedingungen<\/h2>\t\t\t\t<\/div>\n\t\t\t\t<\/div>\n\t\t\t\t<div class=\"elementor-element elementor-element-b7e1274 elementor-widget elementor-widget-text-editor\" data-id=\"b7e1274\" data-element_type=\"widget\" data-e-type=\"widget\" data-widget_type=\"text-editor.default\">\n\t\t\t\t<div class=\"elementor-widget-container\">\n\t\t\t\t\t\t\t\t\t<ol type=\"A\">\n<li>Stellplatzreservierungen werden vorbehaltlich der Verf\u00fcgbarkeit akzeptiert (die Zuteilung der Stellpl\u00e4tze erfolgt nach Ermessen der Direktion).<\/li>\n<li>Die Preise sind Tagespreise unabh\u00e4ngig von der Anreiseuhrzeit; sie schlie\u00dfen Warm- und Kaltwasserverbrauch, elektrische Energie, Geb\u00fchren und Mehrwertsteuer ein (Kurtaxe nicht inbegriffen).<\/li>\n<li>Ein Stellplatz umfasst den Bereich f\u00fcr (Zelt\/Wohnwagen, Auto, Vorzelt) oder (Wohnmobil, Auto, Vorzelt). Zus\u00e4tzliche Ausstattungen, wie z. B. K\u00fcchenzelte, Pavillons oder \u00c4hnliches, d\u00fcrfen NUR UND AUSSCHLIESSLICH MIT VORHERIGER GENEHMIGUNG DER DIREKTION aufgestellt werden. Die Direktion beh\u00e4lt sich das Recht vor, solche Strukturen zu entfernen, wenn sie Hindernisse verursachen und\/oder den Aufenthalt auf benachbarten Parzellen beeintr\u00e4chtigen.<\/li>\n<li>Aus Respekt den anderen G\u00e4sten gegen\u00fcber und f\u00fcr den guten Ruf des Feriendorfs muss jeder w\u00e4hrend des gesamten Aufenthalts seinen Stellplatz sauber und ordentlich halten. Bei Nichteinhaltung beh\u00e4lt sich die Direktion das Recht vor, eine Reinigungsgeb\u00fchr von 50,00 \u20ac zu berechnen.<\/li>\n<li><strong>Ein Wechsel des Stellplatzes ist nur mit vorheriger Genehmigung der Direktion gestattet. <\/strong><\/li>\n<li>Die Anreise im Feriendorf mit eigener Struktur (Zelt, Wohnwagen, Wohnmobil) sind von 08:00 Uhr bis 22:00 Uhr zul\u00e4ssig; die Anreise von G\u00e4sten, die bereits eine Struktur im Feriendorf haben, sind immer zul\u00e4ssig (von Mitternacht bis 05:00 Uhr wird die Zahlung ab dem Tag zuvor in Rechnung gestellt).<\/li>\n<li>Am Abreisetag wird ein voller Tag berechnet, wenn der Stellplatz nach 10:00 Uhr verlassen wird.<\/li>\n<li>\u00a0In der Zeit vom 08.08 bis 16.08 ist der Mindestaufenthalt von 3 N\u00e4chten, auch f\u00fcr eventuelles anschliessen weiterer Personen. Zahlung bei der Ankunft.<\/li>\n<li><strong>SCHLEPPEN VON WOHNWAGEN<\/strong>: G\u00e4ste, die \u00fcber kein eigenes Fahrzeug verf\u00fcgen, k\u00f6nnen den \u201cWohnwagen Ein- und Ausfahrservice\u201d zu einem Kostenpreis von \u20ac 50,00 in Anspruch nehmen. Der Schleppservice nur f\u00fcr das Einfahren oder das Ausfahren oder der Stellplatzwechsel kostet \u20ac 30,00.<br \/>\n<strong>DAS SCHLEPPEN VON WOHNWAGEN DURCH DRITTE INNERHALB DES FERIENDORFES IST STRENGSTENS UNTERSAGT.<\/strong><\/li>\n<li><strong>ABSTELLEN VON WOHNWAGEN<\/strong>: W\u00e4hrend der Schlie\u00dfzeit des Campingplatzes, betr\u00e4gt der Monatspreis \u20ac 65,00.<\/li>\n<\/ol>\n\t\t\t\t\t\t\t\t<\/div>\n\t\t\t\t<\/div>\n\t\t\t\t<div class=\"elementor-element elementor-element-de836da elementor-widget elementor-widget-heading\" data-id=\"de836da\" data-element_type=\"widget\" data-e-type=\"widget\" data-widget_type=\"heading.default\">\n\t\t\t\t<div class=\"elementor-widget-container\">\n\t\t\t\t\t<h2 class=\"elementor-heading-title elementor-size-default\">Mietbedingungen<\/h2>\t\t\t\t<\/div>\n\t\t\t\t<\/div>\n\t\t\t\t<div class=\"elementor-element elementor-element-50ed9e7 elementor-widget elementor-widget-text-editor\" data-id=\"50ed9e7\" data-element_type=\"widget\" data-e-type=\"widget\" data-widget_type=\"text-editor.default\">\n\t\t\t\t<div class=\"elementor-widget-container\">\n\t\t\t\t\t\t\t\t\t<ol type=\"A\">\n<li>F\u00fcr Aufenthalte im <strong>UNTERK\u00dcNFTEN<\/strong> und <strong>STELLPL\u00c4TZE<\/strong> auf Anfrage ist die Buchung mit einer Anzahlung von 30% des Gesamtpreises Pflicht; die Anzahlung muss innerhalb und nicht sp\u00e4ter als 2 Tage ab Reservierung der gew\u00e4hlten Struktur erfolgen; anderfalls wird die Reservierung storniert.<strong> Der Restbetrag muss bei Anreise nach den Anmeldungformalit\u00e4ten erfolgen. Das Buchungsrecht betr\u00e4gt \u20ac 12 (wird nicht zur\u00fcckerstattet).<\/strong><\/li>\n<li>Versp\u00e4tete Anreise und vorzeitige Abreise sind der Direktion umgehend mitzuteilen; auch in diesen F\u00e4llen muss der ganze, gebuchte Zeitraum bezahlt werden. Nicht mitgeteilte Versp\u00e4tungen \u00fcber 12:00 Uhr am Tag nach dem geplanten Anreisedatum f\u00fchren zur Stornierung der Reservierung und zum Verlust der Anzahlung.<\/li>\n<li>Im Falle einer Stornierung kann die Anzahlung mit Ausnahme von \u20ac 40,00 f\u00fcr Sekretariat, Post- und\/ oder Bankkosten ganz zur\u00fcckerstattet werden, falls die entsprechende schriftliche Benachrichtigung mindestens 45 Tage vor Beginn des gebuchten Zeitraums im Feriendorf eingeht. In allen anderen F\u00e4llen erfolgt keine R\u00fcckerstattung der Anzahlung.<\/li>\n<li><strong>Die Direktion beh\u00e4lt sich das Recht vor, die Wohneinheiten und Stellpl\u00e4tze nach ihrem Ermessen zuzuteilen. <\/strong><\/li>\n<li>Es ist strengstens untersagt, innerhalb der Gr\u00fcnfl\u00e4chen, die den Unterk\u00fcnften vorbehalten sind, Zelte, Pavillons oder \u00e4hnliche Ausstattungen aufzustellen.<\/li>\n<li><strong>Obligatorischer Aufpreis f\u00fcr Endreinigung:<\/strong><br \/>\nApartament, Bungalow, Capri, Comfort, Deluxe, Escale, Gaeta, Ischia, Next 5, Next 6, Novy, Lodge Tent und Luxury Lodge Tent, \u20ac 50,00. Zimmer und Onda, \u20ac 20,00. Tabbert \u20ac 35,00.<\/li>\n<li><strong>Anreisen von 17:00 Uhr bis 22:00 Uhr und Abreisen bis 10:00 Uhr<\/strong>.<\/li>\n<li>Obligatorische Kaution \u20ac 100,00.<\/li>\n<li>Eventuelle Sch\u00e4den an der gemieteten Struktur und ihrer Einrichtung gehen zu Lasten des Kunden.<\/li>\n<li>Der Preis der Wohneinheiten schlie\u00dft ein: ein Autoparkplatz, kompletter Satz T\u00f6pfe und Geschirr, TV Sat im Apartament, Zimmer, Bungalow, Capri, Comfort, Deluxe, Escale, Gaeta, Ischia, Next 5, Next 6, Novy und Onda.<br \/>\nDecken und Kissen, Bettw\u00e4sche mit einem Wechsel pro Woche, Veranda oder Terrasse mit Einrichtung, Warmund Kaltwasser, elektrische Energie, Gas, Geb\u00fchren und Mehrwertsteuer (Kurtaxe nicht inbegriffen). <strong>Klimaanlage gegen Aufpreis, aktivierbar mit Prepaid-Karte (Restguthaben wird nicht erstattet).<\/strong><\/li>\n<li><strong>Es ist verboten Fahrzeuge an den Wohneinheiten und Stellpl\u00e4tzen aufzuladen<\/strong>.<\/li>\n<li><strong>LADEN VON ELEKTROAUTOS NUR AN DER DAF\u00dcR VORGESEHENEN LADESTATION.<\/strong><\/li>\n<\/ol>\n\t\t\t\t\t\t\t\t<\/div>\n\t\t\t\t<\/div>\n\t\t\t\t\t<\/div>\n\t\t<\/div>\n\t\t\t\t\t<\/div>\n\t\t<\/section>\n\t\t\t\t<\/div>\n\t\t<\/div>\n\t\t\t\t\t\t<\/div>\n\t\t\t\t<\/div>\n\t\t\t\t\t<\/div>\n\t\t<\/div>\n\t\t\t\t\t<\/div>\n\t\t<\/section>\n\t\t\t\t<\/div>\n\t\t","protected":false},"excerpt":{"rendered":"","protected":false},"author":2,"featured_media":4896,"parent":6694,"menu_order":3,"comment_status":"closed","ping_status":"closed","template":"","meta":{"_acf_changed":false,"footnotes":""},"class_list":["post-5907","page","type-page","status-publish","has-post-thumbnail","hentry"],"acf":[],"yoast_head":"<!-- This site is optimized with the Yoast SEO plugin v27.1.1 - https:\/\/yoast.com\/product\/yoast-seo-wordpress\/ -->\n<title>Allgemeine Gesch\u00e4ftsbedingungen - BAIA DOMIZIA Camping Village<\/title>\n<meta name=\"robots\" content=\"index, follow, max-snippet:-1, max-image-preview:large, max-video-preview:-1\" \/>\n<link rel=\"canonical\" href=\"https:\/\/www.baiadomizia.it\/de\/preisliste\/allgemeine-geschaeftsbedingungen\/\" \/>\n<meta property=\"og:locale\" content=\"de_DE\" \/>\n<meta property=\"og:type\" content=\"article\" \/>\n<meta property=\"og:title\" content=\"Allgemeine Gesch\u00e4ftsbedingungen - BAIA DOMIZIA Camping Village\" \/>\n<meta property=\"og:url\" content=\"https:\/\/www.baiadomizia.it\/de\/preisliste\/allgemeine-geschaeftsbedingungen\/\" \/>\n<meta property=\"og:site_name\" content=\"BAIA DOMIZIA Camping Village\" \/>\n<meta property=\"article:modified_time\" content=\"2021-11-29T16:48:22+00:00\" \/>\n<meta property=\"og:image\" content=\"https:\/\/www.baiadomizia.it\/wp-content\/uploads\/2021\/03\/camping-village-baia-domizia-varie-1.jpg\" \/>\n\t<meta property=\"og:image:width\" content=\"1920\" \/>\n\t<meta property=\"og:image:height\" content=\"1280\" \/>\n\t<meta property=\"og:image:type\" content=\"image\/jpeg\" \/>\n<meta name=\"twitter:card\" content=\"summary_large_image\" \/>\n<meta name=\"twitter:label1\" content=\"Gesch\u00e4tzte Lesezeit\" \/>\n\t<meta name=\"twitter:data1\" content=\"7\u00a0Minuten\" \/>\n<script type=\"application\/ld+json\" class=\"yoast-schema-graph\">{\"@context\":\"https:\/\/schema.org\",\"@graph\":[{\"@type\":\"WebPage\",\"@id\":\"https:\/\/www.baiadomizia.it\/de\/preisliste\/allgemeine-geschaeftsbedingungen\/\",\"url\":\"https:\/\/www.baiadomizia.it\/de\/preisliste\/allgemeine-geschaeftsbedingungen\/\",\"name\":\"Allgemeine Gesch\u00e4ftsbedingungen - BAIA DOMIZIA Camping Village\",\"isPartOf\":{\"@id\":\"https:\/\/www.baiadomizia.it\/de\/#website\"},\"primaryImageOfPage\":{\"@id\":\"https:\/\/www.baiadomizia.it\/de\/preisliste\/allgemeine-geschaeftsbedingungen\/#primaryimage\"},\"image\":{\"@id\":\"https:\/\/www.baiadomizia.it\/de\/preisliste\/allgemeine-geschaeftsbedingungen\/#primaryimage\"},\"thumbnailUrl\":\"https:\/\/www.baiadomizia.it\/wp-content\/uploads\/2021\/03\/camping-village-baia-domizia-varie-1.jpg\",\"datePublished\":\"2021-04-23T10:32:49+00:00\",\"dateModified\":\"2021-11-29T16:48:22+00:00\",\"breadcrumb\":{\"@id\":\"https:\/\/www.baiadomizia.it\/de\/preisliste\/allgemeine-geschaeftsbedingungen\/#breadcrumb\"},\"inLanguage\":\"de\",\"potentialAction\":[{\"@type\":\"ReadAction\",\"target\":[\"https:\/\/www.baiadomizia.it\/de\/preisliste\/allgemeine-geschaeftsbedingungen\/\"]}]},{\"@type\":\"ImageObject\",\"inLanguage\":\"de\",\"@id\":\"https:\/\/www.baiadomizia.it\/de\/preisliste\/allgemeine-geschaeftsbedingungen\/#primaryimage\",\"url\":\"https:\/\/www.baiadomizia.it\/wp-content\/uploads\/2021\/03\/camping-village-baia-domizia-varie-1.jpg\",\"contentUrl\":\"https:\/\/www.baiadomizia.it\/wp-content\/uploads\/2021\/03\/camping-village-baia-domizia-varie-1.jpg\",\"width\":1920,\"height\":1280},{\"@type\":\"BreadcrumbList\",\"@id\":\"https:\/\/www.baiadomizia.it\/de\/preisliste\/allgemeine-geschaeftsbedingungen\/#breadcrumb\",\"itemListElement\":[{\"@type\":\"ListItem\",\"position\":1,\"name\":\"Home\",\"item\":\"https:\/\/www.baiadomizia.it\/de\/\"},{\"@type\":\"ListItem\",\"position\":2,\"name\":\"Preisliste\",\"item\":\"https:\/\/www.baiadomizia.it\/de\/listino-prezzi\/\"},{\"@type\":\"ListItem\",\"position\":3,\"name\":\"Allgemeine Gesch\u00e4ftsbedingungen\"}]},{\"@type\":\"WebSite\",\"@id\":\"https:\/\/www.baiadomizia.it\/de\/#website\",\"url\":\"https:\/\/www.baiadomizia.it\/de\/\",\"name\":\"BAIA DOMIZIA Camping Village\",\"description\":\"Das Tor zum S\u00fcden\",\"publisher\":{\"@id\":\"https:\/\/www.baiadomizia.it\/de\/#organization\"},\"potentialAction\":[{\"@type\":\"SearchAction\",\"target\":{\"@type\":\"EntryPoint\",\"urlTemplate\":\"https:\/\/www.baiadomizia.it\/de\/?s={search_term_string}\"},\"query-input\":{\"@type\":\"PropertyValueSpecification\",\"valueRequired\":true,\"valueName\":\"search_term_string\"}}],\"inLanguage\":\"de\"},{\"@type\":\"Organization\",\"@id\":\"https:\/\/www.baiadomizia.it\/de\/#organization\",\"name\":\"BAIA DOMIZIA Camping Village\",\"url\":\"https:\/\/www.baiadomizia.it\/de\/\",\"logo\":{\"@type\":\"ImageObject\",\"inLanguage\":\"de\",\"@id\":\"https:\/\/www.baiadomizia.it\/de\/#\/schema\/logo\/image\/\",\"url\":\"https:\/\/www.baiadomizia.it\/wp-content\/uploads\/2020\/12\/logo-Baia-RGB.png\",\"contentUrl\":\"https:\/\/www.baiadomizia.it\/wp-content\/uploads\/2020\/12\/logo-Baia-RGB.png\",\"width\":1010,\"height\":512,\"caption\":\"BAIA DOMIZIA Camping Village\"},\"image\":{\"@id\":\"https:\/\/www.baiadomizia.it\/de\/#\/schema\/logo\/image\/\"}}]}<\/script>\n<!-- \/ Yoast SEO plugin. -->","yoast_head_json":{"title":"Allgemeine Gesch\u00e4ftsbedingungen - BAIA DOMIZIA Camping Village","robots":{"index":"index","follow":"follow","max-snippet":"max-snippet:-1","max-image-preview":"max-image-preview:large","max-video-preview":"max-video-preview:-1"},"canonical":"https:\/\/www.baiadomizia.it\/de\/preisliste\/allgemeine-geschaeftsbedingungen\/","og_locale":"de_DE","og_type":"article","og_title":"Allgemeine Gesch\u00e4ftsbedingungen - BAIA DOMIZIA Camping Village","og_url":"https:\/\/www.baiadomizia.it\/de\/preisliste\/allgemeine-geschaeftsbedingungen\/","og_site_name":"BAIA DOMIZIA Camping Village","article_modified_time":"2021-11-29T16:48:22+00:00","og_image":[{"width":1920,"height":1280,"url":"https:\/\/www.baiadomizia.it\/wp-content\/uploads\/2021\/03\/camping-village-baia-domizia-varie-1.jpg","type":"image\/jpeg"}],"twitter_card":"summary_large_image","twitter_misc":{"Gesch\u00e4tzte Lesezeit":"7\u00a0Minuten"},"schema":{"@context":"https:\/\/schema.org","@graph":[{"@type":"WebPage","@id":"https:\/\/www.baiadomizia.it\/de\/preisliste\/allgemeine-geschaeftsbedingungen\/","url":"https:\/\/www.baiadomizia.it\/de\/preisliste\/allgemeine-geschaeftsbedingungen\/","name":"Allgemeine Gesch\u00e4ftsbedingungen - BAIA DOMIZIA Camping Village","isPartOf":{"@id":"https:\/\/www.baiadomizia.it\/de\/#website"},"primaryImageOfPage":{"@id":"https:\/\/www.baiadomizia.it\/de\/preisliste\/allgemeine-geschaeftsbedingungen\/#primaryimage"},"image":{"@id":"https:\/\/www.baiadomizia.it\/de\/preisliste\/allgemeine-geschaeftsbedingungen\/#primaryimage"},"thumbnailUrl":"https:\/\/www.baiadomizia.it\/wp-content\/uploads\/2021\/03\/camping-village-baia-domizia-varie-1.jpg","datePublished":"2021-04-23T10:32:49+00:00","dateModified":"2021-11-29T16:48:22+00:00","breadcrumb":{"@id":"https:\/\/www.baiadomizia.it\/de\/preisliste\/allgemeine-geschaeftsbedingungen\/#breadcrumb"},"inLanguage":"de","potentialAction":[{"@type":"ReadAction","target":["https:\/\/www.baiadomizia.it\/de\/preisliste\/allgemeine-geschaeftsbedingungen\/"]}]},{"@type":"ImageObject","inLanguage":"de","@id":"https:\/\/www.baiadomizia.it\/de\/preisliste\/allgemeine-geschaeftsbedingungen\/#primaryimage","url":"https:\/\/www.baiadomizia.it\/wp-content\/uploads\/2021\/03\/camping-village-baia-domizia-varie-1.jpg","contentUrl":"https:\/\/www.baiadomizia.it\/wp-content\/uploads\/2021\/03\/camping-village-baia-domizia-varie-1.jpg","width":1920,"height":1280},{"@type":"BreadcrumbList","@id":"https:\/\/www.baiadomizia.it\/de\/preisliste\/allgemeine-geschaeftsbedingungen\/#breadcrumb","itemListElement":[{"@type":"ListItem","position":1,"name":"Home","item":"https:\/\/www.baiadomizia.it\/de\/"},{"@type":"ListItem","position":2,"name":"Preisliste","item":"https:\/\/www.baiadomizia.it\/de\/listino-prezzi\/"},{"@type":"ListItem","position":3,"name":"Allgemeine Gesch\u00e4ftsbedingungen"}]},{"@type":"WebSite","@id":"https:\/\/www.baiadomizia.it\/de\/#website","url":"https:\/\/www.baiadomizia.it\/de\/","name":"BAIA DOMIZIA Camping Village","description":"Das Tor zum S\u00fcden","publisher":{"@id":"https:\/\/www.baiadomizia.it\/de\/#organization"},"potentialAction":[{"@type":"SearchAction","target":{"@type":"EntryPoint","urlTemplate":"https:\/\/www.baiadomizia.it\/de\/?s={search_term_string}"},"query-input":{"@type":"PropertyValueSpecification","valueRequired":true,"valueName":"search_term_string"}}],"inLanguage":"de"},{"@type":"Organization","@id":"https:\/\/www.baiadomizia.it\/de\/#organization","name":"BAIA DOMIZIA Camping Village","url":"https:\/\/www.baiadomizia.it\/de\/","logo":{"@type":"ImageObject","inLanguage":"de","@id":"https:\/\/www.baiadomizia.it\/de\/#\/schema\/logo\/image\/","url":"https:\/\/www.baiadomizia.it\/wp-content\/uploads\/2020\/12\/logo-Baia-RGB.png","contentUrl":"https:\/\/www.baiadomizia.it\/wp-content\/uploads\/2020\/12\/logo-Baia-RGB.png","width":1010,"height":512,"caption":"BAIA DOMIZIA Camping Village"},"image":{"@id":"https:\/\/www.baiadomizia.it\/de\/#\/schema\/logo\/image\/"}}]}},"_links":{"self":[{"href":"https:\/\/www.baiadomizia.it\/de\/wp-json\/wp\/v2\/pages\/5907","targetHints":{"allow":["GET"]}}],"collection":[{"href":"https:\/\/www.baiadomizia.it\/de\/wp-json\/wp\/v2\/pages"}],"about":[{"href":"https:\/\/www.baiadomizia.it\/de\/wp-json\/wp\/v2\/types\/page"}],"author":[{"embeddable":true,"href":"https:\/\/www.baiadomizia.it\/de\/wp-json\/wp\/v2\/users\/2"}],"replies":[{"embeddable":true,"href":"https:\/\/www.baiadomizia.it\/de\/wp-json\/wp\/v2\/comments?post=5907"}],"version-history":[{"count":0,"href":"https:\/\/www.baiadomizia.it\/de\/wp-json\/wp\/v2\/pages\/5907\/revisions"}],"up":[{"embeddable":true,"href":"https:\/\/www.baiadomizia.it\/de\/wp-json\/wp\/v2\/pages\/6694"}],"wp:featuredmedia":[{"embeddable":true,"href":"https:\/\/www.baiadomizia.it\/de\/wp-json\/wp\/v2\/media\/4896"}],"wp:attachment":[{"href":"https:\/\/www.baiadomizia.it\/de\/wp-json\/wp\/v2\/media?parent=5907"}],"curies":[{"name":"wp","href":"https:\/\/api.w.org\/{rel}","templated":true}]}}