{"id":5733,"date":"2021-04-22T10:32:57","date_gmt":"2021-04-22T10:32:57","guid":{"rendered":"https:\/\/baiadomizia.attivamultimedia.com\/hausordnung\/"},"modified":"2025-05-20T17:10:17","modified_gmt":"2025-05-20T15:10:17","slug":"hausordnung","status":"publish","type":"page","link":"https:\/\/www.baiadomizia.it\/de\/baia-domizia\/hausordnung\/","title":{"rendered":"Hausordnung"},"content":{"rendered":"\t\t<div data-elementor-type=\"wp-page\" data-elementor-id=\"5733\" class=\"elementor elementor-5733 elementor-329\" data-elementor-post-type=\"page\">\n\t\t\t\t\t\t<section class=\"elementor-section elementor-top-section elementor-element elementor-element-926ce26 elementor-section-height-min-height elementor-section-items-stretch elementor-section-boxed elementor-section-height-default\" data-id=\"926ce26\" data-element_type=\"section\" data-e-type=\"section\" data-settings=\"{&quot;background_background&quot;:&quot;classic&quot;,&quot;background_motion_fx_motion_fx_scrolling&quot;:&quot;yes&quot;,&quot;background_motion_fx_translateY_effect&quot;:&quot;yes&quot;,&quot;background_motion_fx_translateY_speed&quot;:{&quot;unit&quot;:&quot;px&quot;,&quot;size&quot;:3,&quot;sizes&quot;:[]},&quot;background_motion_fx_translateY_affectedRange&quot;:{&quot;unit&quot;:&quot;%&quot;,&quot;size&quot;:&quot;&quot;,&quot;sizes&quot;:{&quot;start&quot;:0,&quot;end&quot;:100}},&quot;background_motion_fx_devices&quot;:[&quot;desktop&quot;,&quot;tablet&quot;,&quot;mobile&quot;]}\">\n\t\t\t\t\t\t<div class=\"elementor-container elementor-column-gap-wider\">\n\t\t\t\t\t<div class=\"elementor-column elementor-col-100 elementor-top-column elementor-element elementor-element-7fb4e25\" data-id=\"7fb4e25\" data-element_type=\"column\" data-e-type=\"column\" data-settings=\"{&quot;background_background&quot;:&quot;classic&quot;}\">\n\t\t\t<div class=\"elementor-widget-wrap elementor-element-populated\">\n\t\t\t\t\t\t<div class=\"elementor-element elementor-element-9528a56 elementor-widget elementor-widget-heading\" data-id=\"9528a56\" data-element_type=\"widget\" data-e-type=\"widget\" data-widget_type=\"heading.default\">\n\t\t\t\t<div class=\"elementor-widget-container\">\n\t\t\t\t\t<h4 class=\"elementor-heading-title elementor-size-default\"> \u2022 \u2022 \u2022 Camping Village Baia Domizia \u2022 \u2022 \u2022 <\/h4>\t\t\t\t<\/div>\n\t\t\t\t<\/div>\n\t\t\t\t<div class=\"elementor-element elementor-element-ba79c48 elementor-widget elementor-widget-text-editor\" data-id=\"ba79c48\" data-element_type=\"widget\" data-e-type=\"widget\" data-widget_type=\"text-editor.default\">\n\t\t\t\t<div class=\"elementor-widget-container\">\n\t\t\t\t\t\t\t\t\t<ol>\n<li><strong>Bei der Ankunft sind die verehrten G\u00e4ste gehalten, das Formular \u201c\u00d6ffentliche Sicherheit\u201d auszuf\u00fcllen und ein Personaldokument vorzuzeigen. Danach wird ein IDENTIFIZIERUNGSARMBAND und ein pers\u00f6nlicher PASS \u00fcbergeben<\/strong>, die zur Kontrolle dienen und jedes Mal wenn verlangt, vorgezeigt werden m\u00fcssen. PASS und ARMBAND m\u00fcssen obligatorisch bei der Abfahrt an der Kasse abgegeben werden. Die Direktion beh\u00e4lt es sich vor, strafrechtlich gegen jene vorzugehen, die sich ohne ordnungsgem\u00e4sse Eintragung, ARMBAND oder PASS im Feriendorf befinden.<\/li>\n<li><strong>Bei der Annahme muss die genaue Anzahl der Gruppenteilnehmer und die zu installierenden Ausr\u00fcstungen angegeben werden<\/strong>. Der Kunde wird gebeten, zu kontrollieren und eventuelle Ungenauigkeiten oder Variationen unverz\u00fcglich mitzuteilen. Ausr\u00fcstungen, die nicht angegeben worden sind, werden zu Kosten des Kunden unverz\u00fcglich entfernt.<\/li>\n<li><strong>Der zugeteilte Stellplatz kann ohne vorherige Genehmigung der Direktion nicht gewechselt werden<\/strong>.<\/li>\n<li><strong>Im Feriendorf sind Minderj\u00e4hrige nur zugelassen, wenn sie von ihren Eltern oder einem anderen Vollj\u00e4hrigen begleitet sind<\/strong>, der eine Haftungs\u00fcbernahmeerkl\u00e4rung f\u00fcr den Minderj\u00e4hrigen zu unterschreiben hat.<\/li>\n<li><strong>Die Erwachsenen werden gemeinsam mit den ihnen anvertrauten Minderj\u00e4hrigen f\u00fcr die Personen- oder Sachsch\u00e4den im Feriendorf verantwortlich sein<\/strong>, unter Vorbehalt der Haftbarkeit des Vollj\u00e4hrigen f\u00fcr die Tat. Auf jeden Fall m\u00fcssen die Erwachsenen gew\u00e4hrleisten, dass das Verhalten ihrer Kinder oder der ihnen anvertrauten Minderj\u00e4hrigen die Ruhe und Sicherheit der G\u00e4ste des Feriendorfs nicht st\u00f6rt.<\/li>\n<li><strong>Tagesbesucher und\/oder Tagesg\u00e4ste sind im Feriendorf nicht zul\u00e4ssig im August<\/strong>.<\/li>\n<li><strong>Tiere jeder Art sind im Feriendorf nicht zul\u00e4ssig<\/strong>.<\/li>\n<li>F\u00fcr die Sicherheit des Feriendorfs und seiner G\u00e4ste:<br \/>\n&#8211; <strong>m\u00fcssen f\u00fcr den elektrischen Anschluss an die Steckdosen feuerhemmende Kabel benutzt werden<\/strong>, die dem Gesetz entsprechen, und es ist sicher zu stellen, dass die Anlage an die Erdung des Feriendorfs angeschlossen ist;<br \/>\n&#8211; <strong>ist beim Gebrauch des Grills und von Campingkochern gr\u00f6\u00dfte Vorsicht geboten<\/strong>. Die Direktion beh\u00e4lt es sich vor, ihren Gebrauch unter besonderen Wetterbedingungen zu verbieten;<br \/>\n&#8211; <strong>darf mit Autos, Wohnmobilen, Wohnwagen, Motorr\u00e4dern und\/oder anderen Fahrzeugen nur bis zu einer H\u00f6chstgeschwindigkeit von 10 Km\/h<\/strong> und mit gr\u00f6\u00dfter Vorsicht gefahren werden; insbesondere sind die horizontalen und vertikalen Verkehrszeichen im Feriendorf zu beachten;<br \/>\n&#8211; d\u00fcrfen Autos und Motorr\u00e4der nur zum Ein-und Ausfahren aus dem Feriendorf benutzt werden.<\/li>\n<li><strong>Die Ruhe anderer darf nie gest\u00f6rt werden<\/strong>, insbesondere nicht in den Ruhezeiten der nacht von <strong>24:00 Uhr bis 07:00<\/strong>.<\/li>\n<li><strong>F\u00fcr ein gutes und heiteres Zusammenleben und den gegenseitigen Respekt wird darauf hingewiesen<\/strong>, dass: &#8211; Papier und M\u00fcll in die dazu bestimmten Beh\u00e4lter zu werfen sind; &#8211; W\u00e4sche und Geschirr in den dazu eingerichteten Bereichen gewaschen\/ gesp\u00fclt werden muss; &#8211; Brunnen, Hydranten und\/oder andere Wassergeber nicht f\u00fcr die pers\u00f6nliche Hygiene und\/oder die Reinigung von Gegenst\u00e4nden zu verwenden sind; &#8211; die Duschkabinen nur f\u00fcr die unbedingt notwendige Zeit belegt werden d\u00fcrfen; &#8211; die Toilettengruppen nach Gebrauch im best m\u00f6glichen Zustand zur\u00fcck zu lassen sind; &#8211; Autos, Wohnmobile, Wohnwagen, Motorr\u00e4der und\/oder andere Fahrzeuge nur an den dazu eingerichteten Orten gewaschen werden d\u00fcrfen.<\/li>\n<li>Die Direktion beh\u00e4lt es sich vor, die Wasserversorgung unter besonderen Bedingungen oder infolge von Verf\u00fcgungen der Beh\u00f6rden einzuschr\u00e4nken.<\/li>\n<li><strong>Es ist strengstens verboten<\/strong>: &#8211; Feuer im Feriendorf und an seinem Strand anzumachen; &#8211; von 21:00 Uhr bis 07:00 Uhr mit Fahrr\u00e4dern zu fahren; &#8211; von 24:00 Uhr bis 07:00 Uhr mit Kraftfahrzeugen zu fahren; &#8211; Fernseher, Radios und Musikinstrumente mit einer Lautst\u00e4rke zu verwenden, die f\u00fcr die Ruhe der Verehrten G\u00e4ste und des Feriendorfs allgemein st\u00f6rend sein kann; &#8211; L\u00f6cher zu graben, Umz\u00e4unungen anzubringen oder Seile in Mannsh\u00f6he zu ziehen; &#8211; Pflanzen, B\u00e4ume und Beete zu besch\u00e4digen.<\/li>\n<li>Die Verehrten G\u00e4ste werden freundlich gebeten, alle Anweisungen zu befolgen, die von der Direktion in besonderen Lagen gegeben werden.<\/li>\n<li><strong>Die Direktion des Feriendorfs \u00fcbernimmt keine Haftung f\u00fcr Personen- und\/oder Sachsch\u00e4den, die durch die Benutzung der den G\u00e4sten zur Verf\u00fcgung gestellten Ausr\u00fcstungen<\/strong> (wie z. B. Kinderspiele, Volleyballplatz, Schwimmb\u00e4der, fu\u00dfballspiel bis f\u00fcnf, usw.) verursacht werden; diese Benutzung erfolgt allein auf Risiko und Gefahr des Gastes. Ebenfalls \u00fcbernimmt die Direktion keine Haftung f\u00fcr Personen- und\/oder Sachsch\u00e4den, die durch Zufall, h\u00f6here Gewalt (nur als Beispiel, aber nicht nur: Hagel, Wind, Pinienzapfen gefallen, Regen, Windhosen, durch Dritte verschuldete Ereignisse) bzw. durch Tatsachen verursacht sind, die der Direktion und dem Personal des Feriendorfs nicht zuzuschreiben sind.<\/li>\n<li>Das Original der vorliegenden Verordnungen wird den G\u00e4sten ausgeh\u00e4ndigt; als Zeichen der Kenntnisnahme und Annahme des Inhalts werden die G\u00e4ste das Original unterschreiben, wogegen eine Kopie bei der Direktion bleibt. Das Personal ist berechtigt, die Verordnungen einhalten zu lassen, und die Direktion beh\u00e4lt es sich vor, die G\u00e4ste aus dem Feriendorf zu entfernen, die sich nicht an die Verordnungen halten.<\/li>\n<li><strong>Die Ordentlichkeit, die Sauberkeit und der einwandfreie Betrieb der Gemeinschaftsanlagen sind auch dem zivilen und respektvollen Verhalten der Verehrten G\u00e4ste anvertraut.<\/strong><\/li>\n<\/ol>\n\t\t\t\t\t\t\t\t<\/div>\n\t\t\t\t<\/div>\n\t\t\t\t<div class=\"elementor-element elementor-element-f15bf9e elementor-widget__width-initial elementor-widget-mobile__width-initial elementor-hidden-desktop elementor-hidden-tablet elementor-hidden-mobile elementor-cta--skin-classic elementor-animated-content elementor-widget elementor-widget-global elementor-global-5601 elementor-global-1468 elementor-widget-call-to-action\" data-id=\"f15bf9e\" data-element_type=\"widget\" data-e-type=\"widget\" data-widget_type=\"call-to-action.default\">\n\t\t\t\t<div class=\"elementor-widget-container\">\n\t\t\t\t\t\t\t<a class=\"elementor-cta\" href=\"https:\/\/www.baiadomizia.it\/de\/regolamento-baia-domizia\/\" target=\"_blank\">\n\t\t\t\t\t\t\t<div class=\"elementor-cta__content\">\n\t\t\t\t\t\t\t\t\t<div class=\"elementor-content-item elementor-cta__content-item elementor-icon-wrapper elementor-cta__icon elementor-view-default\">\n\t\t\t\t\t\t<div class=\"elementor-icon\">\n\t\t\t\t\t\t\t<svg xmlns=\"http:\/\/www.w3.org\/2000\/svg\" viewBox=\"0 0 56.19 62\"><g id=\"Livello_2\" data-name=\"Livello 2\"><g id=\"ico\"><g id=\"Raggruppa_80\" data-name=\"Raggruppa 80\"><path d=\"M36.33,16.76H8.07a1,1,0,0,1,0-2H36.33a1,1,0,1,1,0,2Z\"><\/path><path d=\"M39.92,62H4.47A4.48,4.48,0,0,1,0,57.53V10.94A1.5,1.5,0,0,1,.44,9.88L9.88.44A1.5,1.5,0,0,1,10.94,0h29A4.48,4.48,0,0,1,44.4,4.47v21.9a1,1,0,0,1-2,0V4.47A2.48,2.48,0,0,0,39.92,2H11.15L2,11.15V57.53A2.48,2.48,0,0,0,4.47,60H39.92a2.48,2.48,0,0,0,2.48-2.47V51.7a1,1,0,0,1,2,0v5.83A4.48,4.48,0,0,1,39.92,62ZM1.85,11.29h0ZM11.3,1.85Z\"><\/path><path d=\"M8.59,11.73H1a1,1,0,0,1,0-2H8.59A1.15,1.15,0,0,0,9.75,8.58V1a1,1,0,0,1,2,0V8.58A3.16,3.16,0,0,1,8.59,11.73Z\"><\/path><path d=\"M36.33,22H8.07a1,1,0,0,1,0-2H36.33a1,1,0,0,1,0,2Z\"><\/path><path d=\"M29.58,37.76H8.07a1,1,0,0,1,0-2H29.58a1,1,0,1,1,0,2Z\"><\/path><path d=\"M36.33,32.51H8.07a1,1,0,0,1,0-2H36.33a1,1,0,1,1,0,2Z\"><\/path><path d=\"M36.33,27.26H8.07a1,1,0,1,1,0-2H36.33a1,1,0,0,1,0,2Z\"><\/path><path d=\"M25.41,58.25a1,1,0,0,1-.69-.28,1,1,0,0,1-.3-.83l.87-8.06a1,1,0,0,1,.29-.59L46.49,27.57a4.49,4.49,0,0,1,6.36,0l2,2a4.5,4.5,0,0,1,0,6.35L34,56.87a.94.94,0,0,1-.57.28l-7.84,1.09Zm7.85-2.09h0Zm-6-6.51-.7,6.43,6.25-.86L53.47,34.54a2.5,2.5,0,0,0,0-3.53l-2-2a2.51,2.51,0,0,0-1.77-.73h0a2.48,2.48,0,0,0-1.76.73Z\"><\/path><path d=\"M35.47,55a1,1,0,0,1-.7-.29l-7-7a1,1,0,0,1,0-1.41,1,1,0,0,1,1.42,0l7,7a1,1,0,0,1,0,1.42A1,1,0,0,1,35.47,55Z\"><\/path><path d=\"M29.3,57.69a1,1,0,0,1-.71-.3l-3.45-3.45a1,1,0,1,1,1.41-1.41L30,56a1,1,0,0,1,0,1.41A1,1,0,0,1,29.3,57.69Z\"><\/path><path d=\"M32.73,47.86a1,1,0,0,1-.71-.3,1,1,0,0,1,0-1.41L43.68,34.49a1,1,0,0,1,1.42,0,1,1,0,0,1,0,1.41L33.43,47.56A1,1,0,0,1,32.73,47.86Z\"><\/path><path d=\"M51.59,38.83a1,1,0,0,1-.71-.29l-7-7a1,1,0,0,1,0-1.41,1,1,0,0,1,1.42,0l7,7a1,1,0,0,1,0,1.42A1,1,0,0,1,51.59,38.83Z\"><\/path><path d=\"M35.49,50.62a1,1,0,0,1-.7-.29,1,1,0,0,1,0-1.41L46.45,37.25a1,1,0,0,1,1.41,0,1,1,0,0,1,0,1.42L36.2,50.33A1,1,0,0,1,35.49,50.62Z\"><\/path><\/g><\/g><\/g><\/svg>\t\t\t\t\t\t<\/div>\n\t\t\t\t\t<\/div>\n\t\t\t\t\n\t\t\t\t\t\t\t\t\t<h6 class=\"elementor-cta__title elementor-cta__content-item elementor-content-item\">\n\t\t\t\t\t\tVerordnung\t\t\t\t\t<\/h6>\n\t\t\t\t\n\t\t\t\t\n\t\t\t\t\t\t\t\t\t<div class=\"elementor-cta__button-wrapper elementor-cta__content-item elementor-content-item \">\n\t\t\t\t\t<span class=\"elementor-cta__button elementor-button elementor-size-\">\n\t\t\t\t\t\tDownload PDF\t\t\t\t\t<\/span>\n\t\t\t\t\t<\/div>\n\t\t\t\t\t\t\t<\/div>\n\t\t\t\t\t\t<\/a>\n\t\t\t\t\t\t<\/div>\n\t\t\t\t<\/div>\n\t\t\t\t\t<\/div>\n\t\t<\/div>\n\t\t\t\t\t<\/div>\n\t\t<\/section>\n\t\t\t\t<\/div>\n\t\t","protected":false},"excerpt":{"rendered":"<p>Baia Domizia Camping Village<\/p>\n","protected":false},"author":2,"featured_media":4552,"parent":6316,"menu_order":40,"comment_status":"closed","ping_status":"closed","template":"","meta":{"_acf_changed":false,"footnotes":""},"class_list":["post-5733","page","type-page","status-publish","has-post-thumbnail","hentry"],"acf":[],"yoast_head":"<!-- This site is optimized with the Yoast SEO plugin v27.1.1 - https:\/\/yoast.com\/product\/yoast-seo-wordpress\/ -->\n<title>Camping Villaggio Vacanze BAIA DOMIZIA - Hausordnung<\/title>\n<meta name=\"description\" content=\"Die Bestimmungen des Baia Domizia Holiday Village Camping.\" \/>\n<meta name=\"robots\" content=\"index, follow, max-snippet:-1, max-image-preview:large, max-video-preview:-1\" \/>\n<link rel=\"canonical\" href=\"https:\/\/www.baiadomizia.it\/de\/baia-domizia\/hausordnung\/\" \/>\n<meta property=\"og:locale\" content=\"de_DE\" \/>\n<meta property=\"og:type\" content=\"article\" \/>\n<meta property=\"og:title\" content=\"Camping Villaggio Vacanze BAIA DOMIZIA - Hausordnung\" \/>\n<meta property=\"og:description\" content=\"Die Bestimmungen des Baia Domizia Holiday Village Camping.\" \/>\n<meta property=\"og:url\" content=\"https:\/\/www.baiadomizia.it\/de\/baia-domizia\/hausordnung\/\" \/>\n<meta property=\"og:site_name\" content=\"BAIA DOMIZIA Camping Village\" \/>\n<meta property=\"article:modified_time\" content=\"2025-05-20T15:10:17+00:00\" \/>\n<meta property=\"og:image\" content=\"https:\/\/www.baiadomizia.it\/wp-content\/uploads\/2020\/12\/Baia-Domizia.jpg\" \/>\n\t<meta property=\"og:image:width\" content=\"1920\" \/>\n\t<meta property=\"og:image:height\" content=\"1061\" \/>\n\t<meta property=\"og:image:type\" content=\"image\/jpeg\" \/>\n<meta name=\"twitter:card\" content=\"summary_large_image\" \/>\n<meta name=\"twitter:label1\" content=\"Gesch\u00e4tzte Lesezeit\" \/>\n\t<meta name=\"twitter:data1\" content=\"4\u00a0Minuten\" \/>\n<script type=\"application\/ld+json\" class=\"yoast-schema-graph\">{\"@context\":\"https:\/\/schema.org\",\"@graph\":[{\"@type\":\"WebPage\",\"@id\":\"https:\/\/www.baiadomizia.it\/de\/baia-domizia\/hausordnung\/\",\"url\":\"https:\/\/www.baiadomizia.it\/de\/baia-domizia\/hausordnung\/\",\"name\":\"Camping Villaggio Vacanze BAIA DOMIZIA - Hausordnung\",\"isPartOf\":{\"@id\":\"https:\/\/www.baiadomizia.it\/de\/#website\"},\"primaryImageOfPage\":{\"@id\":\"https:\/\/www.baiadomizia.it\/de\/baia-domizia\/hausordnung\/#primaryimage\"},\"image\":{\"@id\":\"https:\/\/www.baiadomizia.it\/de\/baia-domizia\/hausordnung\/#primaryimage\"},\"thumbnailUrl\":\"https:\/\/www.baiadomizia.it\/wp-content\/uploads\/2020\/12\/Baia-Domizia.jpg\",\"datePublished\":\"2021-04-22T10:32:57+00:00\",\"dateModified\":\"2025-05-20T15:10:17+00:00\",\"description\":\"Die Bestimmungen des Baia Domizia Holiday Village Camping.\",\"breadcrumb\":{\"@id\":\"https:\/\/www.baiadomizia.it\/de\/baia-domizia\/hausordnung\/#breadcrumb\"},\"inLanguage\":\"de\",\"potentialAction\":[{\"@type\":\"ReadAction\",\"target\":[\"https:\/\/www.baiadomizia.it\/de\/baia-domizia\/hausordnung\/\"]}]},{\"@type\":\"ImageObject\",\"inLanguage\":\"de\",\"@id\":\"https:\/\/www.baiadomizia.it\/de\/baia-domizia\/hausordnung\/#primaryimage\",\"url\":\"https:\/\/www.baiadomizia.it\/wp-content\/uploads\/2020\/12\/Baia-Domizia.jpg\",\"contentUrl\":\"https:\/\/www.baiadomizia.it\/wp-content\/uploads\/2020\/12\/Baia-Domizia.jpg\",\"width\":1920,\"height\":1061},{\"@type\":\"BreadcrumbList\",\"@id\":\"https:\/\/www.baiadomizia.it\/de\/baia-domizia\/hausordnung\/#breadcrumb\",\"itemListElement\":[{\"@type\":\"ListItem\",\"position\":1,\"name\":\"Home\",\"item\":\"https:\/\/www.baiadomizia.it\/de\/\"},{\"@type\":\"ListItem\",\"position\":2,\"name\":\"Baia Domizia\",\"item\":\"https:\/\/www.baiadomizia.it\/de\/baia-domizia\/\"},{\"@type\":\"ListItem\",\"position\":3,\"name\":\"Hausordnung\"}]},{\"@type\":\"WebSite\",\"@id\":\"https:\/\/www.baiadomizia.it\/de\/#website\",\"url\":\"https:\/\/www.baiadomizia.it\/de\/\",\"name\":\"BAIA DOMIZIA Camping Village\",\"description\":\"Das Tor zum S\u00fcden\",\"publisher\":{\"@id\":\"https:\/\/www.baiadomizia.it\/de\/#organization\"},\"potentialAction\":[{\"@type\":\"SearchAction\",\"target\":{\"@type\":\"EntryPoint\",\"urlTemplate\":\"https:\/\/www.baiadomizia.it\/de\/?s={search_term_string}\"},\"query-input\":{\"@type\":\"PropertyValueSpecification\",\"valueRequired\":true,\"valueName\":\"search_term_string\"}}],\"inLanguage\":\"de\"},{\"@type\":\"Organization\",\"@id\":\"https:\/\/www.baiadomizia.it\/de\/#organization\",\"name\":\"BAIA DOMIZIA Camping Village\",\"url\":\"https:\/\/www.baiadomizia.it\/de\/\",\"logo\":{\"@type\":\"ImageObject\",\"inLanguage\":\"de\",\"@id\":\"https:\/\/www.baiadomizia.it\/de\/#\/schema\/logo\/image\/\",\"url\":\"https:\/\/www.baiadomizia.it\/wp-content\/uploads\/2020\/12\/logo-Baia-RGB.png\",\"contentUrl\":\"https:\/\/www.baiadomizia.it\/wp-content\/uploads\/2020\/12\/logo-Baia-RGB.png\",\"width\":1010,\"height\":512,\"caption\":\"BAIA DOMIZIA Camping Village\"},\"image\":{\"@id\":\"https:\/\/www.baiadomizia.it\/de\/#\/schema\/logo\/image\/\"}}]}<\/script>\n<!-- \/ Yoast SEO plugin. -->","yoast_head_json":{"title":"Camping Villaggio Vacanze BAIA DOMIZIA - Hausordnung","description":"Die Bestimmungen des Baia Domizia Holiday Village Camping.","robots":{"index":"index","follow":"follow","max-snippet":"max-snippet:-1","max-image-preview":"max-image-preview:large","max-video-preview":"max-video-preview:-1"},"canonical":"https:\/\/www.baiadomizia.it\/de\/baia-domizia\/hausordnung\/","og_locale":"de_DE","og_type":"article","og_title":"Camping Villaggio Vacanze BAIA DOMIZIA - Hausordnung","og_description":"Die Bestimmungen des Baia Domizia Holiday Village Camping.","og_url":"https:\/\/www.baiadomizia.it\/de\/baia-domizia\/hausordnung\/","og_site_name":"BAIA DOMIZIA Camping Village","article_modified_time":"2025-05-20T15:10:17+00:00","og_image":[{"width":1920,"height":1061,"url":"https:\/\/www.baiadomizia.it\/wp-content\/uploads\/2020\/12\/Baia-Domizia.jpg","type":"image\/jpeg"}],"twitter_card":"summary_large_image","twitter_misc":{"Gesch\u00e4tzte Lesezeit":"4\u00a0Minuten"},"schema":{"@context":"https:\/\/schema.org","@graph":[{"@type":"WebPage","@id":"https:\/\/www.baiadomizia.it\/de\/baia-domizia\/hausordnung\/","url":"https:\/\/www.baiadomizia.it\/de\/baia-domizia\/hausordnung\/","name":"Camping Villaggio Vacanze BAIA DOMIZIA - Hausordnung","isPartOf":{"@id":"https:\/\/www.baiadomizia.it\/de\/#website"},"primaryImageOfPage":{"@id":"https:\/\/www.baiadomizia.it\/de\/baia-domizia\/hausordnung\/#primaryimage"},"image":{"@id":"https:\/\/www.baiadomizia.it\/de\/baia-domizia\/hausordnung\/#primaryimage"},"thumbnailUrl":"https:\/\/www.baiadomizia.it\/wp-content\/uploads\/2020\/12\/Baia-Domizia.jpg","datePublished":"2021-04-22T10:32:57+00:00","dateModified":"2025-05-20T15:10:17+00:00","description":"Die Bestimmungen des Baia Domizia Holiday Village Camping.","breadcrumb":{"@id":"https:\/\/www.baiadomizia.it\/de\/baia-domizia\/hausordnung\/#breadcrumb"},"inLanguage":"de","potentialAction":[{"@type":"ReadAction","target":["https:\/\/www.baiadomizia.it\/de\/baia-domizia\/hausordnung\/"]}]},{"@type":"ImageObject","inLanguage":"de","@id":"https:\/\/www.baiadomizia.it\/de\/baia-domizia\/hausordnung\/#primaryimage","url":"https:\/\/www.baiadomizia.it\/wp-content\/uploads\/2020\/12\/Baia-Domizia.jpg","contentUrl":"https:\/\/www.baiadomizia.it\/wp-content\/uploads\/2020\/12\/Baia-Domizia.jpg","width":1920,"height":1061},{"@type":"BreadcrumbList","@id":"https:\/\/www.baiadomizia.it\/de\/baia-domizia\/hausordnung\/#breadcrumb","itemListElement":[{"@type":"ListItem","position":1,"name":"Home","item":"https:\/\/www.baiadomizia.it\/de\/"},{"@type":"ListItem","position":2,"name":"Baia Domizia","item":"https:\/\/www.baiadomizia.it\/de\/baia-domizia\/"},{"@type":"ListItem","position":3,"name":"Hausordnung"}]},{"@type":"WebSite","@id":"https:\/\/www.baiadomizia.it\/de\/#website","url":"https:\/\/www.baiadomizia.it\/de\/","name":"BAIA DOMIZIA Camping Village","description":"Das Tor zum S\u00fcden","publisher":{"@id":"https:\/\/www.baiadomizia.it\/de\/#organization"},"potentialAction":[{"@type":"SearchAction","target":{"@type":"EntryPoint","urlTemplate":"https:\/\/www.baiadomizia.it\/de\/?s={search_term_string}"},"query-input":{"@type":"PropertyValueSpecification","valueRequired":true,"valueName":"search_term_string"}}],"inLanguage":"de"},{"@type":"Organization","@id":"https:\/\/www.baiadomizia.it\/de\/#organization","name":"BAIA DOMIZIA Camping Village","url":"https:\/\/www.baiadomizia.it\/de\/","logo":{"@type":"ImageObject","inLanguage":"de","@id":"https:\/\/www.baiadomizia.it\/de\/#\/schema\/logo\/image\/","url":"https:\/\/www.baiadomizia.it\/wp-content\/uploads\/2020\/12\/logo-Baia-RGB.png","contentUrl":"https:\/\/www.baiadomizia.it\/wp-content\/uploads\/2020\/12\/logo-Baia-RGB.png","width":1010,"height":512,"caption":"BAIA DOMIZIA Camping Village"},"image":{"@id":"https:\/\/www.baiadomizia.it\/de\/#\/schema\/logo\/image\/"}}]}},"_links":{"self":[{"href":"https:\/\/www.baiadomizia.it\/de\/wp-json\/wp\/v2\/pages\/5733","targetHints":{"allow":["GET"]}}],"collection":[{"href":"https:\/\/www.baiadomizia.it\/de\/wp-json\/wp\/v2\/pages"}],"about":[{"href":"https:\/\/www.baiadomizia.it\/de\/wp-json\/wp\/v2\/types\/page"}],"author":[{"embeddable":true,"href":"https:\/\/www.baiadomizia.it\/de\/wp-json\/wp\/v2\/users\/2"}],"replies":[{"embeddable":true,"href":"https:\/\/www.baiadomizia.it\/de\/wp-json\/wp\/v2\/comments?post=5733"}],"version-history":[{"count":2,"href":"https:\/\/www.baiadomizia.it\/de\/wp-json\/wp\/v2\/pages\/5733\/revisions"}],"predecessor-version":[{"id":29936,"href":"https:\/\/www.baiadomizia.it\/de\/wp-json\/wp\/v2\/pages\/5733\/revisions\/29936"}],"up":[{"embeddable":true,"href":"https:\/\/www.baiadomizia.it\/de\/wp-json\/wp\/v2\/pages\/6316"}],"wp:featuredmedia":[{"embeddable":true,"href":"https:\/\/www.baiadomizia.it\/de\/wp-json\/wp\/v2\/media\/4552"}],"wp:attachment":[{"href":"https:\/\/www.baiadomizia.it\/de\/wp-json\/wp\/v2\/media?parent=5733"}],"curies":[{"name":"wp","href":"https:\/\/api.w.org\/{rel}","templated":true}]}}